{"id":4859,"date":"2019-01-05T07:21:14","date_gmt":"2019-01-05T06:21:14","guid":{"rendered":"http:\/\/klubmamgdynia.pl\/index.php\/produkt\/mz-create-it-zestaw-galaxy-spa-i-relax-zabawka\/"},"modified":"2026-04-30T20:10:28","modified_gmt":"2026-04-30T18:10:28","slug":"mz-create-it-zestaw-galaxy-spa-i-relax-zabawka","status":"publish","type":"product","link":"http:\/\/klubmamgdynia.pl\/index.php\/produkt\/mz-create-it-zestaw-galaxy-spa-i-relax-zabawka\/","title":{"rendered":"M&amp;Z Create It! Zestaw Galaxy Spa I Relax &#8211; Zabawka"},"content":{"rendered":"<p>Zestaw sk\u0142ada si\u0119 z zapachowego spaghetti k\u0105pielowego w kolorze r\u00f3\u017cowym i fioletowym. R\u00f3\u017cowe i fioletowe sznureczki pachn\u0105 malinami.Kula do k\u0105pieli o zapachu bor\u00f3wek oraz kolorowe confetti o zapachu malin i marakui.nie nadaje si\u0119 do spo\u017cyciailo\u015b\u0107 element\u00f3w: 4Uwaga! Produkt nieodpowiedni dladzieci poni\u017cej 3 roku \u017cycia.<\/p>\n<h2>M&amp;Z Create It! Zestaw Galaxy Spa I Relax &#8211; Zabawka M&amp;Z<\/h2>\n<p>zagadki na inteligencj\u0119 z odpowiedziami, quizy \u015bwi\u0105teczne bo\u017ce narodzenie, znane misie z film\u00f3w animowanych, zabawy dla 7 latki, rainbow dash kolorowanka, macierzy\u0144stwo cytaty, cytaty o przyja\u017ani kr\u00f3tkie, prezent na roczek dziewczynka<\/p>\n<p>yyyyy<\/p>\n<p>&nbsp;<\/p>\n","protected":false},"excerpt":{"rendered":"<p>Zestaw sk\u0142ada si\u0119 z zapachowego spaghetti k\u0105pielowego w kolorze r\u00f3\u017cowym i fioletowym. R\u00f3\u017cowe i fioletowe sznureczki pachn\u0105 malinami.Kula do k\u0105pieli o zapachu bor\u00f3wek oraz kolorowe confetti o zapachu malin i marakui.nie nadaje si\u0119 do spo\u017cyciailo\u015b\u0107 element\u00f3w: 4Uwaga! Produkt nieodpowiedni dladzieci poni\u017cej 3 roku \u017cycia. M&amp;Z Create It! Zestaw Galaxy Spa I Relax &#8211; Zabawka M&amp;Z [&hellip;]<\/p>\n","protected":false},"featured_media":4860,"comment_status":"closed","ping_status":"open","template":"","meta":[],"product_cat":[53,1177],"product_tag":[700,673,753,730,634],"class_list":["post-4859","product","type-product","status-publish","has-post-thumbnail","hentry","product_cat-kaciki-zabaw","product_cat-mz","product_tag-bajki-do-czytania-dla-dzieci","product_tag-juz-blisko-koleda-tekst","product_tag-kamila","product_tag-karyna","product_tag-zagadki-wielkanocne-dla-dzieci"],"_links":{"self":[{"href":"http:\/\/klubmamgdynia.pl\/index.php\/wp-json\/wp\/v2\/product\/4859","targetHints":{"allow":["GET"]}}],"collection":[{"href":"http:\/\/klubmamgdynia.pl\/index.php\/wp-json\/wp\/v2\/product"}],"about":[{"href":"http:\/\/klubmamgdynia.pl\/index.php\/wp-json\/wp\/v2\/types\/product"}],"replies":[{"embeddable":true,"href":"http:\/\/klubmamgdynia.pl\/index.php\/wp-json\/wp\/v2\/comments?post=4859"}],"wp:featuredmedia":[{"embeddable":true,"href":"http:\/\/klubmamgdynia.pl\/index.php\/wp-json\/wp\/v2\/media\/4860"}],"wp:attachment":[{"href":"http:\/\/klubmamgdynia.pl\/index.php\/wp-json\/wp\/v2\/media?parent=4859"}],"wp:term":[{"taxonomy":"product_cat","embeddable":true,"href":"http:\/\/klubmamgdynia.pl\/index.php\/wp-json\/wp\/v2\/product_cat?post=4859"},{"taxonomy":"product_tag","embeddable":true,"href":"http:\/\/klubmamgdynia.pl\/index.php\/wp-json\/wp\/v2\/product_tag?post=4859"}],"curies":[{"name":"wp","href":"https:\/\/api.w.org\/{rel}","templated":true}]}}