{"id":4861,"date":"2012-09-25T05:06:50","date_gmt":"2012-09-25T03:06:50","guid":{"rendered":"http:\/\/klubmamgdynia.pl\/index.php\/produkt\/cybex-folia-przeciwdeszczowa-do-eezy-s\/"},"modified":"2026-05-17T22:39:17","modified_gmt":"2026-05-17T20:39:17","slug":"cybex-folia-przeciwdeszczowa-do-eezy-s","status":"publish","type":"product","link":"http:\/\/klubmamgdynia.pl\/index.php\/produkt\/cybex-folia-przeciwdeszczowa-do-eezy-s\/","title":{"rendered":"Cybex Folia Przeciwdeszczowa Do Eezy S"},"content":{"rendered":"<p>CYBEX &#8211; folia przeciwdeszczowa do w\u00f3zka Eezy S Doskonale dopasowana folia przeciwdeszczowa do w\u00f3zka Eezy S, przed\u0142u\u017cona tak aby zabezpieczy\u0107 r\u00f3wnie\u017c zawarto\u015b\u0107 kosza pod siedziskiem. Posiada otwierane okienko, dolne boczne kraw\u0119dzie nie przylegaj\u0105 szczelnie do w\u00f3zka,zapewniaj\u0105 wymian\u0119 powietrza.<\/p>\n<h2>Cybex Folia Przeciwdeszczowa Do Eezy S Cybex<\/h2>\n<p>milosc do dzieci, gry planszowe dla m\u0142odzie\u017cy, piosenka kiedy babcia by\u0142a ma\u0142a tekst, origami dla dzieci, niech \u017cyj\u0105 wakacje tekst, logiczne zagadki, miasto dzieci krak\u00f3w, niech \u017cyj\u0105 wakacje tekst, maska karnawa\u0142owa pdf, pia, hobbit, testy z lektury tajemniczy ogr\u00f3d, quiz o dinozaurach, audiobook dla dzieci za darmo<\/p>\n<p>yyyyy<\/p>\n<p>&nbsp;<\/p>\n","protected":false},"excerpt":{"rendered":"<p>CYBEX &#8211; folia przeciwdeszczowa do w\u00f3zka Eezy S Doskonale dopasowana folia przeciwdeszczowa do w\u00f3zka Eezy S, przed\u0142u\u017cona tak aby zabezpieczy\u0107 r\u00f3wnie\u017c zawarto\u015b\u0107 kosza pod siedziskiem. Posiada otwierane okienko, dolne boczne kraw\u0119dzie nie przylegaj\u0105 szczelnie do w\u00f3zka,zapewniaj\u0105 wymian\u0119 powietrza. Cybex Folia Przeciwdeszczowa Do Eezy S Cybex milosc do dzieci, gry planszowe dla m\u0142odzie\u017cy, piosenka kiedy babcia [&hellip;]<\/p>\n","protected":false},"featured_media":4862,"comment_status":"closed","ping_status":"open","template":"","meta":[],"product_cat":[127,34],"product_tag":[695,634,577],"class_list":["post-4861","product","type-product","status-publish","has-post-thumbnail","hentry","product_cat-akcesoria-do-wozkow","product_cat-cybex","product_tag-rzadkie-imiona-zenskie","product_tag-zagadki-wielkanocne-dla-dzieci","product_tag-znaki-drogowe-test"],"_links":{"self":[{"href":"http:\/\/klubmamgdynia.pl\/index.php\/wp-json\/wp\/v2\/product\/4861","targetHints":{"allow":["GET"]}}],"collection":[{"href":"http:\/\/klubmamgdynia.pl\/index.php\/wp-json\/wp\/v2\/product"}],"about":[{"href":"http:\/\/klubmamgdynia.pl\/index.php\/wp-json\/wp\/v2\/types\/product"}],"replies":[{"embeddable":true,"href":"http:\/\/klubmamgdynia.pl\/index.php\/wp-json\/wp\/v2\/comments?post=4861"}],"wp:featuredmedia":[{"embeddable":true,"href":"http:\/\/klubmamgdynia.pl\/index.php\/wp-json\/wp\/v2\/media\/4862"}],"wp:attachment":[{"href":"http:\/\/klubmamgdynia.pl\/index.php\/wp-json\/wp\/v2\/media?parent=4861"}],"wp:term":[{"taxonomy":"product_cat","embeddable":true,"href":"http:\/\/klubmamgdynia.pl\/index.php\/wp-json\/wp\/v2\/product_cat?post=4861"},{"taxonomy":"product_tag","embeddable":true,"href":"http:\/\/klubmamgdynia.pl\/index.php\/wp-json\/wp\/v2\/product_tag?post=4861"}],"curies":[{"name":"wp","href":"https:\/\/api.w.org\/{rel}","templated":true}]}}