{"id":4863,"date":"2025-04-05T10:54:06","date_gmt":"2025-04-05T08:54:06","guid":{"rendered":"http:\/\/klubmamgdynia.pl\/?post_type=product&#038;p=4863"},"modified":"2026-04-30T18:16:49","modified_gmt":"2026-04-30T16:16:49","slug":"cybex-yema-click-bezpieczne-ergonomiczne-nosidlo","status":"publish","type":"product","link":"http:\/\/klubmamgdynia.pl\/index.php\/produkt\/cybex-yema-click-bezpieczne-ergonomiczne-nosidlo\/","title":{"rendered":"Cybex Yema Click Bezpieczne Ergonomiczne Nosid\u0142o"},"content":{"rendered":"<h2>Cybex Yema Click Bezpieczne Ergonomiczne Nosid\u0142o Cybex<\/h2>\n<p>cytat o przyja\u017ani, cytat dla mamy, prezent na roczek nie zabawka, wierszyk o choince, zagadki dla 8 latk\u00f3w, sybilla, co kupi\u0107 nastolatce na urodziny, szlaczki, gabriela, rozalia imie, zagadka matematyczna, kwiaty polne nazwy, zagadki o wio\u015bnie dla dzieci, kolorowanki patriotyczne symbole narodowe kolorowanka, bycie mam\u0105 cytaty, \u015bmieszne \u0142ama\u0144ce j\u0119zykowe, atrakcje we wroc\u0142awiu dla dzieci<\/p>\n<p>yyyyy<\/p>\n<p>&nbsp;<\/p>\n","protected":false},"excerpt":{"rendered":"<p>Cybex Yema Click Bezpieczne Ergonomiczne Nosid\u0142o Cybex cytat o przyja\u017ani, cytat dla mamy, prezent na roczek nie zabawka, wierszyk o choince, zagadki dla 8 latk\u00f3w, sybilla, co kupi\u0107 nastolatce na urodziny, szlaczki, gabriela, rozalia imie, zagadka matematyczna, kwiaty polne nazwy, zagadki o wio\u015bnie dla dzieci, kolorowanki patriotyczne symbole narodowe kolorowanka, bycie mam\u0105 cytaty, \u015bmieszne \u0142ama\u0144ce [&hellip;]<\/p>\n","protected":false},"featured_media":4864,"comment_status":"closed","ping_status":"open","template":"","meta":[],"product_cat":[34,1104],"product_tag":[624,786,850,581],"class_list":["post-4863","product","type-product","status-publish","has-post-thumbnail","hentry","product_cat-cybex","product_cat-nosidelka-i-chusty","product_tag-krotkie-zagadki","product_tag-prezent-na-1-urodziny","product_tag-wroclaw-atrakcje-dla-dzieci","product_tag-zagadki-dla-8-latka"],"_links":{"self":[{"href":"http:\/\/klubmamgdynia.pl\/index.php\/wp-json\/wp\/v2\/product\/4863","targetHints":{"allow":["GET"]}}],"collection":[{"href":"http:\/\/klubmamgdynia.pl\/index.php\/wp-json\/wp\/v2\/product"}],"about":[{"href":"http:\/\/klubmamgdynia.pl\/index.php\/wp-json\/wp\/v2\/types\/product"}],"replies":[{"embeddable":true,"href":"http:\/\/klubmamgdynia.pl\/index.php\/wp-json\/wp\/v2\/comments?post=4863"}],"wp:featuredmedia":[{"embeddable":true,"href":"http:\/\/klubmamgdynia.pl\/index.php\/wp-json\/wp\/v2\/media\/4864"}],"wp:attachment":[{"href":"http:\/\/klubmamgdynia.pl\/index.php\/wp-json\/wp\/v2\/media?parent=4863"}],"wp:term":[{"taxonomy":"product_cat","embeddable":true,"href":"http:\/\/klubmamgdynia.pl\/index.php\/wp-json\/wp\/v2\/product_cat?post=4863"},{"taxonomy":"product_tag","embeddable":true,"href":"http:\/\/klubmamgdynia.pl\/index.php\/wp-json\/wp\/v2\/product_tag?post=4863"}],"curies":[{"name":"wp","href":"https:\/\/api.w.org\/{rel}","templated":true}]}}