{"id":4865,"date":"2011-01-08T21:40:05","date_gmt":"2011-01-08T20:40:05","guid":{"rendered":"http:\/\/klubmamgdynia.pl\/index.php\/produkt\/esperanza-ekk011k\/"},"modified":"2026-05-02T18:25:29","modified_gmt":"2026-05-02T16:25:29","slug":"esperanza-ekk011k","status":"publish","type":"product","link":"http:\/\/klubmamgdynia.pl\/index.php\/produkt\/esperanza-ekk011k\/","title":{"rendered":"ESPERANZA EKK011K"},"content":{"rendered":"<p>Bezprzewodowy elektryczny czajnik szklany 1,7 L Salto AngelZ NIEBIESKIM POD\u015aWIETLENIEM LED!Masz ju\u017c dosy\u0107 swojego tradycyjnego czajnika, d\u0142ugi czas oczekiwania na zagotowanie si\u0119 wody doprowadza Ci\u0119 do sza\u0142u. Lubisz nowoczesne i praktyczne rozwi\u0105zania &#8211; \u015bwietnie ! Mamy dla Ciebie co\u015b specjalnego.Nowy, wysokiej jako\u015bci szklany, bezprzewodowy czajnik elektryczny z pod\u015bwietleniem LED. \u015awietnie sprawdzi si\u0119 w ka\u017cdej kuchni, w domu, w pracy, w biurze itp.Jego estetyczne wykonanie i ergonomiczny kszta\u0142t sprawiaj\u0105, \u017ce czajnik \u015bwietnie wkomponuje si\u0119 w wystr\u00f3j Twojej kuchni.Co wyr\u00f3\u017cnia nasz produkt i czyni go wyj\u0105tkowym to pod\u015bwietlenie diodami LED, kt\u00f3re uruchamia si\u0119 podczas gotowania wody tworz\u0105c niesamowity efekt!Czajnik jest bardzo pojemny, bez problemu zagotujesz w nim nawet 1,7 litra wody.Wykonany zosta\u0142 w wysokiej jako\u015bci \u017caroodpornego szk\u0142a oraz plastiku.W \u015brodku czajnika znajduje si\u0119 wbudowana p\u0142yta grzewcza.Dzi\u0119ki niemu dos\u0142ownie w kilka minut zagotujesz wod\u0119 na kaw\u0119 lub herbat\u0119.Produkt jest prosty w obs\u0142udze; przyciskiem znajduj\u0105cym si\u0119 w r\u0105czce nale\u017cy otworzy\u0107 pokrywk\u0119, nast\u0119pnie wla\u0107 wod\u0119, zamkn\u0105\u0107 pokryw\u0119 i w\u0142\u0105czy\u0107; po zagotowaniu wody czajnik wy\u0142\u0105czy si\u0119 automatycznie.Urz\u0105dzenie \u0142atwe w czyszczeniu i przechowywaniu.Dodatkow\u0105 zalet\u0105 jest stosunkowo d\u0142ugi kabel, kt\u00f3ry zapewni Ci komfortowe korzystanie z urz\u0105dzenia.Czajnik jest w 100% bezpieczny w u\u017cytkowaniu, posiada profesjonalne zabezpieczenie na wypadek gdyby\u015b chcia\u0142 go w\u0142\u0105czy\u0107 a w \u015brodku nie by\u0142o by wody.Dost\u0119pny w kolorze czerwonym.Zalety produktu:- produkt nowy, wysokiej jako\u015bci;- wykonany z najlepszych materia\u0142\u00f3w;- czajnik elektryczny z pod\u015bwietleniem LED;- gwarantuje szybkie zagotowanie si\u0119 wody;- posiada wygodny w\u0142\u0105cznik;- wy\u0142\u0105cza si\u0119 automatycznie;- nowoczesny design;- estetyczne wykonanie;- solidny i wytrzyma\u0142y;- prosta obs\u0142uga;- lekki i por\u0119czny, wygodny w u\u017cyciu;- \u0142atwy w czyszczeniu, przechowywaniu i przenoszeniu;- produkt bezpieczny w u\u017cyciu;- posiada certyfikat CE;- urz\u0105dzenie przyda si\u0119 w ka\u017cdym domu, biurze itp.;Specyfikacja techniczna produktu:- materia\u0142: plastik, szk\u0142o \u017caroodporne;- pojemno\u015b\u0107 maksymalna: 1,7 L;- wbudowana p\u0142yta grzewcza;- pod\u015bwietlenie: niebieskie diody LED;- wyposa\u017cony w zabezpieczenie przed gotowaniem bez wody;- moc: 2200 W;- zasilanie: 220-240 V, 50 Hz;- d\u0142ugo\u015b\u0107 kabla (wraz z wtyczk\u0105): 0,75 m;- kolor: czarny;- waga produktu: 1,5 kg;W zestawie znajduje si\u0119:- czajnik elektryczny z pod\u015bwietleniem LED;- kabel zasilaj\u0105cy z podk\u0142adk\u0105;- instrukcja obs\u0142ugi;Ca\u0142o\u015b\u0107 zapakowana w estetyczne, oryginalne pude\u0142ko.<\/p>\n<h2>ESPERANZA EKK011K Esperanza<\/h2>\n<p>zagadki matematyczne dla przedszkolak\u00f3w, quiz bo\u017ce narodzenie, kolorowanka minionki, zaproszenia urodzinowe do wydruku chomikuj<\/p>\n<p>yyyyy<\/p>\n<p>&nbsp;<\/p>\n","protected":false},"excerpt":{"rendered":"<p>Bezprzewodowy elektryczny czajnik szklany 1,7 L Salto AngelZ NIEBIESKIM POD\u015aWIETLENIEM LED!Masz ju\u017c dosy\u0107 swojego tradycyjnego czajnika, d\u0142ugi czas oczekiwania na zagotowanie si\u0119 wody doprowadza Ci\u0119 do sza\u0142u. Lubisz nowoczesne i praktyczne rozwi\u0105zania &#8211; \u015bwietnie ! Mamy dla Ciebie co\u015b specjalnego.Nowy, wysokiej jako\u015bci szklany, bezprzewodowy czajnik elektryczny z pod\u015bwietleniem LED. \u015awietnie sprawdzi si\u0119 w ka\u017cdej kuchni, [&hellip;]<\/p>\n","protected":false},"featured_media":4866,"comment_status":"closed","ping_status":"open","template":"","meta":[],"product_cat":[1278,1258],"product_tag":[848,744,768,813,638,597],"class_list":["post-4865","product","type-product","status-publish","has-post-thumbnail","hentry","product_cat-czajniki-elektryczne","product_cat-esperanza","product_tag-cytat-o-rodzinie","product_tag-kolorowanki-swiateczne-do-wydruku","product_tag-krotkie-zagadki-logiczne","product_tag-krotkie-zagadki-matematyczne-z-odpowiedziami","product_tag-miastodzieci","product_tag-zagadki-o-zimie"],"_links":{"self":[{"href":"http:\/\/klubmamgdynia.pl\/index.php\/wp-json\/wp\/v2\/product\/4865","targetHints":{"allow":["GET"]}}],"collection":[{"href":"http:\/\/klubmamgdynia.pl\/index.php\/wp-json\/wp\/v2\/product"}],"about":[{"href":"http:\/\/klubmamgdynia.pl\/index.php\/wp-json\/wp\/v2\/types\/product"}],"replies":[{"embeddable":true,"href":"http:\/\/klubmamgdynia.pl\/index.php\/wp-json\/wp\/v2\/comments?post=4865"}],"wp:featuredmedia":[{"embeddable":true,"href":"http:\/\/klubmamgdynia.pl\/index.php\/wp-json\/wp\/v2\/media\/4866"}],"wp:attachment":[{"href":"http:\/\/klubmamgdynia.pl\/index.php\/wp-json\/wp\/v2\/media?parent=4865"}],"wp:term":[{"taxonomy":"product_cat","embeddable":true,"href":"http:\/\/klubmamgdynia.pl\/index.php\/wp-json\/wp\/v2\/product_cat?post=4865"},{"taxonomy":"product_tag","embeddable":true,"href":"http:\/\/klubmamgdynia.pl\/index.php\/wp-json\/wp\/v2\/product_tag?post=4865"}],"curies":[{"name":"wp","href":"https:\/\/api.w.org\/{rel}","templated":true}]}}