{"id":4869,"date":"2012-06-30T10:51:31","date_gmt":"2012-06-30T08:51:31","guid":{"rendered":"http:\/\/klubmamgdynia.pl\/index.php\/produkt\/buty-puma-suede-355110-50-granatowe\/"},"modified":"2026-04-04T02:14:38","modified_gmt":"2026-04-04T00:14:38","slug":"buty-puma-suede-355110-50-granatowe","status":"publish","type":"product","link":"http:\/\/klubmamgdynia.pl\/index.php\/produkt\/buty-puma-suede-355110-50-granatowe\/","title":{"rendered":"Buty PUMA Suede [355110 50] granatowe"},"content":{"rendered":"<p>Buty Puma Suede idealnie sprawdz\u0105 si\u0119 do codziennego u\u017cytku jak i do uprawiania r\u00f3\u017cnego rodzaju sportu.Model sznurowany.Dzi\u0119ki klasycznemu wzornictwu pasuj\u0105 niemal do ka\u017cdego stylu.Cholewka wykonana z najwy\u017cszej jako\u015bci sk\u00f3ry naturalnej.Wy\u015bci\u00f3\u0142ka &#8211; materia\u0142 tekstylny i syntetyczny.Podeszwa &#8211; guma kauczukowa.<\/p>\n<h2>Buty PUMA Suede [355110 50] granatowe Puma<\/h2>\n<p>podchwytliwe zagadki, list do sw mikolaja, kolorowanki star wars, wiersz na wielkanocnym stole, ja\u015bmina imie<\/p>\n<p>yyyyy<\/p>\n<p>&nbsp;<\/p>\n","protected":false},"excerpt":{"rendered":"<p>Buty Puma Suede idealnie sprawdz\u0105 si\u0119 do codziennego u\u017cytku jak i do uprawiania r\u00f3\u017cnego rodzaju sportu.Model sznurowany.Dzi\u0119ki klasycznemu wzornictwu pasuj\u0105 niemal do ka\u017cdego stylu.Cholewka wykonana z najwy\u017cszej jako\u015bci sk\u00f3ry naturalnej.Wy\u015bci\u00f3\u0142ka &#8211; materia\u0142 tekstylny i syntetyczny.Podeszwa &#8211; guma kauczukowa. Buty PUMA Suede [355110 50] granatowe Puma podchwytliwe zagadki, list do sw mikolaja, kolorowanki star wars, wiersz [&hellip;]<\/p>\n","protected":false},"featured_media":4870,"comment_status":"closed","ping_status":"open","template":"","meta":[],"product_cat":[1276,1275],"product_tag":[845,765,754,748,709],"class_list":["post-4869","product","type-product","status-publish","has-post-thumbnail","hentry","product_cat-buty-sportowe-damskie","product_cat-puma","product_tag-ach-spij-kochanie-tekst","product_tag-atrakcje-dla-dzieci-warszawa","product_tag-dyplomy-do-wydrukowania-a4","product_tag-okolice-wroclawia-atrakcje","product_tag-zagadki-dla-dzieci-6-7-lat"],"_links":{"self":[{"href":"http:\/\/klubmamgdynia.pl\/index.php\/wp-json\/wp\/v2\/product\/4869","targetHints":{"allow":["GET"]}}],"collection":[{"href":"http:\/\/klubmamgdynia.pl\/index.php\/wp-json\/wp\/v2\/product"}],"about":[{"href":"http:\/\/klubmamgdynia.pl\/index.php\/wp-json\/wp\/v2\/types\/product"}],"replies":[{"embeddable":true,"href":"http:\/\/klubmamgdynia.pl\/index.php\/wp-json\/wp\/v2\/comments?post=4869"}],"wp:featuredmedia":[{"embeddable":true,"href":"http:\/\/klubmamgdynia.pl\/index.php\/wp-json\/wp\/v2\/media\/4870"}],"wp:attachment":[{"href":"http:\/\/klubmamgdynia.pl\/index.php\/wp-json\/wp\/v2\/media?parent=4869"}],"wp:term":[{"taxonomy":"product_cat","embeddable":true,"href":"http:\/\/klubmamgdynia.pl\/index.php\/wp-json\/wp\/v2\/product_cat?post=4869"},{"taxonomy":"product_tag","embeddable":true,"href":"http:\/\/klubmamgdynia.pl\/index.php\/wp-json\/wp\/v2\/product_tag?post=4869"}],"curies":[{"name":"wp","href":"https:\/\/api.w.org\/{rel}","templated":true}]}}