{"id":487,"date":"2019-08-23T23:44:15","date_gmt":"2019-08-23T21:44:15","guid":{"rendered":"http:\/\/klubmamgdynia.pl\/index.php\/produkt\/abena-bambo-nature-4-maxi-7-14kg-24szt\/"},"modified":"2026-04-07T12:23:52","modified_gmt":"2026-04-07T10:23:52","slug":"abena-bambo-nature-4-maxi-7-14kg-24szt","status":"publish","type":"product","link":"http:\/\/klubmamgdynia.pl\/index.php\/produkt\/abena-bambo-nature-4-maxi-7-14kg-24szt\/","title":{"rendered":"Abena Bambo Nature 4 Maxi 7-14Kg 24Szt."},"content":{"rendered":"<p>Bambo Nature Maxi to ekologiczne pieluchy przeznaczone dla dzieci o wadze mi\u0119dzy 7-14 kg. Dzi\u0119ki zastosowaniu dodatkowych warstw, nowej generacji pieluszka jest bardzo delikatna, mi\u0119kka i nie podra\u017cnia sk\u00f3ry. Opakowanie zawiera 24 sztuki pieluszek (7-14 kg). Przyjazne dla \u015brodowiska pieluszki dla dzieci Bambo Nature wyposa\u017cone s\u0105 w \u0142atwe do regulowania rzepy, kt\u00f3re mog\u0105 by\u0107 odklejane i przyklejane tak cz\u0119sto jak tylko to konieczne, upewniaj\u0105c si\u0119, \u017ce dziecko mo\u017ce aktywnie i bezpiecznie sp\u0119dzi\u0107 dzie\u0144. Skuteczne barierki ochronne dobrze dopasowuj\u0105 si\u0119 do cia\u0142a oraz minimalizuj\u0105 ryzyko wyst\u0105pienia przecieku. Wygodny wska\u017anik wilgoci zmienia kolor i u\u0142atwia sprawdzenie, kiedy konieczna jest zmiana. Oddychaj\u0105ca powierzchnia pozwala sk\u00f3rze dziecka oddycha\u0107. Wysoko ch\u0142onny rdze\u0144 pieluszki zapewnia wysoki poziom ch\u0142onno\u015bci oraz such\u0105 powierzchni\u0119. \u0141atwo dopasowuj\u0105ce si\u0119 falbanki boczne ze stretchem zapewniaj\u0105 zwi\u0119kszenie wygody oraz swobody ruch\u00f3w. W\u0142a\u015bciwo\u015bci: 1) Pieluszki s\u0105 wyj\u0105tkowo mi\u0119kkie. Wiele warstw delikatnego w\u0142\u00f3kna, chroni\u0105 sk\u00f3r\u0119 dziecka i zapewniaj\u0105 oddychanie na ca\u0142ej powierzchni, 2) Idealne dopasowuj\u0105 si\u0119 do cia\u0142a. Pielucha posiada elastyczne boki oraz g\u00f3rn\u0105 cz\u0119\u015b\u0107 plec\u00f3w, co sprawia, \u017ce jest wygodna i minimalizuje ryzyko przecieku, 3) Suberabsorbent i system TopDry, kt\u00f3re gwarantuj\u0105 szybkie wch\u0142anianie i such\u0105 powierzchni\u0119, 4) Idealnie dopasowana dzi\u0119ki elastycznym stretch\u2019om 5) Wska\u017anik wilgotno\u015bci pokazuje jak mokra jest pieluszka 6) Nie zawieraj\u0105 perfum ani paraben\u00f3w, aby zminimalizowa\u0107 ryzyko alergii i pieluszkowego zapalenia sk\u00f3ry. 7) Poza tym Bambo Nature s\u0105 dost\u0119pne w 6. rozmiarach, aby sprosta\u0107 oczekiwaniom wszystkich rodzic\u00f3w ma ka\u017cdym etapie rozwoju ich dziecka. Pocz\u0105wszy od urodzenia, a\u017c do momentu gdy nie b\u0119dzie potrzebowa\u0142o korzysta\u0107 z pieluch. Pieluszki Bambo Nature s\u0105 oznaczone Skandynawskim Znakiem Ekologicznym co oznacza, \u017ce s\u0105 one w pe\u0142ni przyjazne dla \u015brodowiska, od surowc\u00f3w u\u017cytych przy produkcji po utylizacj\u0119.<\/p>\n<h2>Abena Bambo Nature 4 Maxi 7-14Kg 24Szt. Abena<\/h2>\n<p>malowanie kamieni, zagadki dla dzieci 9 10 lat z odpowiedziami, imi\u0119 marcel, prima aprilis zarty, zabawy dla 7 latki, zabawy na dzie\u0144 dziecka w szkole, szablon choinki do wydruku, bursztynek bursztynek, kolorowanki konie z je\u017ad\u017acem, zaproszenia do druku, ko\u0142ysanki dla dzieci + tekst, \u015bwinka peppa do czytania, bajki terapeutyczne o emocjach<\/p>\n<p>yyyyy<\/p>\n<p>&nbsp;<\/p>\n","protected":false},"excerpt":{"rendered":"<p>Bambo Nature Maxi to ekologiczne pieluchy przeznaczone dla dzieci o wadze mi\u0119dzy 7-14 kg. Dzi\u0119ki zastosowaniu dodatkowych warstw, nowej generacji pieluszka jest bardzo delikatna, mi\u0119kka i nie podra\u017cnia sk\u00f3ry. Opakowanie zawiera 24 sztuki pieluszek (7-14 kg). Przyjazne dla \u015brodowiska pieluszki dla dzieci Bambo Nature wyposa\u017cone s\u0105 w \u0142atwe do regulowania rzepy, kt\u00f3re mog\u0105 by\u0107 odklejane [&hellip;]<\/p>\n","protected":false},"featured_media":488,"comment_status":"closed","ping_status":"open","template":"","meta":[],"product_cat":[191,17],"product_tag":[832,808,842,646],"class_list":["post-487","product","type-product","status-publish","has-post-thumbnail","hentry","product_cat-abena","product_cat-pieluchy","product_tag-desery-dla-dzieci","product_tag-imie-mia","product_tag-plac-zabaw-poznan","product_tag-prezent-na-pierwsze-urodziny"],"_links":{"self":[{"href":"http:\/\/klubmamgdynia.pl\/index.php\/wp-json\/wp\/v2\/product\/487","targetHints":{"allow":["GET"]}}],"collection":[{"href":"http:\/\/klubmamgdynia.pl\/index.php\/wp-json\/wp\/v2\/product"}],"about":[{"href":"http:\/\/klubmamgdynia.pl\/index.php\/wp-json\/wp\/v2\/types\/product"}],"replies":[{"embeddable":true,"href":"http:\/\/klubmamgdynia.pl\/index.php\/wp-json\/wp\/v2\/comments?post=487"}],"wp:featuredmedia":[{"embeddable":true,"href":"http:\/\/klubmamgdynia.pl\/index.php\/wp-json\/wp\/v2\/media\/488"}],"wp:attachment":[{"href":"http:\/\/klubmamgdynia.pl\/index.php\/wp-json\/wp\/v2\/media?parent=487"}],"wp:term":[{"taxonomy":"product_cat","embeddable":true,"href":"http:\/\/klubmamgdynia.pl\/index.php\/wp-json\/wp\/v2\/product_cat?post=487"},{"taxonomy":"product_tag","embeddable":true,"href":"http:\/\/klubmamgdynia.pl\/index.php\/wp-json\/wp\/v2\/product_tag?post=487"}],"curies":[{"name":"wp","href":"https:\/\/api.w.org\/{rel}","templated":true}]}}