{"id":4871,"date":"2019-12-16T06:23:39","date_gmt":"2019-12-16T05:23:39","guid":{"rendered":"http:\/\/klubmamgdynia.pl\/index.php\/produkt\/hot-wheels-monster-trucks-monster-transporter-gkd37\/"},"modified":"2026-04-29T18:09:48","modified_gmt":"2026-04-29T16:09:48","slug":"hot-wheels-monster-trucks-monster-transporter-gkd37","status":"publish","type":"product","link":"http:\/\/klubmamgdynia.pl\/index.php\/produkt\/hot-wheels-monster-trucks-monster-transporter-gkd37\/","title":{"rendered":"Hot Wheels Monster Trucks Monster Transporter &#8211; GKD37"},"content":{"rendered":"<p>Dzi\u0119ki temu du\u017cemu transporterowi mo\u017cesz przewozi\u0107 nawet 12 pojazd\u00f3w Hot Wheels\u00ae Monster Trucks i posy\u0142a\u0107 je w drog\u0119, wypuszczaj\u0105c z tylnej rampy jednym przyciskiem!                            <\/p>\n<p>Hot Wheels Monster Trucks Transporter<br \/>\nMo\u017cesz przemieszcza\u0107 i przechowywa\u0107 kolekcj\u0119 pojazd\u00f3w Monster Trucks w skali 1:64. Ten transporter do przechowywania pojazd\u00f3w to doskona\u0142y prezent dla dzieci od 3 roku \u017cycia.                            <\/p>\n<p>Za\u0142aduj pojazdy!<br \/>\nDzieci mog\u0105 za\u0142adowa\u0107 swoje ulubione pojazdy i przewozi\u0107 je w tym du\u017cym transporterze w stylu Bone Shakera!                            <\/p>\n<p>Miejsce na 12 pojazd\u00f3w Monster Trucks!<br \/>\nNa dw\u00f3ch poziomach transportera Hot Wheels\u00ae Monster Trucks zmie\u015bci si\u0119 12 pojazd\u00f3w.                            <\/p>\n<p>Po\u015blij je na wy\u015bcig!<br \/>\nZa pomoc\u0105 prze\u0142\u0105cznika dzieci mog\u0105 wypuszcza\u0107 z ty\u0142u rampy jednocze\u015bnie 6 pojazd\u00f3w.                            <\/p>\n<p>Dzieci mog\u0105 bawi\u0107 si\u0119 na pe\u0142nych obrotach, zderzaj\u0105c i rozbijaj\u0105c pojazdy Monster Trucks lub posy\u0142aj\u0105c je na wy\u015bcig! \u015awietnie nadaje si\u0119 do przechowywania i transportowania samochod\u00f3w.<\/p>\n<h2>Hot Wheels Monster Trucks Monster Transporter &#8211; GKD37 Hot Wheels<\/h2>\n<p>zabawy z pi\u0142k\u0105, niezapomniany prezent na roczek, wzruszaj\u0105ce s\u0142owa dla przyjaci\u00f3\u0142ki, plac zamkowy, quiz dynastia mizio\u0142k\u00f3w, nietypowe imiona \u017ce\u0144skie, \u015bwinka peppa bajki do czytania, zabawy ruchowe dla dzieci w przedszkolu, cookie dough przepis, prezent dla 13 latki na \u015bwi\u0119ta, celina, mi\u0142osz imi\u0119, \u015bmieszne \u0142ama\u0144ce j\u0119zykowe, bajki do czytania dla ch\u0142opc\u00f3w, zemsta quizy, zagadki dla doros\u0142ych z odpowiedziami, pomys\u0142 na prezent dla nastolatki, quiz o flagach, imi\u0119 iwo<\/p>\n<p>yyyyy<\/p>\n<p>&nbsp;<\/p>\n","protected":false},"excerpt":{"rendered":"<p>Dzi\u0119ki temu du\u017cemu transporterowi mo\u017cesz przewozi\u0107 nawet 12 pojazd\u00f3w Hot Wheels\u00ae Monster Trucks i posy\u0142a\u0107 je w drog\u0119, wypuszczaj\u0105c z tylnej rampy jednym przyciskiem! Hot Wheels Monster Trucks Transporter Mo\u017cesz przemieszcza\u0107 i przechowywa\u0107 kolekcj\u0119 pojazd\u00f3w Monster Trucks w skali 1:64. Ten transporter do przechowywania pojazd\u00f3w to doskona\u0142y prezent dla dzieci od 3 roku \u017cycia. Za\u0142aduj [&hellip;]<\/p>\n","protected":false},"featured_media":4872,"comment_status":"closed","ping_status":"open","template":"","meta":[],"product_cat":[83,150],"product_tag":[655,646,850],"class_list":["post-4871","product","type-product","status-publish","has-post-thumbnail","hentry","product_cat-auta-i-inne-pojazdy-do-zabawy","product_cat-hot-wheels","product_tag-najlepsze-zagadki","product_tag-prezent-na-pierwsze-urodziny","product_tag-wroclaw-atrakcje-dla-dzieci"],"_links":{"self":[{"href":"http:\/\/klubmamgdynia.pl\/index.php\/wp-json\/wp\/v2\/product\/4871","targetHints":{"allow":["GET"]}}],"collection":[{"href":"http:\/\/klubmamgdynia.pl\/index.php\/wp-json\/wp\/v2\/product"}],"about":[{"href":"http:\/\/klubmamgdynia.pl\/index.php\/wp-json\/wp\/v2\/types\/product"}],"replies":[{"embeddable":true,"href":"http:\/\/klubmamgdynia.pl\/index.php\/wp-json\/wp\/v2\/comments?post=4871"}],"wp:featuredmedia":[{"embeddable":true,"href":"http:\/\/klubmamgdynia.pl\/index.php\/wp-json\/wp\/v2\/media\/4872"}],"wp:attachment":[{"href":"http:\/\/klubmamgdynia.pl\/index.php\/wp-json\/wp\/v2\/media?parent=4871"}],"wp:term":[{"taxonomy":"product_cat","embeddable":true,"href":"http:\/\/klubmamgdynia.pl\/index.php\/wp-json\/wp\/v2\/product_cat?post=4871"},{"taxonomy":"product_tag","embeddable":true,"href":"http:\/\/klubmamgdynia.pl\/index.php\/wp-json\/wp\/v2\/product_tag?post=4871"}],"curies":[{"name":"wp","href":"https:\/\/api.w.org\/{rel}","templated":true}]}}