{"id":4875,"date":"2021-06-09T14:35:07","date_gmt":"2021-06-09T12:35:07","guid":{"rendered":"http:\/\/klubmamgdynia.pl\/index.php\/produkt\/bebetto-luca-z-torba-sza-11-gleboko-spacerowy\/"},"modified":"2026-04-05T10:29:33","modified_gmt":"2026-04-05T08:29:33","slug":"bebetto-luca-z-torba-sza-11-gleboko-spacerowy","status":"publish","type":"product","link":"http:\/\/klubmamgdynia.pl\/index.php\/produkt\/bebetto-luca-z-torba-sza-11-gleboko-spacerowy\/","title":{"rendered":"Bebetto Luca Z Torb\u0105 Sza 11 G\u0142\u0119boko Spacerowy"},"content":{"rendered":"<p>Bebetto Luca 2w1 \u2013 funkcjonalno\u015b\u0107 i elegancjaBebetto Luca to wielofunkcyjny w\u00f3zek g\u0142\u0119boko-spacerowy 2w1, kt\u00f3ry cechuje si\u0119 stonowan\u0105 kolorystyk\u0105 i eleganckimi wyko\u0144czeniami z ekosk\u00f3ry. Nawet dno gondoli zosta\u0142o obite tapicerk\u0105, by utrzyma\u0107 ca\u0142o\u015b\u0107 konstrukcji w jednolitym kolorze. Czarna lub srebrnarama do wyboru dope\u0142nia ca\u0142o\u015b\u0107 designu, dzi\u0119ki kt\u00f3remu Bebetto Luca tak bardzo przyci\u0105ga wzrok. Charakterystyczna dla polskiej marki funkcjonalno\u015b\u0107 i \u0142atwo\u015b\u0107 obs\u0142ugi \u0142\u0105cz\u0105 si\u0119 tu z walorami estetycznymi, co sprawia, \u017ce Luca to niezwykle wszechstronne rozwi\u0105zanie, kt\u00f3re zapewni Twojemu dziecku wygod\u0119 i bezpiecze\u0144stwo podr\u00f3\u017cy przez ca\u0142y okres jazdy w\u00f3zkiem.Wytrzyma\u0142y stela\u017c w kolorach do wyboruAluminiowy stela\u017c w\u00f3zka jest wytrzyma\u0142y i lekki. Dzi\u0119ki innowacyjnemu systemowi sk\u0142adania, z\u0142o\u017cysz w\u00f3zek nawet z wpi\u0119tym siedziskiem. Gondola sk\u0142ada si\u0119 na p\u0142asko, co oszcz\u0119dzi jeszcze wi\u0119cej miejsca w baga\u017cniku. System sk\u0142adania Bebetto Luca zadzia\u0142a dopiero po wci\u015bni\u0119ciu przycisku, masz zatem pewno\u015b\u0107, \u017ce nie zrobi tego samoczynnie. Chowane wewn\u0105trz konstrukcji osie k\u00f3\u0142 chroni\u0105 otoczenie i inne elementy w\u00f3zka przed uszkodzeniem w trakcie transportu. W\u00f3zek mo\u017cesz wi\u0119c przewozi\u0107 w baga\u017cniku wraz z innymi przedmiotami, nie martwi\u0105c si\u0119 o ewentualne zarysowania. Co wi\u0119cej, stela\u017c dost\u0119pny w dw\u00f3ch kolorach \u2013 czarnym i szarym.Wygodnie w gondoli Bebetto LucaNa szczeg\u00f3ln\u0105 uwag\u0119 zas\u0142uguje gondola w ca\u0142o\u015bci obszyta tapicerk\u0105 z filtrem promieniowania ultrafioletowego. Jej rozk\u0142adany daszek chroni wi\u0119c dziecko w miesi\u0105cach letnich przed przegrzaniem czy oparzeniami s\u0142onecznymi. Do\u0142\u0105czone od zestawu pokrowce na n\u00f3\u017cki i folia przeciwdeszczowa z kolei uchroni\u0105 malucha przed zimnem i opadami. To sprawia, \u017ce spacer w Bebetto Luca jest mo\u017cliwy ka\u017cd\u0105 por\u0105 roku. Ponadto zastosowany w gondoli system wentylacji oraz panel w pokrowcu pomagaj\u0105 dostosowa\u0107 warunki spacerowania do pogody tak, by maluch cieszy\u0142 si\u0119 termicznym komfortem.Ko\u0142a i system amortyzacjiKo\u0142a w Bebetto Luca s\u0105 pompowane, co gwarantuje wysoki poziom amortyzacji i wyt\u0142umienia drga\u0144 z nier\u00f3wnego pod\u0142o\u017ca. Dodatkowo, system SAS (Shock Absorption System) dodatkowo niweluje wstrz\u0105sy, dzi\u0119ki czemu podczas spaceru po nier\u00f3wnym terenie maluch niczego nie odczuje i b\u0119dzie m\u00f3g\u0142 nawet drzema\u0107. To sprawia, \u017ce Luca jest rozwi\u0105zaniem na ka\u017cde pod\u0142o\u017ce. Dzi\u0119ki skr\u0119tnym przednim ko\u0142om sprawdzi si\u0119 w w\u0105skich przestrzeniach, gdy trzeba du\u017co manewrowa\u0107. Ko\u0142a zablokujesz do jazdy na wprost za pomoc\u0105 specjalnych przycisk\u00f3w. Wtedy masz pe\u0142n\u0105 kontrol\u0119 nad torem ruchu w\u00f3zka i mo\u017cesz spokojnie go prowadzi\u0107, wraz z dzieckiem rozkoszuj\u0105c si\u0119 s\u0142oneczn\u0105 pogod\u0105 i \u015bwie\u017cym powietrzem.Komfortowe siedzisko spacerowe w Bebetto LucaGdy dziecko osi\u0105gnie ju\u017c wymagane p\u00f3\u0142 roku, mo\u017ce przesi\u0105\u015b\u0107 si\u0119 do siedziska spacerowego. Podobnie jak gondola, ma ono do\u0142\u0105czony pokrowiec na n\u00f3\u017cki i foli\u0119 przeciwdeszczow\u0105 oraz daszek z filtrem UV. Bebetto Luca w formie spacer\u00f3wki tak\u017ce chroni malucha przed zimnem, deszczem czy wiatrem. Dzi\u0119ki regulacji oparcia z \u0142atwo\u015bci\u0105 dopasujesz siedzisko spacerowe do potrzeb dziecka. Wystarczy je opu\u015bci\u0107, gdy maluszek ma ochot\u0119 na drzemk\u0119, a podnie\u015b\u0107, kiedy woli bacznie obserwowa\u0107 otoczenie. Bebetto Luca to doskona\u0142y kompan ma\u0142ego odkrywcy.Wygodny w obs\u0142udze i zapewniaj\u0105cy bezpiecze\u0144stwo w\u00f3zek 2w1W\u00f3zek 2w1 Luca to nie tylko bezpiecze\u0144stwo i wygoda ma\u0142ego spacerowicza. Polski producent pomy\u015bla\u0142 r\u00f3wnie\u017c o u\u0142atwieniach dla opiekun\u00f3w brzd\u0105ca. W\u00f3zek wyposa\u017cono w system DMS (Direction Memory System), kt\u00f3ry zapami\u0119tuje pozycj\u0119 ko\u0142a po jego oderwaniu od pod\u0142o\u017ca. Dzi\u0119ki temu ko\u0142a nie obracaj\u0105 si\u0119 samoczynnie, co u\u0142atwia omijanie kraw\u0119\u017cnik\u00f3w i innych przeszk\u00f3d. By jeszcze bardziej uprzyjemni\u0107 spacer, w\u00f3zek ma<\/p>\n<h2>Bebetto Luca Z Torb\u0105 Sza 11 G\u0142\u0119boko Spacerowy Bebetto<\/h2>\n<p>dzie\u0144 matki w\u0142asnor\u0119czny prezent dla mamy od dziecka, natalia, historia pluszowego misia dla dzieci, \u015bwinka peppa bajka do czytania, znaki drogowe do druku, wz\u00f3r dyplomu do pobrania, wr\u00f3\u017cby andrzejkowe dla dzieci online, test zaczarowana zagroda, zdania do pisania dla dzieci do wydruku, estera, bajki do czytania dla ch\u0142opc\u00f3w, dzieci z bullerbyn quiz<\/p>\n<p>yyyyy<\/p>\n<p>&nbsp;<\/p>\n","protected":false},"excerpt":{"rendered":"<p>Bebetto Luca 2w1 \u2013 funkcjonalno\u015b\u0107 i elegancjaBebetto Luca to wielofunkcyjny w\u00f3zek g\u0142\u0119boko-spacerowy 2w1, kt\u00f3ry cechuje si\u0119 stonowan\u0105 kolorystyk\u0105 i eleganckimi wyko\u0144czeniami z ekosk\u00f3ry. Nawet dno gondoli zosta\u0142o obite tapicerk\u0105, by utrzyma\u0107 ca\u0142o\u015b\u0107 konstrukcji w jednolitym kolorze. Czarna lub srebrnarama do wyboru dope\u0142nia ca\u0142o\u015b\u0107 designu, dzi\u0119ki kt\u00f3remu Bebetto Luca tak bardzo przyci\u0105ga wzrok. Charakterystyczna dla polskiej [&hellip;]<\/p>\n","protected":false},"featured_media":4876,"comment_status":"closed","ping_status":"open","template":"","meta":[],"product_cat":[574,110],"product_tag":[772,801,784,720,687],"class_list":["post-4875","product","type-product","status-publish","has-post-thumbnail","hentry","product_cat-bebetto","product_cat-wozki-wielofunkcyjne","product_tag-45-panstw-europy-i-ich-stolice-quiz","product_tag-bajki-terapeutyczne-o-emocjach","product_tag-hymn-gorniczy","product_tag-malowanki","product_tag-podchwytliwe-zagadki-matematyczne"],"_links":{"self":[{"href":"http:\/\/klubmamgdynia.pl\/index.php\/wp-json\/wp\/v2\/product\/4875","targetHints":{"allow":["GET"]}}],"collection":[{"href":"http:\/\/klubmamgdynia.pl\/index.php\/wp-json\/wp\/v2\/product"}],"about":[{"href":"http:\/\/klubmamgdynia.pl\/index.php\/wp-json\/wp\/v2\/types\/product"}],"replies":[{"embeddable":true,"href":"http:\/\/klubmamgdynia.pl\/index.php\/wp-json\/wp\/v2\/comments?post=4875"}],"wp:featuredmedia":[{"embeddable":true,"href":"http:\/\/klubmamgdynia.pl\/index.php\/wp-json\/wp\/v2\/media\/4876"}],"wp:attachment":[{"href":"http:\/\/klubmamgdynia.pl\/index.php\/wp-json\/wp\/v2\/media?parent=4875"}],"wp:term":[{"taxonomy":"product_cat","embeddable":true,"href":"http:\/\/klubmamgdynia.pl\/index.php\/wp-json\/wp\/v2\/product_cat?post=4875"},{"taxonomy":"product_tag","embeddable":true,"href":"http:\/\/klubmamgdynia.pl\/index.php\/wp-json\/wp\/v2\/product_tag?post=4875"}],"curies":[{"name":"wp","href":"https:\/\/api.w.org\/{rel}","templated":true}]}}