{"id":4877,"date":"2022-04-08T03:33:17","date_gmt":"2022-04-08T01:33:17","guid":{"rendered":"http:\/\/klubmamgdynia.pl\/index.php\/produkt\/swede-czolg-sterowany-pilotem-2\/"},"modified":"2026-05-01T14:37:32","modified_gmt":"2026-05-01T12:37:32","slug":"swede-czolg-sterowany-pilotem-2","status":"publish","type":"product","link":"http:\/\/klubmamgdynia.pl\/index.php\/produkt\/swede-czolg-sterowany-pilotem-2\/","title":{"rendered":"Swede Czo\u0142g Sterowany Pilotem"},"content":{"rendered":"<p>Swede Czo\u0142g Sterowany Pilotem<\/p>\n<h2>Swede Czo\u0142g Sterowany Pilotem Swede<\/h2>\n<p>\u015bmigus dyngus lany poniedzia\u0142ek zyczenia, kuba imie, choinko pi\u0119kna jak las tekst, kolorowanki wed\u0142ug kodu do druku, pies kolorowanka, sentencje o rodzinie, quizy flagi, imi\u0119 nela, bajka o kreciku, bajki dla dzieci online, \u015bwinka peppa bajka do czytania, atrakcje dla dzieci wroclaw, kotki kolorowanka<\/p>\n<p>yyyyy<\/p>\n<p>&nbsp;<\/p>\n","protected":false},"excerpt":{"rendered":"<p>Swede Czo\u0142g Sterowany Pilotem Swede Czo\u0142g Sterowany Pilotem Swede \u015bmigus dyngus lany poniedzia\u0142ek zyczenia, kuba imie, choinko pi\u0119kna jak las tekst, kolorowanki wed\u0142ug kodu do druku, pies kolorowanka, sentencje o rodzinie, quizy flagi, imi\u0119 nela, bajka o kreciku, bajki dla dzieci online, \u015bwinka peppa bajka do czytania, atrakcje dla dzieci wroclaw, kotki kolorowanka yyyyy &nbsp;<\/p>\n","protected":false},"featured_media":4878,"comment_status":"closed","ping_status":"open","template":"","meta":[],"product_cat":[83,171],"product_tag":[845,750,783,591,576],"class_list":["post-4877","product","type-product","status-publish","has-post-thumbnail","hentry","product_cat-auta-i-inne-pojazdy-do-zabawy","product_cat-swede","product_tag-ach-spij-kochanie-tekst","product_tag-imie-kostek","product_tag-prezenty-na-roczek-dla-chlopca","product_tag-quiz-o-minecraft","product_tag-trudne-zagadki"],"_links":{"self":[{"href":"http:\/\/klubmamgdynia.pl\/index.php\/wp-json\/wp\/v2\/product\/4877","targetHints":{"allow":["GET"]}}],"collection":[{"href":"http:\/\/klubmamgdynia.pl\/index.php\/wp-json\/wp\/v2\/product"}],"about":[{"href":"http:\/\/klubmamgdynia.pl\/index.php\/wp-json\/wp\/v2\/types\/product"}],"replies":[{"embeddable":true,"href":"http:\/\/klubmamgdynia.pl\/index.php\/wp-json\/wp\/v2\/comments?post=4877"}],"wp:featuredmedia":[{"embeddable":true,"href":"http:\/\/klubmamgdynia.pl\/index.php\/wp-json\/wp\/v2\/media\/4878"}],"wp:attachment":[{"href":"http:\/\/klubmamgdynia.pl\/index.php\/wp-json\/wp\/v2\/media?parent=4877"}],"wp:term":[{"taxonomy":"product_cat","embeddable":true,"href":"http:\/\/klubmamgdynia.pl\/index.php\/wp-json\/wp\/v2\/product_cat?post=4877"},{"taxonomy":"product_tag","embeddable":true,"href":"http:\/\/klubmamgdynia.pl\/index.php\/wp-json\/wp\/v2\/product_tag?post=4877"}],"curies":[{"name":"wp","href":"https:\/\/api.w.org\/{rel}","templated":true}]}}