{"id":4879,"date":"2011-06-14T18:10:39","date_gmt":"2011-06-14T16:10:39","guid":{"rendered":"http:\/\/klubmamgdynia.pl\/index.php\/produkt\/tender-leaf-toys-dekoracje-scienne-drewniane-akcesoria-do-domku-dla-lalek\/"},"modified":"2026-05-17T22:46:42","modified_gmt":"2026-05-17T20:46:42","slug":"tender-leaf-toys-dekoracje-scienne-drewniane-akcesoria-do-domku-dla-lalek","status":"publish","type":"product","link":"http:\/\/klubmamgdynia.pl\/index.php\/produkt\/tender-leaf-toys-dekoracje-scienne-drewniane-akcesoria-do-domku-dla-lalek\/","title":{"rendered":"Tender Leaf Toys Dekoracje \u015acienne Drewniane Akcesoria Do Domku Dla Lalek"},"content":{"rendered":"<p>Akcesoria idealnie pasuj\u0105 do wszystkich domk\u00f3w marki Tender Leaf Toys,a ich doskona\u0142ym uzupe\u0142nieniem s\u0105 laleczki tej marki.ZESTAW ZAWIERA:- zegar, lustro, dwa obrazki, wieszak, ozdob\u0119 z jednoro\u017ccem, 3 dekoracyjne ptakiWYMIARY OPAKOWANIA: 13,8 x 14 x 7,3 cmWIEK: od 3 latZestaw jest nowy, zapakowany w kartonik.<\/p>\n<h2>Tender Leaf Toys Dekoracje \u015acienne Drewniane Akcesoria Do Domku Dla Lalek Tender Leaf Toys<\/h2>\n<p>alina, medrcy swiata, koty kolorowanki, quiz dla dzieci, quiz samochodowy, bajka dla dzieci do czytania, ciekawe zagadki i odpowiedzi, piesek kolorowanka, zagdki, test z lektury opowie\u015bci z narnii lew czarownica i stara szafa, zagadki o psach, szablony zimowe do wydruku, wzruszajace cytaty o rodzinie, straszne filmy dla dzieci, test na patologi\u0119 z kubusia puchatka, lol do druku<\/p>\n<p>yyyyy<\/p>\n<p>&nbsp;<\/p>\n","protected":false},"excerpt":{"rendered":"<p>Akcesoria idealnie pasuj\u0105 do wszystkich domk\u00f3w marki Tender Leaf Toys,a ich doskona\u0142ym uzupe\u0142nieniem s\u0105 laleczki tej marki.ZESTAW ZAWIERA:- zegar, lustro, dwa obrazki, wieszak, ozdob\u0119 z jednoro\u017ccem, 3 dekoracyjne ptakiWYMIARY OPAKOWANIA: 13,8 x 14 x 7,3 cmWIEK: od 3 latZestaw jest nowy, zapakowany w kartonik. Tender Leaf Toys Dekoracje \u015acienne Drewniane Akcesoria Do Domku Dla Lalek [&hellip;]<\/p>\n","protected":false},"featured_media":4880,"comment_status":"closed","ping_status":"open","template":"","meta":[],"product_cat":[172,1280],"product_tag":[644,842,587],"class_list":["post-4879","product","type-product","status-publish","has-post-thumbnail","hentry","product_cat-akcesoria-dla-lalek","product_cat-tender-leaf-toys","product_tag-mia","product_tag-plac-zabaw-poznan","product_tag-skalne-miasto"],"_links":{"self":[{"href":"http:\/\/klubmamgdynia.pl\/index.php\/wp-json\/wp\/v2\/product\/4879","targetHints":{"allow":["GET"]}}],"collection":[{"href":"http:\/\/klubmamgdynia.pl\/index.php\/wp-json\/wp\/v2\/product"}],"about":[{"href":"http:\/\/klubmamgdynia.pl\/index.php\/wp-json\/wp\/v2\/types\/product"}],"replies":[{"embeddable":true,"href":"http:\/\/klubmamgdynia.pl\/index.php\/wp-json\/wp\/v2\/comments?post=4879"}],"wp:featuredmedia":[{"embeddable":true,"href":"http:\/\/klubmamgdynia.pl\/index.php\/wp-json\/wp\/v2\/media\/4880"}],"wp:attachment":[{"href":"http:\/\/klubmamgdynia.pl\/index.php\/wp-json\/wp\/v2\/media?parent=4879"}],"wp:term":[{"taxonomy":"product_cat","embeddable":true,"href":"http:\/\/klubmamgdynia.pl\/index.php\/wp-json\/wp\/v2\/product_cat?post=4879"},{"taxonomy":"product_tag","embeddable":true,"href":"http:\/\/klubmamgdynia.pl\/index.php\/wp-json\/wp\/v2\/product_tag?post=4879"}],"curies":[{"name":"wp","href":"https:\/\/api.w.org\/{rel}","templated":true}]}}