{"id":4885,"date":"2017-01-08T03:23:01","date_gmt":"2017-01-08T02:23:01","guid":{"rendered":"http:\/\/klubmamgdynia.pl\/index.php\/produkt\/small-foot-wozek-dla-lalek-z-drewna-11418\/"},"modified":"2026-04-06T03:07:16","modified_gmt":"2026-04-06T01:07:16","slug":"small-foot-wozek-dla-lalek-z-drewna-11418","status":"publish","type":"product","link":"http:\/\/klubmamgdynia.pl\/index.php\/produkt\/small-foot-wozek-dla-lalek-z-drewna-11418\/","title":{"rendered":"Small foot W\u00f3zek dla lalek z drewna 11418"},"content":{"rendered":"<p>small foot 11418 W\u00f3zek dla lalek wykonana z drewna, ze sk\u0142adanym blatem, wraz z poduszk\u0105 i kocem, zabawki od 3 lat, wielokolorowaTen w\u00f3zek trafia do krainy marze\u0144. Aby lalki mog\u0142y spokojnie spa\u0107, toczy si\u0119 na gumowanych oponach bardzo cicho i delikatnie po pod\u0142odze. Kaptur mo\u017ce by\u0107 \u0142atwo otwierany i zamykany przez dzieci i przyci\u0105ga wzrok dzi\u0119ki pi\u0119knemu haftowanemu materia\u0142owi.Gondola dla lalek w klasycznym bia\u0142ym kolorze ze sk\u0142adanym topemZ akcesoriami takimi jak poduszki i koce do wygodnego transportu lalkiGumowane ko\u0142a zapewniaj\u0105 cich\u0105 prac\u0119 na ka\u017cdej powierzchniW\u00f3zek dla lalek zaprasza do aktywnego odgrywania r\u00f3l!Idealny dodatek do k\u0105cika lalki!Ostrze\u017ceniaMa\u0142e kawa\u0142ki. Ryzyko zad\u0142awienia.<\/p>\n<h2>Small foot W\u00f3zek dla lalek z drewna 11418 Small Foot<\/h2>\n<p>spos\u00f3b na elfa test, wszystkie flagi \u015bwiata quiz, maski dla dzieci do druku, dyplomy dla dzieci do druku, milena, cytat o mamie, kr\u00f3tkie zagadki dla dzieci, szybkie zagadki matematyczne, imie kuba, bajka dla niemowlaka, zagadki dla dzieci do druku, smok wawelski kolorowanka, wz\u00f3r dyplomu do pobrania, prezenty dla m\u0142odzie\u017cy, kubu\u015b puchatek cytaty, janusz, tupcio chrupcio bajka do czytania, quizy miko\u0142ajek<\/p>\n<p>yyyyy<\/p>\n<p>&nbsp;<\/p>\n","protected":false},"excerpt":{"rendered":"<p>small foot 11418 W\u00f3zek dla lalek wykonana z drewna, ze sk\u0142adanym blatem, wraz z poduszk\u0105 i kocem, zabawki od 3 lat, wielokolorowaTen w\u00f3zek trafia do krainy marze\u0144. Aby lalki mog\u0142y spokojnie spa\u0107, toczy si\u0119 na gumowanych oponach bardzo cicho i delikatnie po pod\u0142odze. Kaptur mo\u017ce by\u0107 \u0142atwo otwierany i zamykany przez dzieci i przyci\u0105ga wzrok [&hellip;]<\/p>\n","protected":false},"featured_media":4886,"comment_status":"closed","ping_status":"open","template":"","meta":[],"product_cat":[172,372],"product_tag":[667,693,857,873],"class_list":["post-4885","product","type-product","status-publish","has-post-thumbnail","hentry","product_cat-akcesoria-dla-lalek","product_cat-small-foot","product_tag-kolorowanka-lol","product_tag-zagadki-dla-doroslych","product_tag-zagadki-dla-dzieci-7-8-lat","product_tag-zagadki-z-odpowiedziami-dla-dzieci"],"_links":{"self":[{"href":"http:\/\/klubmamgdynia.pl\/index.php\/wp-json\/wp\/v2\/product\/4885","targetHints":{"allow":["GET"]}}],"collection":[{"href":"http:\/\/klubmamgdynia.pl\/index.php\/wp-json\/wp\/v2\/product"}],"about":[{"href":"http:\/\/klubmamgdynia.pl\/index.php\/wp-json\/wp\/v2\/types\/product"}],"replies":[{"embeddable":true,"href":"http:\/\/klubmamgdynia.pl\/index.php\/wp-json\/wp\/v2\/comments?post=4885"}],"wp:featuredmedia":[{"embeddable":true,"href":"http:\/\/klubmamgdynia.pl\/index.php\/wp-json\/wp\/v2\/media\/4886"}],"wp:attachment":[{"href":"http:\/\/klubmamgdynia.pl\/index.php\/wp-json\/wp\/v2\/media?parent=4885"}],"wp:term":[{"taxonomy":"product_cat","embeddable":true,"href":"http:\/\/klubmamgdynia.pl\/index.php\/wp-json\/wp\/v2\/product_cat?post=4885"},{"taxonomy":"product_tag","embeddable":true,"href":"http:\/\/klubmamgdynia.pl\/index.php\/wp-json\/wp\/v2\/product_tag?post=4885"}],"curies":[{"name":"wp","href":"https:\/\/api.w.org\/{rel}","templated":true}]}}