{"id":4887,"date":"2014-09-18T00:16:09","date_gmt":"2014-09-17T22:16:09","guid":{"rendered":"http:\/\/klubmamgdynia.pl\/index.php\/produkt\/bayer-chic-krzeselko-do-karmienia-lalki-rozowo-bordowe-gwiazdy\/"},"modified":"2026-04-05T23:57:57","modified_gmt":"2026-04-05T21:57:57","slug":"bayer-chic-krzeselko-do-karmienia-lalki-rozowo-bordowe-gwiazdy","status":"publish","type":"product","link":"http:\/\/klubmamgdynia.pl\/index.php\/produkt\/bayer-chic-krzeselko-do-karmienia-lalki-rozowo-bordowe-gwiazdy\/","title":{"rendered":"Bayer Chic Krzese\u0142ko Do Karmienia Lalki R\u00f3\u017cowo Bordowe Gwiazdy"},"content":{"rendered":"<p>Fotelik do karmienia marki BAYER-HRACKY posiada regulowane siedzisko co pozwala na ustawienie najwygodniejszej pozycji podczas posi\u0142k\u00f3w. Pod krzese\u0142kiem znajduje si\u0119 koszyczek z siatki, w kt\u00f3rym mo\u017cna przechowywa\u0107 potrzebne rzeczy. Zabawka sprawi rado\u015b\u0107 ka\u017cdej ma\u0142ej mamie.<\/p>\n<h2>Bayer Chic Krzese\u0142ko Do Karmienia Lalki R\u00f3\u017cowo Bordowe Gwiazdy Bayer Chic<\/h2>\n<p>maska karnawa\u0142owa pdf, opowie\u015bci z narnii lew czarownica i stara szafa test do wydruku, zimowe zagadki dla dzieci, malowanki \u015bwi\u0105teczne, dzie\u0144 misia 2021, milan znaczenie imienia, miastodzieci, kundel bury tekst<\/p>\n<p>yyyyy<\/p>\n<p>&nbsp;<\/p>\n","protected":false},"excerpt":{"rendered":"<p>Fotelik do karmienia marki BAYER-HRACKY posiada regulowane siedzisko co pozwala na ustawienie najwygodniejszej pozycji podczas posi\u0142k\u00f3w. Pod krzese\u0142kiem znajduje si\u0119 koszyczek z siatki, w kt\u00f3rym mo\u017cna przechowywa\u0107 potrzebne rzeczy. Zabawka sprawi rado\u015b\u0107 ka\u017cdej ma\u0142ej mamie. Bayer Chic Krzese\u0142ko Do Karmienia Lalki R\u00f3\u017cowo Bordowe Gwiazdy Bayer Chic maska karnawa\u0142owa pdf, opowie\u015bci z narnii lew czarownica i [&hellip;]<\/p>\n","protected":false},"featured_media":4888,"comment_status":"closed","ping_status":"open","template":"","meta":[],"product_cat":[172,1281],"product_tag":[861,638,855,651],"class_list":["post-4887","product","type-product","status-publish","has-post-thumbnail","hentry","product_cat-akcesoria-dla-lalek","product_cat-bayer-chic","product_tag-jak-narysowac-psa","product_tag-miastodzieci","product_tag-nietypowe-imiona-zenskie","product_tag-quizy-online"],"_links":{"self":[{"href":"http:\/\/klubmamgdynia.pl\/index.php\/wp-json\/wp\/v2\/product\/4887","targetHints":{"allow":["GET"]}}],"collection":[{"href":"http:\/\/klubmamgdynia.pl\/index.php\/wp-json\/wp\/v2\/product"}],"about":[{"href":"http:\/\/klubmamgdynia.pl\/index.php\/wp-json\/wp\/v2\/types\/product"}],"replies":[{"embeddable":true,"href":"http:\/\/klubmamgdynia.pl\/index.php\/wp-json\/wp\/v2\/comments?post=4887"}],"wp:featuredmedia":[{"embeddable":true,"href":"http:\/\/klubmamgdynia.pl\/index.php\/wp-json\/wp\/v2\/media\/4888"}],"wp:attachment":[{"href":"http:\/\/klubmamgdynia.pl\/index.php\/wp-json\/wp\/v2\/media?parent=4887"}],"wp:term":[{"taxonomy":"product_cat","embeddable":true,"href":"http:\/\/klubmamgdynia.pl\/index.php\/wp-json\/wp\/v2\/product_cat?post=4887"},{"taxonomy":"product_tag","embeddable":true,"href":"http:\/\/klubmamgdynia.pl\/index.php\/wp-json\/wp\/v2\/product_tag?post=4887"}],"curies":[{"name":"wp","href":"https:\/\/api.w.org\/{rel}","templated":true}]}}