{"id":489,"date":"2020-07-11T11:13:49","date_gmt":"2020-07-11T09:13:49","guid":{"rendered":"http:\/\/klubmamgdynia.pl\/index.php\/produkt\/baby-born-sukienki-trend-baby-826973\/"},"modified":"2026-04-06T03:11:56","modified_gmt":"2026-04-06T01:11:56","slug":"baby-born-sukienki-trend-baby-826973","status":"publish","type":"product","link":"http:\/\/klubmamgdynia.pl\/index.php\/produkt\/baby-born-sukienki-trend-baby-826973\/","title":{"rendered":"Baby Born Sukienki Trend Baby 826973"},"content":{"rendered":"<p>Sukienka Trend Baby 826973 Baby Born przyda si\u0119 ka\u017cdej ma\u0142ej opiekunce, kt\u00f3ra lubi przebiera\u0107 swoje lalki.W zestawie znajduje si\u0119 sukienka z rozkloszowanym do\u0142em oraz spodenki z elastyczn\u0105 gumk\u0105 w pasie i nogawkach, a tak\u017ce wieszaczek do ubra\u0144 z logo Baby Born.Zestaw pasuje na lalki Baby Born o wymiarach 43 cm i zbli\u017conych oraz inne lalki \u2013 bobasy o podobnych gabarytach.Zestaw zawiera:Sukienk\u0119SpodenkiWieszaczek z logo Baby BornWiek dziecka: 3 +Opakowanie stanowi element produktu.Kod EAN: 4001167826973Uwaga! Towar wysy\u0142amy losowo.Uwaga! Cena dotyczy jednego zestawu ubranek.Uwaga! Cena nie obejmuje lalek widocznych na zdj\u0119ciach.<\/p>\n<h2>Baby Born Sukienki Trend Baby 826973 BABY BORN<\/h2>\n<p>walentynka dla syna, kolorowanki kotki, lol surprise kolorowanki, milan imie, dyplomy szablony pdf, quiz pi\u0142karski, kryspinow, gloria imi\u0119, quiz o hejka tu lenka, co oznacza jordan, aron, cytaty rodzina<\/p>\n<p>yyyyy<\/p>\n<p>&nbsp;<\/p>\n","protected":false},"excerpt":{"rendered":"<p>Sukienka Trend Baby 826973 Baby Born przyda si\u0119 ka\u017cdej ma\u0142ej opiekunce, kt\u00f3ra lubi przebiera\u0107 swoje lalki.W zestawie znajduje si\u0119 sukienka z rozkloszowanym do\u0142em oraz spodenki z elastyczn\u0105 gumk\u0105 w pasie i nogawkach, a tak\u017ce wieszaczek do ubra\u0144 z logo Baby Born.Zestaw pasuje na lalki Baby Born o wymiarach 43 cm i zbli\u017conych oraz inne lalki [&hellip;]<\/p>\n","protected":false},"featured_media":490,"comment_status":"closed","ping_status":"open","template":"","meta":[],"product_cat":[176,50],"product_tag":[754,816,803,757,653,756],"class_list":["post-489","product","type-product","status-publish","has-post-thumbnail","hentry","product_cat-baby-born","product_cat-ubranka-i-buty-dla-lalek","product_tag-dyplomy-do-wydrukowania-a4","product_tag-place-zabaw-warszawa","product_tag-szlaczki-do-druku","product_tag-test-z-lektury-ania-z-zielonego-wzgorza-klasa-6-z-odpowiedziami","product_tag-warszawa-dla-dzieci","product_tag-zaproszenie-na-urodziny-do-druku"],"_links":{"self":[{"href":"http:\/\/klubmamgdynia.pl\/index.php\/wp-json\/wp\/v2\/product\/489","targetHints":{"allow":["GET"]}}],"collection":[{"href":"http:\/\/klubmamgdynia.pl\/index.php\/wp-json\/wp\/v2\/product"}],"about":[{"href":"http:\/\/klubmamgdynia.pl\/index.php\/wp-json\/wp\/v2\/types\/product"}],"replies":[{"embeddable":true,"href":"http:\/\/klubmamgdynia.pl\/index.php\/wp-json\/wp\/v2\/comments?post=489"}],"wp:featuredmedia":[{"embeddable":true,"href":"http:\/\/klubmamgdynia.pl\/index.php\/wp-json\/wp\/v2\/media\/490"}],"wp:attachment":[{"href":"http:\/\/klubmamgdynia.pl\/index.php\/wp-json\/wp\/v2\/media?parent=489"}],"wp:term":[{"taxonomy":"product_cat","embeddable":true,"href":"http:\/\/klubmamgdynia.pl\/index.php\/wp-json\/wp\/v2\/product_cat?post=489"},{"taxonomy":"product_tag","embeddable":true,"href":"http:\/\/klubmamgdynia.pl\/index.php\/wp-json\/wp\/v2\/product_tag?post=489"}],"curies":[{"name":"wp","href":"https:\/\/api.w.org\/{rel}","templated":true}]}}