{"id":4891,"date":"2020-12-16T19:57:17","date_gmt":"2020-12-16T18:57:17","guid":{"rendered":"http:\/\/klubmamgdynia.pl\/index.php\/produkt\/nuna-mixx-next-granite-z-gondola-do-przewozenia-dzieci-w-samochodzie-gleboko-spacerowy-baza-next\/"},"modified":"2026-05-17T22:29:27","modified_gmt":"2026-05-17T20:29:27","slug":"nuna-mixx-next-granite-z-gondola-do-przewozenia-dzieci-w-samochodzie-gleboko-spacerowy-baza-next","status":"publish","type":"product","link":"http:\/\/klubmamgdynia.pl\/index.php\/produkt\/nuna-mixx-next-granite-z-gondola-do-przewozenia-dzieci-w-samochodzie-gleboko-spacerowy-baza-next\/","title":{"rendered":"Nuna Mixx Next Granite Z Gondol\u0105 Do Przewo\u017cenia Dzieci W Samochodzie G\u0142\u0119boko Spacerowy + Baza Next"},"content":{"rendered":"<h2>Nuna Mixx Next Granite Z Gondol\u0105 Do Przewo\u017cenia Dzieci W Samochodzie G\u0142\u0119boko Spacerowy + Baza Next Nuna<\/h2>\n<p>zagadki slowne, m.i.a., gabriela, zagadki o wiosnie, historia pluszowego misia dla dzieci, zygzak mcqueen kolorowanka, zaproszenia do druku, henryk, kotki kolorowanka, pomys\u0142y na roczek, quiz zemsta, pomys\u0142 na prezent dla nastolatk\u00f3w<\/p>\n<p>yyyyy<\/p>\n<p>&nbsp;<\/p>\n","protected":false},"excerpt":{"rendered":"<p>Nuna Mixx Next Granite Z Gondol\u0105 Do Przewo\u017cenia Dzieci W Samochodzie G\u0142\u0119boko Spacerowy + Baza Next Nuna zagadki slowne, m.i.a., gabriela, zagadki o wiosnie, historia pluszowego misia dla dzieci, zygzak mcqueen kolorowanka, zaproszenia do druku, henryk, kotki kolorowanka, pomys\u0142y na roczek, quiz zemsta, pomys\u0142 na prezent dla nastolatk\u00f3w yyyyy &nbsp;<\/p>\n","protected":false},"featured_media":4892,"comment_status":"closed","ping_status":"open","template":"","meta":[],"product_cat":[1282,110],"product_tag":[707,585,591],"class_list":["post-4891","product","type-product","status-publish","has-post-thumbnail","hentry","product_cat-nuna","product_cat-wozki-wielofunkcyjne","product_tag-karty-pracy-dla-dzieci-z-ukrainy","product_tag-kolorowanki-dla-chlopcow","product_tag-quiz-o-minecraft"],"_links":{"self":[{"href":"http:\/\/klubmamgdynia.pl\/index.php\/wp-json\/wp\/v2\/product\/4891","targetHints":{"allow":["GET"]}}],"collection":[{"href":"http:\/\/klubmamgdynia.pl\/index.php\/wp-json\/wp\/v2\/product"}],"about":[{"href":"http:\/\/klubmamgdynia.pl\/index.php\/wp-json\/wp\/v2\/types\/product"}],"replies":[{"embeddable":true,"href":"http:\/\/klubmamgdynia.pl\/index.php\/wp-json\/wp\/v2\/comments?post=4891"}],"wp:featuredmedia":[{"embeddable":true,"href":"http:\/\/klubmamgdynia.pl\/index.php\/wp-json\/wp\/v2\/media\/4892"}],"wp:attachment":[{"href":"http:\/\/klubmamgdynia.pl\/index.php\/wp-json\/wp\/v2\/media?parent=4891"}],"wp:term":[{"taxonomy":"product_cat","embeddable":true,"href":"http:\/\/klubmamgdynia.pl\/index.php\/wp-json\/wp\/v2\/product_cat?post=4891"},{"taxonomy":"product_tag","embeddable":true,"href":"http:\/\/klubmamgdynia.pl\/index.php\/wp-json\/wp\/v2\/product_tag?post=4891"}],"curies":[{"name":"wp","href":"https:\/\/api.w.org\/{rel}","templated":true}]}}