{"id":4893,"date":"2019-03-27T17:59:43","date_gmt":"2019-03-27T16:59:43","guid":{"rendered":"http:\/\/klubmamgdynia.pl\/index.php\/produkt\/cybex-platinum-cybex-e-priam-3-0-karolina-kurkova-one-love-multicolor-gleboko-spacerowy-cloud-z2-baza-isofix-z2\/"},"modified":"2026-04-29T15:42:02","modified_gmt":"2026-04-29T13:42:02","slug":"cybex-platinum-cybex-e-priam-3-0-karolina-kurkova-one-love-multicolor-gleboko-spacerowy-cloud-z2-baza-isofix-z2","status":"publish","type":"product","link":"http:\/\/klubmamgdynia.pl\/index.php\/produkt\/cybex-platinum-cybex-e-priam-3-0-karolina-kurkova-one-love-multicolor-gleboko-spacerowy-cloud-z2-baza-isofix-z2\/","title":{"rendered":"Cybex Platinum Cybex E-Priam 3.0 Karolina Kurkova One Love Multicolor G\u0142\u0119boko Spacerowy + Cloud Z2 + Baza Isofix Z2"},"content":{"rendered":"<p>Cybex e-Priam to absolutna nowo\u015b\u0107 w\u015br\u00f3d w\u00f3zk\u00f3w ! Topierwszy inteligentny w\u00f3zek na \u015bwiecie ! Elektryczny Priam wspomaga rodzic\u00f3w podczas spacer\u00f3w, na nier\u00f3wnych nawierzchniach, pod g\u00f3rk\u0119 oraz z g\u00f3rki. Wszystko obs\u0142ugiwane stop\u0105-nie musisz si\u0119 schyla\u0107, szuka\u0107 przycisk\u00f3w, obs\u0142uga jest niezwykle prosta i intuicyjna. Design zosta\u0142 zachowany jak w przypadku standardowego Priama, wi\u0119c w\u00f3zek nadal zachwyca swym pi\u0119knym wygl\u0105dem, a teraz te\u017c i innowacyjno\u015bci\u0105 !Dzi\u0119ki p\u0142ynnej regulacji szelek bez problemu przypniemy naszego malucha jednym poci\u0105gni\u0119ciem. Podczas spacer\u00f3w, przydaje si\u0119 r\u00f3wnie\u017c uchwyt na kubek, w kt\u00f3rym umie\u015bcimy ulubiony nap\u00f3j zar\u00f3wno nasz, jak i naszego maluszka. Teraz znajduje si\u0119 w wy\u017cszej pozycji. W nowej wersji otrzymujemy r\u00f3wnie\u017c nowy kszta\u0142t podn\u00f3\u017cka, ulepszona regulacja nak\u0142adek na pasy. Sk\u0142adanie w\u00f3zka r\u00f3wnie\u017c jest jeszcze bardziej intuicyjne, a co lepsze o po\u0142ow\u0119 szybsze ni\u017c w obecnym modelu.Wspomaganie wjazdu pod g\u00f3r\u0119Dziecko w spacer\u00f3wce, zakupy, torba na ramieniu i do tego pcha\u0107 ca\u0142y ten ci\u0119\u017car pod g\u00f3r\u0119, od dzi\u015b ju\u017c nie sprawi ci to wi\u0119kszego k\u0142opotu ! Podczas jazdy pod g\u00f3r\u0119 po uruchomieniu odpowiedniej funkcji w\u00f3zek analizuje i dostosowuje si\u0119 do si\u0142y dzia\u0142aj\u0105cej na niego (czyli obci\u0105\u017ceniu w\u00f3zka) czym wspomaga wjazd po stromej nawierzchni, u\u0142atwiaj\u0105c nam t\u0119 czynno\u015b\u0107.Wspomaganie podczas zjazdu w d\u00f3\u0142W\u00f3zek dostosowuje pr\u0119dko\u015b\u0107 jazdy gdy schodzimy ze stromej nawierzchni, zwalnia i u\u0142atwia nam zej\u015bcie. Nie ma znaczenia czy spacerujesz z noworodkiem, czy o wiele ci\u0119\u017cszym 4-latkiem, komfort b\u0119dzie taki sam.Wspomaganie jazdy po nier\u00f3wnej nawierzchniDzi\u0119ki temu, \u017ce inteligentny system e-Priama potrafi dostosowa\u0107 si\u0119 do rodzaju nawierzchni spacery po piasku, le\u015bnych \u015bcie\u017ckach oraz wyboistych terenach nie b\u0119d\u0105 sprawia\u0142y wi\u0119kszego problemu, a raczej wysi\u0142ku :)Jak dzia\u0142a e-Priam ?W przypadku nier\u00f3wnych teren\u00f3w e-Priam sam dostosowuje jazd\u0119, by u\u0142atwi\u0107 nam spacerowanie z maluszkiem. Kiedy chcemy wej\u015b\u0107 pod g\u00f3r\u0119 lub zej\u015b\u0107 ze stromej nawierzchni sami musimy uruchomi\u0107 odpowiednie funkcje. Ze wzgl\u0119d\u00f3w bezpiecze\u0144stwa wspomaganie jest mo\u017cliwe przy pr\u0119dko\u015bci poruszania si\u0119 6 km\/h, je\u015bli b\u0119dziemy porusza\u0107 si\u0119 szybciej wspomaganie zostanie automatycznie wy\u0142\u0105czone.AkumulatorLitowo-jonow\u0105 bateri\u0119 \u0142adujemy do\u0142\u0105czonym do zestawu zasilaczem, a wska\u017aniki poinformuj\u0105 nas o jej pe\u0142nym na\u0142adowaniu (zajmuje to oko\u0142o 6 godzin), jest wyjmowana, wi\u0119c mo\u017cemy j\u0105 \u0142adowa\u0107 poza stela\u017cem. Przy ca\u0142kowicie na\u0142adowanej baterii przejedziemy nawet 45 km. A co je\u015bli si\u0119 roz\u0142aduje podczas spaceru ? Bez obaw, po prostu wspomaganie nie b\u0119dzie dzia\u0142a\u0142o, a e-Priam do czasu na\u0142adowania b\u0119dzie je\u017adzi\u0142 jak standardowy Priam. To ile przejedziemy na pe\u0142nym na\u0142adowaniu zale\u017cy od temperatury powietrza, terenu oraz obci\u0105\u017cenia w\u00f3zka. Np. przy oko\u0142o 20\u00b0C i obci\u0105\u017ceniu do 10 kg na w miar\u0119 r\u00f3wnej powierzchni przejedziemy oko\u0142o 45 km.Zabierzemy go do samolotuBateria zosta\u0142a tak zaprojektowana, by spe\u0142nia\u0107 normy IATA w przypadku baga\u017cu podr\u0119cznego oraz odprawy, wi\u0119c mo\u017cemy zabra\u0107 naszego e-Priama do samolotu wi\u0119kszo\u015bci linii lotniczyche-PRIAM APPA co je\u015bli w\u00f3zek sam uko\u0142ysze nasze male\u0144stwo do snu? Brzmi jak podr\u00f3\u017c do przysz\u0142o\u015bci prawda? Z nowym e-priamem jest to mo\u017cliwe! Dzi\u0119ki funkcji tryb ko\u0142ysania, w\u00f3zek delikatnymi ruchami w prz\u00f3d i w ty\u0142 pomo\u017ce w zasypianiu maluszka. Aplikacja sta\u0142a si\u0119 jeszcze bardziej przyjazn\u0105 dla u\u017cytkownika, dzi\u0119ki update\u2019u oprogramowania. Funkcja ta pozwoli nam by\u0107 na bie\u017c\u0105co z najnowszymi informacjami takimi jak np. poziom na\u0142adowania baterii. Jak obs\u0142ugiwa\u0107 e-Priama ?W bardzo szybki i intuicyjny spos\u00f3b uruchomimy odpowiednie funkcje stela\u017ca, zrobimy to w trzech ruchach stop\u0105. Filmik poni\u017cej najlepiej prezentuje ja to uczyni\u0107.<\/p>\n<h2>Cybex Platinum Cybex E-Priam 3.0 Karolina Kurkova One Love Multicolor G\u0142\u0119boko Spacerowy + Cloud Z2 + Baza Isofix Z2 Cybex Platinum<\/h2>\n<p>maski karnawa\u0142owe do druku, wzruszaj\u0105ce s\u0142owa dla przyjaci\u00f3\u0142ki, urodziny dziecka pomys\u0142y, na roczek dla dziewczynki, imi\u0119 iwo, m\u0105dre prezenty dla 7 latki, mia imie, zagadki z odpowiedziami \u015bmieszne, zagadki dla dzieci z odpowiedziami, bajki dla dzieci do czytania, prezent na dzie\u0144 dziecka dla nastolatk\u00f3w, krak\u00f3w atrakcje dla dzieci, miko\u0142ajek sprawdzian z lektury z odpowiedziami, prezent na 1 urodziny dla dziewczynki, kartki na dobranoc dla przyjaci\u00f3\u0142, prima aprilis \u017carty dla rodzic\u00f3w, zabawy logiczne dla dzieci, prezent dla rocznego ch\u0142opca, prezenty dla rocznego dziecka, zabawka na roczek<\/p>\n<p>yyyyy<\/p>\n<p>&nbsp;<\/p>\n","protected":false},"excerpt":{"rendered":"<p>Cybex e-Priam to absolutna nowo\u015b\u0107 w\u015br\u00f3d w\u00f3zk\u00f3w ! Topierwszy inteligentny w\u00f3zek na \u015bwiecie ! Elektryczny Priam wspomaga rodzic\u00f3w podczas spacer\u00f3w, na nier\u00f3wnych nawierzchniach, pod g\u00f3rk\u0119 oraz z g\u00f3rki. Wszystko obs\u0142ugiwane stop\u0105-nie musisz si\u0119 schyla\u0107, szuka\u0107 przycisk\u00f3w, obs\u0142uga jest niezwykle prosta i intuicyjna. Design zosta\u0142 zachowany jak w przypadku standardowego Priama, wi\u0119c w\u00f3zek nadal zachwyca swym [&hellip;]<\/p>\n","protected":false},"featured_media":4894,"comment_status":"closed","ping_status":"open","template":"","meta":[],"product_cat":[114,110],"product_tag":[668,755,742,705,641,811],"class_list":["post-4893","product","type-product","status-publish","has-post-thumbnail","hentry","product_cat-cybex-platinum","product_cat-wozki-wielofunkcyjne","product_tag-atrakcje-dla-dzieci-wroclaw","product_tag-henryk","product_tag-piosenki-dla-dzieci-tekst","product_tag-prezent-na-roczek-dla-chlopca","product_tag-trudne-zagadki-logiczne","product_tag-zagadki-logiczne-dla-dzieci"],"_links":{"self":[{"href":"http:\/\/klubmamgdynia.pl\/index.php\/wp-json\/wp\/v2\/product\/4893","targetHints":{"allow":["GET"]}}],"collection":[{"href":"http:\/\/klubmamgdynia.pl\/index.php\/wp-json\/wp\/v2\/product"}],"about":[{"href":"http:\/\/klubmamgdynia.pl\/index.php\/wp-json\/wp\/v2\/types\/product"}],"replies":[{"embeddable":true,"href":"http:\/\/klubmamgdynia.pl\/index.php\/wp-json\/wp\/v2\/comments?post=4893"}],"wp:featuredmedia":[{"embeddable":true,"href":"http:\/\/klubmamgdynia.pl\/index.php\/wp-json\/wp\/v2\/media\/4894"}],"wp:attachment":[{"href":"http:\/\/klubmamgdynia.pl\/index.php\/wp-json\/wp\/v2\/media?parent=4893"}],"wp:term":[{"taxonomy":"product_cat","embeddable":true,"href":"http:\/\/klubmamgdynia.pl\/index.php\/wp-json\/wp\/v2\/product_cat?post=4893"},{"taxonomy":"product_tag","embeddable":true,"href":"http:\/\/klubmamgdynia.pl\/index.php\/wp-json\/wp\/v2\/product_tag?post=4893"}],"curies":[{"name":"wp","href":"https:\/\/api.w.org\/{rel}","templated":true}]}}