{"id":4897,"date":"2024-04-10T15:41:27","date_gmt":"2024-04-10T13:41:27","guid":{"rendered":"http:\/\/klubmamgdynia.pl\/?post_type=product&#038;p=4897"},"modified":"2026-04-07T01:16:50","modified_gmt":"2026-04-06T23:16:50","slug":"junama-fluo-line-fl-043-gleboko-spacerowy-fotelik-avionaut-pixel","status":"publish","type":"product","link":"http:\/\/klubmamgdynia.pl\/index.php\/produkt\/junama-fluo-line-fl-043-gleboko-spacerowy-fotelik-avionaut-pixel\/","title":{"rendered":"Junama Fluo Line Fl-043 G\u0142\u0119boko Spacerowy + Fotelik Avionaut Pixel"},"content":{"rendered":"<p>G\u0142\u0119boko-spacerowy w\u00f3zek polskiego producenta Junama &#8211; FLUO LINE &#8211; jest wyj\u0105tkow\u0105 propozycj\u0105 dla rodzic\u00f3w, kt\u00f3rzy pod\u0105\u017caj\u0105 za najnowszymi trendami mody. Ten nowy model wyr\u00f3\u017cniaj\u0105 wyj\u0105tkowe warianty kolorystyczne tapicerki, kt\u00f3ra pi\u0119knie b\u0142yszczy i po\u0142yskuje, niezale\u017cnie od pogody. Wygl\u0105d tego w\u00f3zka to jeszcze nie wszystkie jego zalety. Bezobs\u0142ugowe ko\u0142a w po\u0142\u0105czeniu z odpowiedni\u0105 amortyzacj\u0105 sprawi\u0105 \u017ce spacery po wymagaj\u0105cym le\u015bnym terenie, b\u0119d\u0105 jedynie przyjemno\u015bci\u0105 zar\u00f3wno dla rodzic\u00f3w, jak i dziecka.Junama FLUO LINE &#8211; opis wyposa\u017ceniaO bezpiecze\u0144stwo dziecka w w\u00f3zku spacerowym dba barierka ochronna i pi\u0119ciopunktowe pasy, kt\u00f3re zosta\u0142y wyko\u0144czone mi\u0119kkimi wk\u0142adkami dla wi\u0119kszego komfortuDzi\u0119ki regulowanemu oparciu siedziska spacerowego rodzice mog\u0105 zapewni\u0107 dziecku najwygodniejsz\u0105 pozycj\u0119 podczas spacer\u00f3wRegulowany podn\u00f3\u017cek FLUO LINE umo\u017cliwia wygodne oparcie n\u00f3g, dzi\u0119ki czemu nie zwisaj\u0105 w powietrzuW zestawie znajduje si\u0119 ciep\u0142y pokrowiec na n\u00f3\u017cki, kt\u00f3ry zapewni maluszkowi ochron\u0119 przed ch\u0142odnym wiatrem i zapobiegnie utracie ciep\u0142a\u017belowe ko\u0142a s\u0105 bezobs\u0142ugowe, nie trzeba uzupe\u0142nia\u0107 w nich powietrza, maj\u0105 bardzo dobr\u0105 wytrzyma\u0142o\u015b\u0107, dobrze sprawdzaj\u0105 si\u0119 na nier\u00f3wnym pod\u0142o\u017cuPrzednie ko\u0142a s\u0105 obrotowe, mo\u017cna je jednak zablokowa\u0107 do jazdy na wprost &#8211; to rozwi\u0105zanie jest \u015bwietne podczas spacer\u00f3w po mniej i bardziej zat\u0142oczonych miejscachStela\u017c FLUO LINE jest wykonany z aluminium, przez co rama jest lekka i odporna na szkodliwe dzia\u0142anie opad\u00f3wW gondoli i siedzisku spacerowym znajduje si\u0119 specjalny system wentylacji, kt\u00f3ry doskonale sprawdza si\u0119 w ciep\u0142e, letnie i wiosenne dniGondola jest sporych rozmiar\u00f3w, przez co dziecko ma zapewniony komfort nawet wtedy, kiedy jest grubo ubraneRegulowana r\u0105czka w\u00f3zka zosta\u0142a wykonana ze sk\u00f3ry ekologicznej &#8211; mi\u0119kkiego w dotyku i przyjemnego dla d\u0142oni materia\u0142uHamulec centralny na tylne ko\u0142a umo\u017cliwia szybkie zatrzymanie w\u00f3zka podczas spacer\u00f3wSiedzisko spacerowe mo\u017cna zamontowa\u0107 zar\u00f3wno przodem, jak i ty\u0142em do rodzicaAmortyzacja wysokiej jako\u015bci zapewnia maluchowi wygodny sen w czasie spacer\u00f3w, nawet na nier\u00f3wnym pod\u0142o\u017cu Wykonane z bawe\u0142ny wn\u0119trze gondoli jest bezpieczne i wygodne dla dziecka, nawet od pierwszych dni \u017cyciaZamykany na zamek b\u0142yskawiczny kosz zakupowy jest dobrym rozwi\u0105zaniem dla rodzic\u00f3w, kt\u00f3rzy godz\u0105 codzienne obowi\u0105zki ze spacerami z maluchemW ZESTAWIEFotelik samochodowy Avionaut PIXEL to najl\u017cejsza konstrukcja dost\u0119pna na rynku. Zastosowanie ultralekkiego materia\u0142u kompozytowego pozwoli\u0142o zredukowa\u0107 wag\u0119 nosid\u0142a do 2,5 kg zapewniaj\u0105c jednocze\u015bnie maksimum bezpiecze\u0144stwa. Skuteczno\u015b\u0107 ochrony w foteliku potwierdzi\u0142y testy w kilku europejskich laboratoriach badawczych. Najwa\u017cniejsze osi\u0105gni\u0119cie tej konstrukcji to znacz\u0105ce przewy\u017cszenie wymaga\u0144 normy i-SizeMateria\u0142, z kt\u00f3rego wykonana jest skorupa PIXELa to nie styropian, to ultralekki kompozyt pianki EPP. Kompozyt poch\u0142ania energi\u0119 zderzenia oraz zmniejsza przeci\u0105\u017cenia. Materia\u0142 ten przypomina wygl\u0105dem styropian, jednak zasadnicza r\u00f3\u017cnica polega na tym, \u017ce nie jest on tak kruchy i sztywny. Ze wzgl\u0119du na to, \u017ce pianka EPP nie podlega deformacji nawet przy du\u017cych obci\u0105\u017ceniach, doskonale si\u0119 sprawdza przy budowie fotelik\u00f3w samochodowych. Wszystko dzi\u0119ki doskona\u0142ym parametrom wytrzyma\u0142o\u015bci. Dodatkowym plusem tego rozwi\u0105zania jest fakt, \u017ce pianka EPP jest produktem ekologicznym i w 100% podlega recyklingowi.Wk\u0142adka Pixel to rewolucja w prawid\u0142owym u\u0142o\u017ceniu dziecka w foteliku samochodowym. Wk\u0142adka stabilizuje i zabezpiecza prawid\u0142ow\u0105 pozycj\u0119 g\u0142\u00f3wki, tu\u0142owia i miednicy &#8211; w linii prostej. Wyprostowana pozycja nie tylko zwi\u0119ksza komfort oddychania dziecka, ale tak\u017ce zmniejsza prawdopodobie\u0144stwo cofania si\u0119 tre\u015bci \u017co\u0142\u0105dka do prze\u0142yku, dbaj\u0105c o bezpiecze\u0144stwo podczas podr\u00f3\u017cy. W\u0142a\u015bciwy k\u0105t u\u0142o\u017cenia dziecka w foteliku jest istotne tak\u017ce na prawid\u0142owe oddychanie. Prosty tu\u0142\u00f3w, zgi\u0119te n\u00f3\u017cki jak w pozycji siedz\u0105cej &#8211; to lepsze warunki neutralizacji si\u0142y dzia\u0142aj\u0105cej podczas uderzenia. Niezale\u017cnie od tego, czy dziecko \u015bpi, czy nie, jego cia\u0142o jest lepiej zmobilizowane do dzia\u0142ania w trakcie zdarzenia. Wk\u0142adk\u0119 nale\u017cy dostosowa\u0107 do wieku dziecka wyjmuj\u0105c kolejne stabilizatory. Pomimo tych usprawnie\u0144 producent zaleca przerw\u0119 w d\u0142u\u017cszej podr\u00f3\u017cy, co najmniej raz na dwie godziny oraz niepodawanie pokarm\u00f3w oraz p\u0142yn\u00f3w bezpo\u015brednio przed wyruszeniem w drog\u0119. Odpowiednie odchylenie g\u0142\u00f3wki oraz w\u0142a\u015bciwe u\u0142o\u017cenie cia\u0142a dziecka w foteliku przyczynia si\u0119 do poprawy mechaniki oraz komfortu oddychania podczas jazdy. Ogranicza to ryzyko uduszenia lub niedotlenienia dziecka. Bezpiecze\u0144stwo: skuteczno\u015b\u0107 ochrony przewy\u017cszaj\u0105ca wymogi normy i-Size najl\u017cejszy fotelik na \u015bwiecie dzi\u0119ki innowacyjnym materia\u0142om, kt\u00f3re poch\u0142aniaj\u0105 energi\u0119 uderzenia system ochrony bocznej Dynamic Stress Shield mocowanie do bazy IQ ISOfix za pomoc\u0105 systemu ClicknDrive z wizualnym i d\u017awi\u0119kowym potwierdzeniem poprawno\u015bci instalacji  Komfort: waga 2,5kg luksusowa tapicerka wype\u0142niona piank\u0105 z pami\u0119ci\u0105 kszta\u0142tu jedwabiste tkaniny pokrycia budka chroni\u0105ca przed s\u0142o\u0144cem i wiatrem<\/p>\n<h2>Junama Fluo Line Fl-043 G\u0142\u0119boko Spacerowy + Fotelik Avionaut Pixel Junama<\/h2>\n<p>szlaczki do druku, kolorowanka spiderman, zagadki rymowane, o mamie, kr\u00f3tkie zagadki logiczne, nela w krainie wombat\u00f3w, \u0142amig\u0142\u00f3wki dla dzieci do druku, bombki do kolorowania, cytaty o dzieciach, imi\u0119 marcel, pytania logiczne, kolorowanki wakacje<\/p>\n<p>yyyyy<\/p>\n<p>&nbsp;<\/p>\n","protected":false},"excerpt":{"rendered":"<p>G\u0142\u0119boko-spacerowy w\u00f3zek polskiego producenta Junama &#8211; FLUO LINE &#8211; jest wyj\u0105tkow\u0105 propozycj\u0105 dla rodzic\u00f3w, kt\u00f3rzy pod\u0105\u017caj\u0105 za najnowszymi trendami mody. Ten nowy model wyr\u00f3\u017cniaj\u0105 wyj\u0105tkowe warianty kolorystyczne tapicerki, kt\u00f3ra pi\u0119knie b\u0142yszczy i po\u0142yskuje, niezale\u017cnie od pogody. Wygl\u0105d tego w\u00f3zka to jeszcze nie wszystkie jego zalety. Bezobs\u0142ugowe ko\u0142a w po\u0142\u0105czeniu z odpowiedni\u0105 amortyzacj\u0105 sprawi\u0105 \u017ce spacery [&hellip;]<\/p>\n","protected":false},"featured_media":4898,"comment_status":"closed","ping_status":"open","template":"","meta":[],"product_cat":[1279,110],"product_tag":[781,645,862,739],"class_list":["post-4897","product","type-product","status-publish","has-post-thumbnail","hentry","product_cat-junama","product_cat-wozki-wielofunkcyjne","product_tag-cytaty-o-wychowaniu-dzieci","product_tag-latwe-zagadki","product_tag-nasza-zima-zla-tekst","product_tag-prima-aprilis-w-szkole"],"_links":{"self":[{"href":"http:\/\/klubmamgdynia.pl\/index.php\/wp-json\/wp\/v2\/product\/4897","targetHints":{"allow":["GET"]}}],"collection":[{"href":"http:\/\/klubmamgdynia.pl\/index.php\/wp-json\/wp\/v2\/product"}],"about":[{"href":"http:\/\/klubmamgdynia.pl\/index.php\/wp-json\/wp\/v2\/types\/product"}],"replies":[{"embeddable":true,"href":"http:\/\/klubmamgdynia.pl\/index.php\/wp-json\/wp\/v2\/comments?post=4897"}],"wp:featuredmedia":[{"embeddable":true,"href":"http:\/\/klubmamgdynia.pl\/index.php\/wp-json\/wp\/v2\/media\/4898"}],"wp:attachment":[{"href":"http:\/\/klubmamgdynia.pl\/index.php\/wp-json\/wp\/v2\/media?parent=4897"}],"wp:term":[{"taxonomy":"product_cat","embeddable":true,"href":"http:\/\/klubmamgdynia.pl\/index.php\/wp-json\/wp\/v2\/product_cat?post=4897"},{"taxonomy":"product_tag","embeddable":true,"href":"http:\/\/klubmamgdynia.pl\/index.php\/wp-json\/wp\/v2\/product_tag?post=4897"}],"curies":[{"name":"wp","href":"https:\/\/api.w.org\/{rel}","templated":true}]}}