{"id":4899,"date":"2022-04-23T14:03:25","date_gmt":"2022-04-23T12:03:25","guid":{"rendered":"http:\/\/klubmamgdynia.pl\/index.php\/produkt\/bebetto-luca-pro-17-gleboko-spacerowy\/"},"modified":"2026-04-27T09:25:41","modified_gmt":"2026-04-27T07:25:41","slug":"bebetto-luca-pro-17-gleboko-spacerowy","status":"publish","type":"product","link":"http:\/\/klubmamgdynia.pl\/index.php\/produkt\/bebetto-luca-pro-17-gleboko-spacerowy\/","title":{"rendered":"Bebetto Luca Pro 17 G\u0142\u0119boko Spacerowy"},"content":{"rendered":"<p>Bebetto Luca Pro \u2013 od\u015bwie\u017cona wersja klasycznego w\u00f3zkaBebetto Luca Pro to innowacyjny design, kt\u00f3ry zaintryguje najwi\u0119kszych mi\u0142o\u015bnik\u00f3w estetyki. Ca\u0142o\u015b\u0107 gondoli i siedziska spacerowego w tym wielofunkcyjnym w\u00f3zku zosta\u0142a obszyta ekosk\u00f3r\u0105 w stonowanych kolorach \u2013 doskonale wsp\u00f3\u0142graj\u0105cych z czerni\u0105 stela\u017ca. Co wi\u0119cej, w\u00f3zek zachwyca nie tylko wygl\u0105dem. Luca Pro to wszechstronny w\u00f3zek 2w1, kt\u00f3ry zadowoli sympatyk\u00f3w podr\u00f3\u017cy lubi\u0105cych odkrywa\u0107 nowe miejsca wraz z ma\u0142ym spacerowiczem. Wygodna gondola, przestronna spacer\u00f3wka i niezb\u0119dne akcesoria sprawiaj\u0105, \u017ce Bebetto Luca Pro to wszystko, czego potrzebuje Twoje dziecko.Wytrzyma\u0142y stela\u017c, kt\u00f3ry z \u0142atwo\u015bci\u0105 z\u0142o\u017cysz nawet wraz z siedziskiemAluminiowy stela\u017c w\u00f3zka Bebetto Luca Pro stanowi solidn\u0105 i lekk\u0105 podstaw\u0119 ca\u0142ej konstrukcji. \u0141atwo si\u0119 sk\u0142ada, nawet z wpi\u0119tym siedziskiem spacerowym, co oszcz\u0119dza Tw\u00f3j czas, poniewa\u017c nie trzeba rozk\u0142ada\u0107 w\u00f3zka na poszczeg\u00f3lne elementy. Wystarczy, \u017ce ustawisz ko\u0142a b\u0142otnikami do przodu, uniesiesz r\u0105czk\u0119 w\u00f3zka, naci\u015bniesz specjalny przycisk i mo\u017cesz z\u0142o\u017cy\u0107 w\u00f3zek do mniejszych rozmiar\u00f3w, co sprawi, \u017ce zajmie on du\u017co mniej miejsca w baga\u017cniku samochodu czy w mieszkaniu. Z\u0142o\u017cony w\u00f3zek tak\u017ce du\u017co \u0142atwiej wnie\u015b\u0107 po schodach, co szczeg\u00f3lnie wa\u017cne, gdy mieszkacie na wysokim pi\u0119trze.Pompowane ko\u0142a \u2013 amortyzacja w Bebetto Luca ProPompowane ko\u0142a zamontowane na stela\u017cu zapewniaj\u0105 du\u017co lepsze wyg\u0142uszenie drga\u0144 ni\u017c ko\u0142a z tworzywa. Wystarczy je pompowa\u0107 i sprawdza\u0107 ci\u015bnienie, a one odwdzi\u0119cz\u0105 si\u0119 popraw\u0105 wygody prowadzenia w\u00f3zka. System SAS (Shock Absorption System) t\u0142umi wibracje i uderzenia podczas jazdy, co gwarantuje ma\u0142emu spacerowiczowi komfort bez wzgl\u0119du na rodzaj nawierzchni, po kt\u00f3rej jedziecie. Przednie ko\u0142a s\u0105 skr\u0119tne co dodaje w\u00f3zkowi zwrotno\u015bci. Mo\u017cesz je zablokowa\u0107 do jazdy na wprost, je\u017celi potrzebujesz wi\u0119kszej kontroli nad torem ruchu. Wbudowany system pami\u0119ci kierunku (DMS) sprawia, \u017ce przy uniesieniu przednich k\u00f3\u0142, zapami\u0119taj\u0105 one swoj\u0105 pozycj\u0119 i nie b\u0119d\u0105 si\u0119 bezw\u0142adnie przekr\u0119ca\u0107. Dzi\u0119ki temu z Luca Pro szybko wr\u00f3cisz do jazdy po omini\u0119ciu przeszkody.Wygoda przede wszystkimGondola i siedzisko spacerowe do\u0142\u0105czone do zestawu Bebetto Luca Pro to siedziska, w kt\u00f3rych maluszek sp\u0119dzi ca\u0142y okres w\u00f3zkowania. Na pierwsze p\u00f3\u0142 roku \u017cycia idealnie sprawdzi si\u0119 przestronna, wentylowana gondola, wy\u015bcie\u0142ana wygodnym materacykiem. Wyposa\u017cono j\u0105 w funkcj\u0119 ko\u0142yski, co przyda si\u0119, by u\u015bpi\u0107 dziecko po wypi\u0119ciu jej ze stela\u017ca. Dodatkowy panel chroni malucha przed wiatrem a do\u0142\u0105czona do zestawu folia przeciwdeszczowa \u2013 przed opadami.Komfort w siedzisku spacerowymGdy maluch podro\u015bnie na tyle, by samodzielnie siada\u0107, mo\u017cesz umie\u015bci\u0107 go w siedzisku spacerowym. Mo\u017cesz wpi\u0105\u0107 je na stela\u017c w obu kierunkach i z \u0142atwo\u015bci\u0105 z\u0142o\u017cy\u0107 w\u00f3zek bez konieczno\u015bci wypinania go z ramy. Podobnie jak gondola \u2013 budka spacerowa jest wentylowana, co zapewnia dziecku komfort termiczny. W siedzisku utrzymuj\u0105 malucha pi\u0119ciopunktowe pasy bezpiecze\u0144stwa ze specjalnymi otulinkami, kt\u00f3ra chroni\u0105 delikatn\u0105 sk\u00f3r\u0119 ma\u0142ego spacerowicza. Siedzenie jest regulowane, a\u017c od pozycji le\u017c\u0105cejpo ca\u0142kowicie siedz\u0105c\u0105. Dzi\u0119ki takiemu rozwi\u0105zaniu znajdziesz dla dziecka wygodn\u0105 pozycj\u0119 niezale\u017cnie od tego, czy akurat drzemie, czy woli aktywnie uczestniczy\u0107 w codziennym spacerze.Na stela\u017cu w\u00f3zka Bebetto Luca Pro umie\u015bcisz fotelik samochodowy z funkcj\u0105 noside\u0142ka (za pomoc\u0105 dokupowanych adapter\u00f3w). To u\u0142atwia podr\u00f3\u017cowanie autem z ma\u0142ym odkrywc\u0105, oszcz\u0119dzaj\u0105c miejsce w baga\u017cniku i czas potrzeby do wypi\u0119cia dziecka z fotelika.<\/p>\n<h2>Bebetto Luca Pro 17 G\u0142\u0119boko Spacerowy Bebetto<\/h2>\n<p>cytaty z ma\u0142ego ksi\u0119cia, zagadki logiczne na inteligencj\u0119, zagadki dla dzieci 7-8 lat, jak zrobi\u0107 wulkan, oryginalny prezent na roczek dla dziewczynki, m.i.a., aaa kotki dwa tekst, wiosna zagadki, kolorowanka do druku super zings, kolorowanki antystresowe do druku, koty kolorowanki do druku, basen \u015bl\u0105sk, ptak b\u0105k, kolorowanka anio\u0142ek, kolorowanki pi\u0142karskie, bajki dla dzieci do czytania na dobranoc, cytaty o dzieciach i rodzicach, aurora imi\u0119, gabriel, zagadki podchwytliwe<\/p>\n<p>yyyyy<\/p>\n<p>&nbsp;<\/p>\n","protected":false},"excerpt":{"rendered":"<p>Bebetto Luca Pro \u2013 od\u015bwie\u017cona wersja klasycznego w\u00f3zkaBebetto Luca Pro to innowacyjny design, kt\u00f3ry zaintryguje najwi\u0119kszych mi\u0142o\u015bnik\u00f3w estetyki. Ca\u0142o\u015b\u0107 gondoli i siedziska spacerowego w tym wielofunkcyjnym w\u00f3zku zosta\u0142a obszyta ekosk\u00f3r\u0105 w stonowanych kolorach \u2013 doskonale wsp\u00f3\u0142graj\u0105cych z czerni\u0105 stela\u017ca. Co wi\u0119cej, w\u00f3zek zachwyca nie tylko wygl\u0105dem. Luca Pro to wszechstronny w\u00f3zek 2w1, kt\u00f3ry zadowoli sympatyk\u00f3w [&hellip;]<\/p>\n","protected":false},"featured_media":4900,"comment_status":"closed","ping_status":"open","template":"","meta":[],"product_cat":[574,110],"product_tag":[867,621,620,601,800],"class_list":["post-4899","product","type-product","status-publish","has-post-thumbnail","hentry","product_cat-bebetto","product_cat-wozki-wielofunkcyjne","product_tag-kolorowanki-dla-dziewczynek","product_tag-prezenty-roczek","product_tag-quiz-opowiesci-z-narnii","product_tag-zagadki-co-to-jest","product_tag-zagadki-smieszne"],"_links":{"self":[{"href":"http:\/\/klubmamgdynia.pl\/index.php\/wp-json\/wp\/v2\/product\/4899","targetHints":{"allow":["GET"]}}],"collection":[{"href":"http:\/\/klubmamgdynia.pl\/index.php\/wp-json\/wp\/v2\/product"}],"about":[{"href":"http:\/\/klubmamgdynia.pl\/index.php\/wp-json\/wp\/v2\/types\/product"}],"replies":[{"embeddable":true,"href":"http:\/\/klubmamgdynia.pl\/index.php\/wp-json\/wp\/v2\/comments?post=4899"}],"wp:featuredmedia":[{"embeddable":true,"href":"http:\/\/klubmamgdynia.pl\/index.php\/wp-json\/wp\/v2\/media\/4900"}],"wp:attachment":[{"href":"http:\/\/klubmamgdynia.pl\/index.php\/wp-json\/wp\/v2\/media?parent=4899"}],"wp:term":[{"taxonomy":"product_cat","embeddable":true,"href":"http:\/\/klubmamgdynia.pl\/index.php\/wp-json\/wp\/v2\/product_cat?post=4899"},{"taxonomy":"product_tag","embeddable":true,"href":"http:\/\/klubmamgdynia.pl\/index.php\/wp-json\/wp\/v2\/product_tag?post=4899"}],"curies":[{"name":"wp","href":"https:\/\/api.w.org\/{rel}","templated":true}]}}