{"id":4903,"date":"2019-04-06T22:06:40","date_gmt":"2019-04-06T20:06:40","guid":{"rendered":"http:\/\/klubmamgdynia.pl\/index.php\/produkt\/barbie-chelsea-kostium-flaminga-gjw30\/"},"modified":"2026-05-17T21:59:54","modified_gmt":"2026-05-17T19:59:54","slug":"barbie-chelsea-kostium-flaminga-gjw30","status":"publish","type":"product","link":"http:\/\/klubmamgdynia.pl\/index.php\/produkt\/barbie-chelsea-kostium-flaminga-gjw30\/","title":{"rendered":"Barbie Chelsea Kostium Flaminga GJW30"},"content":{"rendered":"<p>Lalka i jej przyjaciele wspieraj\u0105 ma\u0142e dziewczynki, aby nie ba\u0142y si\u0119 odkrywa\u0107 otaczaj\u0105cego ich \u015bwiata. Lalka i jej przyjaciele lubi\u0105 pr\u00f3bowa\u0107 nowych rzeczy i odkrywa\u0107 \u015bwiat. Ciesz si\u0119 przygodami z lalk\u0105 Chelsea\u2122 w kostiumie tematycznym!<\/p>\n<h2>Barbie Chelsea Kostium Flaminga GJW30 Barbie<\/h2>\n<p>\u015bwinka peppa dom, quiz o wio\u015bnie, jakie prezenty na roczek, miasto dzieci.pl, malowanki do druku, mini zoo mazowieckie, prezenty dla nastolatka, jacek, test znaki drogowe, bursztynek, prezent na roczek, rzadkie imiona dla dziewczynek, malowanki do druku, kolorowanka ksi\u0119\u017cniczka, kolorowanka harry potter, bajka terapeutyczna o emocjach, kolorowanki do druku konie, ko\u0142ysanki dla dzieci + tekst, liwia imi\u0119<\/p>\n<p>yyyyy<\/p>\n<p>&nbsp;<\/p>\n","protected":false},"excerpt":{"rendered":"<p>Lalka i jej przyjaciele wspieraj\u0105 ma\u0142e dziewczynki, aby nie ba\u0142y si\u0119 odkrywa\u0107 otaczaj\u0105cego ich \u015bwiata. Lalka i jej przyjaciele lubi\u0105 pr\u00f3bowa\u0107 nowych rzeczy i odkrywa\u0107 \u015bwiat. Ciesz si\u0119 przygodami z lalk\u0105 Chelsea\u2122 w kostiumie tematycznym! Barbie Chelsea Kostium Flaminga GJW30 Barbie \u015bwinka peppa dom, quiz o wio\u015bnie, jakie prezenty na roczek, miasto dzieci.pl, malowanki do [&hellip;]<\/p>\n","protected":false},"featured_media":4904,"comment_status":"closed","ping_status":"open","template":"","meta":[],"product_cat":[173,65],"product_tag":[766,787,589],"class_list":["post-4903","product","type-product","status-publish","has-post-thumbnail","hentry","product_cat-barbie","product_cat-lalki","product_tag-kira","product_tag-nauka-pisania-wyrazow-dla-dzieci-do-druku-pdf","product_tag-prezent-dla-rocznego-dziecka"],"_links":{"self":[{"href":"http:\/\/klubmamgdynia.pl\/index.php\/wp-json\/wp\/v2\/product\/4903","targetHints":{"allow":["GET"]}}],"collection":[{"href":"http:\/\/klubmamgdynia.pl\/index.php\/wp-json\/wp\/v2\/product"}],"about":[{"href":"http:\/\/klubmamgdynia.pl\/index.php\/wp-json\/wp\/v2\/types\/product"}],"replies":[{"embeddable":true,"href":"http:\/\/klubmamgdynia.pl\/index.php\/wp-json\/wp\/v2\/comments?post=4903"}],"wp:featuredmedia":[{"embeddable":true,"href":"http:\/\/klubmamgdynia.pl\/index.php\/wp-json\/wp\/v2\/media\/4904"}],"wp:attachment":[{"href":"http:\/\/klubmamgdynia.pl\/index.php\/wp-json\/wp\/v2\/media?parent=4903"}],"wp:term":[{"taxonomy":"product_cat","embeddable":true,"href":"http:\/\/klubmamgdynia.pl\/index.php\/wp-json\/wp\/v2\/product_cat?post=4903"},{"taxonomy":"product_tag","embeddable":true,"href":"http:\/\/klubmamgdynia.pl\/index.php\/wp-json\/wp\/v2\/product_tag?post=4903"}],"curies":[{"name":"wp","href":"https:\/\/api.w.org\/{rel}","templated":true}]}}