{"id":4905,"date":"2015-07-17T18:01:00","date_gmt":"2015-07-17T16:01:00","guid":{"rendered":"http:\/\/klubmamgdynia.pl\/index.php\/produkt\/euforia-s-paradise-baby-3w1\/"},"modified":"2026-04-29T08:51:33","modified_gmt":"2026-04-29T06:51:33","slug":"euforia-s-paradise-baby-3w1","status":"publish","type":"product","link":"http:\/\/klubmamgdynia.pl\/index.php\/produkt\/euforia-s-paradise-baby-3w1\/","title":{"rendered":"EUFORIA S PARADISE BABY 3w1"},"content":{"rendered":"<p>Prezentujemy MIDI Wyprawk\u0119 niemowl\u0119ca sk\u0142adaj\u0105ca si\u0119 z wszystkich potrzebnych produkt\u00f3wdla Twojego dziecka w super cenie, z mo\u017cliwo\u015bci\u0105 wyboru najbardziej odpowiedniej opcji dla Ciebie.W przypadku jakichkolwiek pyta\u0144,prosimy o kontakt tel (58) 3220325 lub kontakt na messenger Bobo-Raj  Co zawiera WYPRAWKA MIDI ?W\u00f3zek dzieci\u0119cy 2w1 gondola i spacer\u00f3wka EUFORIA S marki PARADISE BABY (kolor do wyboru )Fotelik samochodowy w standardzie fotelik w kolorze w\u00f3zka ( opcja wymiany na inny)Adaptery, umo\u017cliwiaj\u0105ce wpi\u0119cie fotelika w stela\u017c w\u00f3zka\u0141\u00f3\u017ceczko drewniane 120&#215;60 cm bia\u0142e (opcja wymiany na inne)Materac piankowy 6cm do \u0142\u00f3\u017ceczka (opcja wymiany na inny)Ko\u0142dra 120&#215;90 bia\u0142aPoduszka 60&#215;40 bia\u0142aPoszewka na ko\u0142dr\u0119 (wz\u00f3r po\u015bcieli do wyboru )Poszewka na poduszk\u0105 (wz\u00f3r po\u015bcieli do wyboru)Ochraniacz na szczebelki (wz\u00f3r do wyboru)Prze\u015bcierad\u0142o jersey na gumce (dopasowane kolorystycznie do po\u015bcieli)Ceratka na materac 90&#215;120 cmRo\u017cek bawe\u0142niany 80&#215;80 cm (dopasowany kolorystycznie do po\u015bcieli )Przewijak na \u0142\u00f3\u017cko 70&#215;50 cm Pokrowiec na przewijak (dopasowany kolorystycznie do po\u015bcieli)Okrycie k\u0105pielowe 80&#215;80 cm (dopasowany kolorystycznie do p\u0142ci)Zestaw Kosmetyczny (no\u017cyczki, obcinaczki, pilniczek)Zestaw do w\u0142os\u00f3w (grzebyk, szczoteczka)Pielucha tetrowa bia\u0142a -2 sztPielucha tetrowa z nadrukiem -2 sztPielucha flanelowa -2 sztMajtki Poporodowe jednorazowe 7 szt (rozmiar do wyboru S-XXL)Podk\u0142ady Poporodowe Bella -10 sztWk\u0142adki laktacyjne -24 sztButelka Medical Lovi 150 mlSmoczek uspokajaj\u0105cy 0-3 m -2 szt (GRATIS UBRANKA DZIECI\u0118CE O WARTO\u015aCI 50 z\u0142Wytrzyma\u0142y, lekki, elegancki w\u00f3zek dzieci\u0119cy Euforia S od Paradise Baby to klasa sama w sobie. W w\u00f3zku Euphoria wykorzystano t\u0142oczon\u0105 gondol\u0119 .Designerska, wytrzyma\u0142a konstrukcja wykonana z aluminium z wyci\u0105ganymi \u201eo\u015bkami, dzi\u0119ki czemu mo\u017cna ca\u0142kowicie zdemontowa\u0107 wszystkie ko\u0142a wraz z nimi.\u0141atwy i praktyczny system sk\u0142adania stela\u017ca do ma\u0142ych rozmiar\u00f3w \u2013 do pozycji \u201e0. 3 pary amortyzator\u00f3w z mo\u017cliwo\u015bci\u0105 regulacji twardo\u015bci zawieszenia, co wp\u0142ywa na wi\u0119kszy komfort jazdy Twojego Dziecka.Tapicerka budki gondoli i siedziska spacerowego posiada du\u017c\u0105, praktyczna wentylacj\u0119 oraz rozk\u0142adany daszek przeciws\u0142oneczny.Wyj\u0105tkowo przestronna i komfortowa gondola (d\u0142ugo\u015b\u0107 85 cm) z intuicyjnym i wygodnym systemem podnoszenia zag\u0142\u00f3wka ,oraz z systemem wentylacji na spodzie.Przednie ko\u0142a wyposa\u017cone w obrotowy system 360 stopni z funkcj\u0105 blokady k\u00f3\u0142 do jazdy na wprost oraz systemem \u201eantishock, kt\u00f3ry przyjmuje na siebie nier\u00f3wno\u015bci terenu podczas jazdy oraz w trakcie zderzenia np. z przeszkod\u0105, dzi\u0119ki czemu Twoje Dziecko nie odczuwa wstrz\u0105s\u00f3w.Regulowana, obszyta ekosk\u00f3r\u0105, r\u0105czka w stela\u017cu pozwala na dostosowanie jej poziomu do wzrostu rodzica.Praktyczna, obszyta ekosk\u00f3r\u0105 r\u0105czka do przenoszenia gondoli.Wewn\u0105trz gondoli wysokogatunkowa tkanina oraz materac z wk\u0142adk\u0105 kokosow\u0105 \u2013 odpinane wn\u0119trze gondoli, dzi\u0119ki czemu ca\u0142o\u015b\u0107 mo\u017cna pra\u0107.Wersja spacerowa wyposa\u017cona w regulacj\u0119 wysoko\u015bci \u201epa\u0142\u0105ka (obszytego ekosk\u00f3r\u0105), kt\u00f3ry zabezpiecza przed wypadni\u0119ciem.Regulacja oparcia w spacer\u00f3wce od pozycji le\u017c\u0105cej do pozycji siedz\u0105cej wraz z regulowanym podn\u00f3\u017ckiem, kt\u00f3ry mo\u017cna ca\u0142kowicie schowa\u0107, dzi\u0119ki czemu spacer\u00f3wka jest o wiele bardziej funkcjonalna i ro\u015bnie razem z Twoim Maluszkiem.5-cio punktowe pasy bezpiecze\u0144stwa z mo\u017cliwo\u015bci\u0105 regulacji wysoko\u015bci w zale\u017cno\u015bci od wzrostu dziecka.Rozpinana tylna cz\u0119\u015b\u0107 budki zapewni doskona\u0142\u0105 wentylacj\u0119 w upalne dni.Mo\u017cliwo\u015b\u0107 wpinania gondoli i spacer\u00f3wki przodem lub ty\u0142em do kierunku jazdy \u2013 system wpinania \u201eklik klik.Elementy tapicerki wykonane z wysokogatunkowych materia\u0142\u00f3w przeznaczonych do produkcji w\u00f3zk\u00f3w dzieci\u0119cych, bezpieczne dla Twojego Male\u0144stwa i \u0142atwe w utrzymaniu czysto\u015bci.Designerska oraz bardzo pojemna torba.W\u00f3zek obszyty jest w ca\u0142o\u015bci atestowan\u0105 ekosk\u00f3r\u0105,wyj\u0105tek stanowi siedzisko ,gdzie pokryte jest wysokogatunkow\u0105 tkanin\u0105 oraz posiada materacyk z tkaniny frote.W wyposa\u017ceniu w\u00f3zka EUFORIA znajduj\u0105 si\u0119: folia przeciwdeszczowa, moskitiera, kubek, torba, pompka do k\u00f3\u0142 (tylko w opcji z ko\u0142ami pompowanymi), przykrycie na n\u00f3\u017cki w gondoli, przykrycie na n\u00f3\u017cki w spacer\u00f3wce, kt\u00f3re posiada dwa zamki u\u0142atwiaj\u0105ce nam dost\u0119p do dziecka,S-1 S-2S-3 S-4S-5 S-6S-7Charakterystyka Fotelika samochodowegoW zestawie Fotelik Kite w kolorze w\u00f3zka (za dop\u0142at\u0105 mo\u017cesz zam\u00f3wi\u0107 inny, klikaj\u0105c na zdj\u0119cie fotelika mo\u017cesz przeczyta\u0107 opis produktu )Avionaut Kite+ Babysafe YorkBabysafe York Avionaut CosmoAvionaut PixelDo ka\u017cdego z fotelik\u00f3w mo\u017cesz zam\u00f3wi\u0107 baz\u0119 isofix Baza isofix wymaga jednokrotnego zainstalowania w samochodzie bezpo\u015brednio do systemu Isofix samochodu. Taki system monta\u017cu u\u0142atwia p\u00f3\u017aniejsze korzystanie z fotelika, poniewa\u017c wystarczy umie\u015bci\u0107 go na bazie, nie trzeba za ka\u017cdym razem przek\u0142ada\u0107 pasa. Takie rozwi\u0105zanie zwi\u0119ksza bezpiecze\u0144stwo dziecka w przypadku zderzenia, oraz minimalizuje ryzyko niepoprawnego zapi\u0119cia fotelika.Adaptery pozwalaj\u0105 zainstalowa\u0107 na stela\u017cu w\u00f3zka fotelik samochodowyCharakterystyka \u0142\u00f3\u017ceczka drewnianegoWymiary wewn\u0119trzne 120x60cmDno z 3 stopniowym poziomem regulacjiWyjmowane szczebelki. Funkcja niezb\u0119dna dla starszych dzieci samodzielnie opuszczaj\u0105cych \u0142\u00f3\u017ceczko.Wykonane z litego drewna sosnowego\u0141\u00f3\u017ceczko wykonane z wysokiej jako\u015bci drewna sosnowego.Szczebelkowe dno zapewniaj\u0105ce odpowiedni dop\u0142yw powietrza i wentylacje. Dno regulowane w trzech poziomach co sprawia, \u017ce jest ono idealnie przystosowane zar\u00f3wno dla noworodka, jak i starszego dziecka. Staranno\u015b\u0107 wykonania i funkcjonalno\u015b\u0107 zapewni\u0105 wygod\u0119 waszemu dziecku. Spos\u00f3b monta\u017cu, zastosowane po\u0142\u0105czenia i \u015bruby zapewniaj\u0105 mo\u017cliwo\u015b\u0107 \u0142atwego, wielokrotnego monta\u017cu i demonta\u017cu \u0142\u00f3\u017ceczka dlatego mo\u017ce ono pos\u0142u\u017cy\u0107 wi\u0119cej ni\u017c jednemu dziecku. Produkt polskiego producenta.Mo\u017cliwa zamiana na inny model (za dop\u0142at\u0105)Mo\u017cliwo\u015b\u0107 wymiany na inny model , (klikaj\u0105c na zdj\u0119cie, przeczytasz pe\u0142ne informacje o produkcieW zestawie materac piankowy 6 cm w kolorowym pokrowcu (za dop\u0142at\u0105 mo\u017cesz wymieni\u0107 na inny materac)Mo\u017cesz wymieni\u0107 na materac:Gryczano- kokosowy -10 cmKokos-pianka-kokos 12 cmKokos- pianka -10 cmCharakterystyka po\u015bcieliW zestawie pe\u0142ne wyposa\u017cenie do \u0142\u00f3\u017ceczka, kolor do wyboru poni\u017cejPoszewka na poduszk\u0119 60\/40 cmPoszewka na ko\u0142dr\u0119 120\/90 cmOchraniacz 180 cmRo\u017cek bawe\u0142niany w kolorze po\u015bcieliKo\u0142dra 120\/90 cm w bia\u0142ym kolorzePoduszka 60\/40 cm w bia\u0142ym kolorzeBalonyGwiazdkiJelonekLe\u015bne zwierz\u0105tkaLiskiSafariSarenkiS\u00f3wkiOkrycie 80&#215;80 cmIdealny r\u0119cznik po k\u0105pieli, zdobione wysokiej jako\u015bci haftem na kapturku.Kapturek pozwala na okrycie wilgotnej g\u0142\u00f3wki dziecka i chroni przed wych\u0142odzeniem po k\u0105pieli.Wykonane z bardzo mi\u0119kkiej i przyjemnej frotty,kt\u00f3ra \u015bwietnie ch\u0142onie wod\u0119 i nadaje si\u0119 dla delikatnej sk\u00f3ry ka\u017cdego dziecka,nie powoduje podra\u017cnie\u0144.W zestawie prze\u015bcierad\u0142o jersey z gumk\u0105, wykonane z bawe\u0142ny , odpowiednie na ka\u017cdy materac,W komplecie potrzebne akcesoria niemowl\u0119ce, zestaw do piel\u0119gnacji g\u0142\u00f3wki szczoteczka i grzebykZestaw kosmetyczny : bezpieczne no\u017cyczki, obcinaczki , pilniczekButelka Medical Lovi 150 mlSmoczek uspokajaj\u0105cy 0-3 m -2 szt (kolor dopasowany do preferencji)2szt tetra kolor, 2szt tetra bia\u0142a, 2szt flanelka:Bawe\u0142niana pieluszki s\u0142u\u017c\u0105 nie tylko do przewijania, ale tak\u017ce do wycierania buzi oraz cia\u0142ka dziecka, s\u0105 niezb\u0119dne przy k\u0105pieli.Jednorazowe majtki poporodowe 7 sztWk\u0142adki laktacyjne 24 szt. niezb\u0119dne podczas karmienia piersi\u0105.Ceratka na materac, zabezpieczaj\u0105ca przed przemoczeniem materaca.<\/p>\n<h2>EUFORIA S PARADISE BABY 3w1 Paradise Baby<\/h2>\n<p>kolorowanki samochody, jaki prezent na roczek dla dziewczynki, domki nad morzem z atrakcjami dla dzieci, traktor z przyczep\u0105 kolorowanka do druku, znaczenie imiona kinga, co kupic na roczek, malgorzata znaczenie imienia, zaproszenie na urodziny dziecka do druku, kolorowanka pokemon, czapka g\u00f3rnika kolorowanka, zagadki dla doros\u0142ych, ry\u017c z owocami, liwia imi\u0119, kolorowanka anio\u0142ek, szkic jak narysowa\u0107 kota, znane misie z bajek, pytania o \u015bwi\u0119ta dla dzieci, na roczek dla dziewczynki<\/p>\n<p>yyyyy<\/p>\n<p>&nbsp;<\/p>\n","protected":false},"excerpt":{"rendered":"<p>Prezentujemy MIDI Wyprawk\u0119 niemowl\u0119ca sk\u0142adaj\u0105ca si\u0119 z wszystkich potrzebnych produkt\u00f3wdla Twojego dziecka w super cenie, z mo\u017cliwo\u015bci\u0105 wyboru najbardziej odpowiedniej opcji dla Ciebie.W przypadku jakichkolwiek pyta\u0144,prosimy o kontakt tel (58) 3220325 lub kontakt na messenger Bobo-Raj Co zawiera WYPRAWKA MIDI ?W\u00f3zek dzieci\u0119cy 2w1 gondola i spacer\u00f3wka EUFORIA S marki PARADISE BABY (kolor do wyboru )Fotelik [&hellip;]<\/p>\n","protected":false},"featured_media":4906,"comment_status":"closed","ping_status":"open","template":"","meta":[],"product_cat":[1284,110],"product_tag":[864,819,832,619,745,774],"class_list":["post-4905","product","type-product","status-publish","has-post-thumbnail","hentry","product_cat-paradise-baby","product_cat-wozki-wielofunkcyjne","product_tag-basen-warszawa","product_tag-co-kupic-nastolatce-na-swieta","product_tag-desery-dla-dzieci","product_tag-iwo-imie","product_tag-prezent-dla-15-latki","product_tag-prezent-na-roczek-nie-zabawka"],"_links":{"self":[{"href":"http:\/\/klubmamgdynia.pl\/index.php\/wp-json\/wp\/v2\/product\/4905","targetHints":{"allow":["GET"]}}],"collection":[{"href":"http:\/\/klubmamgdynia.pl\/index.php\/wp-json\/wp\/v2\/product"}],"about":[{"href":"http:\/\/klubmamgdynia.pl\/index.php\/wp-json\/wp\/v2\/types\/product"}],"replies":[{"embeddable":true,"href":"http:\/\/klubmamgdynia.pl\/index.php\/wp-json\/wp\/v2\/comments?post=4905"}],"wp:featuredmedia":[{"embeddable":true,"href":"http:\/\/klubmamgdynia.pl\/index.php\/wp-json\/wp\/v2\/media\/4906"}],"wp:attachment":[{"href":"http:\/\/klubmamgdynia.pl\/index.php\/wp-json\/wp\/v2\/media?parent=4905"}],"wp:term":[{"taxonomy":"product_cat","embeddable":true,"href":"http:\/\/klubmamgdynia.pl\/index.php\/wp-json\/wp\/v2\/product_cat?post=4905"},{"taxonomy":"product_tag","embeddable":true,"href":"http:\/\/klubmamgdynia.pl\/index.php\/wp-json\/wp\/v2\/product_tag?post=4905"}],"curies":[{"name":"wp","href":"https:\/\/api.w.org\/{rel}","templated":true}]}}