{"id":4907,"date":"2022-06-24T21:40:01","date_gmt":"2022-06-24T19:40:01","guid":{"rendered":"http:\/\/klubmamgdynia.pl\/index.php\/produkt\/pinio-snap-dodatkowa-polka-do-szafy-3-drzwiowej\/"},"modified":"2026-05-17T22:17:16","modified_gmt":"2026-05-17T20:17:16","slug":"pinio-snap-dodatkowa-polka-do-szafy-3-drzwiowej","status":"publish","type":"product","link":"http:\/\/klubmamgdynia.pl\/index.php\/produkt\/pinio-snap-dodatkowa-polka-do-szafy-3-drzwiowej\/","title":{"rendered":"Pinio Snap dodatkowa p\u00f3\u0142ka do szafy 3-drzwiowej"},"content":{"rendered":"<p>producent: Pinio<\/p>\n<h2>Pinio Snap dodatkowa p\u00f3\u0142ka do szafy 3-drzwiowej Pinio<\/h2>\n<p>kot rysunek dla dzieci, kolorowanka dla dzieci, pisanie po \u015bladzie do druku pdf, zagadki na inteligencje, bajki do czytania dla ch\u0142opc\u00f3w, wroc\u0142aw atrakcje dla m\u0142odzie\u017cy, wystawy dla dzieci warszawa, rysunki dla pocz\u0105tkuj\u0105cych, minecraft quiz, pomys\u0142y na pakowanie prezent\u00f3w, malowanki, atrakcje dla dzieci wroc\u0142aw 2021, ziemia wyspa zielona tekst, peppa kolorowanka, kr\u00f3tkie bajki dla dzieci do czytania<\/p>\n<p>yyyyy<\/p>\n<p>&nbsp;<\/p>\n","protected":false},"excerpt":{"rendered":"<p>producent: Pinio Pinio Snap dodatkowa p\u00f3\u0142ka do szafy 3-drzwiowej Pinio kot rysunek dla dzieci, kolorowanka dla dzieci, pisanie po \u015bladzie do druku pdf, zagadki na inteligencje, bajki do czytania dla ch\u0142opc\u00f3w, wroc\u0142aw atrakcje dla m\u0142odzie\u017cy, wystawy dla dzieci warszawa, rysunki dla pocz\u0105tkuj\u0105cych, minecraft quiz, pomys\u0142y na pakowanie prezent\u00f3w, malowanki, atrakcje dla dzieci wroc\u0142aw 2021, ziemia [&hellip;]<\/p>\n","protected":false},"featured_media":4908,"comment_status":"closed","ping_status":"open","template":"","meta":[],"product_cat":[983,1010],"product_tag":[817,859,640,850,694],"class_list":["post-4907","product","type-product","status-publish","has-post-thumbnail","hentry","product_cat-pinio","product_cat-szafy-dzieciece","product_tag-bajka-terapeutyczna-o-emocjach","product_tag-dobranoc-pchly-na-noc","product_tag-prezent-dla-rocznej-dziewczynki","product_tag-wroclaw-atrakcje-dla-dzieci","product_tag-zagadki-swiateczne-dla-dzieci"],"_links":{"self":[{"href":"http:\/\/klubmamgdynia.pl\/index.php\/wp-json\/wp\/v2\/product\/4907","targetHints":{"allow":["GET"]}}],"collection":[{"href":"http:\/\/klubmamgdynia.pl\/index.php\/wp-json\/wp\/v2\/product"}],"about":[{"href":"http:\/\/klubmamgdynia.pl\/index.php\/wp-json\/wp\/v2\/types\/product"}],"replies":[{"embeddable":true,"href":"http:\/\/klubmamgdynia.pl\/index.php\/wp-json\/wp\/v2\/comments?post=4907"}],"wp:featuredmedia":[{"embeddable":true,"href":"http:\/\/klubmamgdynia.pl\/index.php\/wp-json\/wp\/v2\/media\/4908"}],"wp:attachment":[{"href":"http:\/\/klubmamgdynia.pl\/index.php\/wp-json\/wp\/v2\/media?parent=4907"}],"wp:term":[{"taxonomy":"product_cat","embeddable":true,"href":"http:\/\/klubmamgdynia.pl\/index.php\/wp-json\/wp\/v2\/product_cat?post=4907"},{"taxonomy":"product_tag","embeddable":true,"href":"http:\/\/klubmamgdynia.pl\/index.php\/wp-json\/wp\/v2\/product_tag?post=4907"}],"curies":[{"name":"wp","href":"https:\/\/api.w.org\/{rel}","templated":true}]}}