{"id":491,"date":"2019-11-08T15:40:34","date_gmt":"2019-11-08T14:40:34","guid":{"rendered":"http:\/\/klubmamgdynia.pl\/index.php\/produkt\/brio-world-pociag-parowy-z-tunelem\/"},"modified":"2026-04-30T08:00:20","modified_gmt":"2026-04-30T06:00:20","slug":"brio-world-pociag-parowy-z-tunelem","status":"publish","type":"product","link":"http:\/\/klubmamgdynia.pl\/index.php\/produkt\/brio-world-pociag-parowy-z-tunelem\/","title":{"rendered":"Brio World Poci\u0105g Parowy z Tunelem"},"content":{"rendered":"<p>BRIO World Poci\u0105g Parowy z TunelemNumer kat. 33892Poci\u0105g parowy i tunel zosta\u0142 przepi\u0119knie wykonany na wz\u00f3r klasycznego wzornictwa oraz drewnianych detali. Ten zabytkowy poci\u0105g parowy doskonale sprawdza si\u0119 przy przewo\u017ceniu r\u00f3\u017cnego rodzaju towar\u00f3w. Sprytne opakowanie wok\u00f3\u0142 poci\u0105gu towarowego przekszta\u0142ca si\u0119 w stylowy, przezroczysty tunel &#8211; po prostu umie\u015b\u0107 go na dowolnym drewnianym torze kolejowym BRIO World i gotowe. Ca\u0142a naprz\u00f3d!Poci\u0105g parowy zosta\u0142 wyprodukowany z drewna posiadaj\u0105cego certyfikat FSC. To wysokiej jako\u015bci produkt bezpieczny dla dzieci.Ilo\u015b\u0107 element\u00f3w: 3 .Wymiary opakowania:- szeroko\u015b\u0107: 215 mm- g\u0142\u0119boko\u015b\u0107: 158 mm- wysoko\u015b\u0107: 76 mmWymiary produktu:- szeroko\u015b\u0107: 235 mm- g\u0142\u0119boko\u015b\u0107: 78 mm- wysoko\u015b\u0107: 78 mmwiek: 3+<\/p>\n<h2>Brio World Poci\u0105g Parowy z Tunelem Brio<\/h2>\n<p>bianka, maski superbohater\u00f3w do wydrukowania, walentynka kolorowanka, pieski ma\u0142e dwa tekst, co na prezent dla nastolatk\u00f3w, cytaty ma\u0142y ksi\u0105\u017ce, gra kulki<\/p>\n<p>yyyyy<\/p>\n<p>&nbsp;<\/p>\n","protected":false},"excerpt":{"rendered":"<p>BRIO World Poci\u0105g Parowy z TunelemNumer kat. 33892Poci\u0105g parowy i tunel zosta\u0142 przepi\u0119knie wykonany na wz\u00f3r klasycznego wzornictwa oraz drewnianych detali. Ten zabytkowy poci\u0105g parowy doskonale sprawdza si\u0119 przy przewo\u017ceniu r\u00f3\u017cnego rodzaju towar\u00f3w. Sprytne opakowanie wok\u00f3\u0142 poci\u0105gu towarowego przekszta\u0142ca si\u0119 w stylowy, przezroczysty tunel &#8211; po prostu umie\u015b\u0107 go na dowolnym drewnianym torze kolejowym BRIO [&hellip;]<\/p>\n","protected":false},"featured_media":492,"comment_status":"closed","ping_status":"open","template":"","meta":[],"product_cat":[83,78],"product_tag":[734,718,769],"class_list":["post-491","product","type-product","status-publish","has-post-thumbnail","hentry","product_cat-auta-i-inne-pojazdy-do-zabawy","product_cat-brio","product_tag-milan-imie","product_tag-prezent-na-roczek-dla-chrzesniaka","product_tag-psi-patrol-do-czytania"],"_links":{"self":[{"href":"http:\/\/klubmamgdynia.pl\/index.php\/wp-json\/wp\/v2\/product\/491","targetHints":{"allow":["GET"]}}],"collection":[{"href":"http:\/\/klubmamgdynia.pl\/index.php\/wp-json\/wp\/v2\/product"}],"about":[{"href":"http:\/\/klubmamgdynia.pl\/index.php\/wp-json\/wp\/v2\/types\/product"}],"replies":[{"embeddable":true,"href":"http:\/\/klubmamgdynia.pl\/index.php\/wp-json\/wp\/v2\/comments?post=491"}],"wp:featuredmedia":[{"embeddable":true,"href":"http:\/\/klubmamgdynia.pl\/index.php\/wp-json\/wp\/v2\/media\/492"}],"wp:attachment":[{"href":"http:\/\/klubmamgdynia.pl\/index.php\/wp-json\/wp\/v2\/media?parent=491"}],"wp:term":[{"taxonomy":"product_cat","embeddable":true,"href":"http:\/\/klubmamgdynia.pl\/index.php\/wp-json\/wp\/v2\/product_cat?post=491"},{"taxonomy":"product_tag","embeddable":true,"href":"http:\/\/klubmamgdynia.pl\/index.php\/wp-json\/wp\/v2\/product_tag?post=491"}],"curies":[{"name":"wp","href":"https:\/\/api.w.org\/{rel}","templated":true}]}}