{"id":4911,"date":"2015-05-13T10:35:36","date_gmt":"2015-05-13T08:35:36","guid":{"rendered":"http:\/\/klubmamgdynia.pl\/index.php\/produkt\/epee-zestaw-pinypon-city-cukiernia-z-2-laleczkami\/"},"modified":"2026-05-17T22:39:44","modified_gmt":"2026-05-17T20:39:44","slug":"epee-zestaw-pinypon-city-cukiernia-z-2-laleczkami","status":"publish","type":"product","link":"http:\/\/klubmamgdynia.pl\/index.php\/produkt\/epee-zestaw-pinypon-city-cukiernia-z-2-laleczkami\/","title":{"rendered":"Epee Zestaw Pinypon City Cukiernia z 2 laleczkami"},"content":{"rendered":"<p>Zabierz swoje Pinypon do przepi\u0119knej cukierenki, w kt\u00f3rej znajduje si\u0119 maszyna do robienia lod\u00f3w i koktajli oraz mn\u00f3stwo s\u0142odyczy, takich jak lody, \u017celki, cukierki czy lizaki.Zawarto\u015b\u0107 opakowania:1 unikalna laleczka mamy Pinypon 7 cm1 unikalna laleczka dziecka Pinypon 4 cm1 cukierenkazestaw akcesori\u00f3wWymiary opakowania: 21,00 x 15,00 x 8,50 cmWiek: 4+<\/p>\n<h2>Epee Zestaw Pinypon City Cukiernia z 2 laleczkami Epee<\/h2>\n<p>quiz flagi, najpi\u0119kniejsze piosenki \u015bwi\u0105teczne dla dzieci, quiz z bajek, quiz zemsta, maski karnawa\u0142owe do druku, eksperyment dla dzieci wulkan<\/p>\n<p>yyyyy<\/p>\n<p>&nbsp;<\/p>\n","protected":false},"excerpt":{"rendered":"<p>Zabierz swoje Pinypon do przepi\u0119knej cukierenki, w kt\u00f3rej znajduje si\u0119 maszyna do robienia lod\u00f3w i koktajli oraz mn\u00f3stwo s\u0142odyczy, takich jak lody, \u017celki, cukierki czy lizaki.Zawarto\u015b\u0107 opakowania:1 unikalna laleczka mamy Pinypon 7 cm1 unikalna laleczka dziecka Pinypon 4 cm1 cukierenkazestaw akcesori\u00f3wWymiary opakowania: 21,00 x 15,00 x 8,50 cmWiek: 4+ Epee Zestaw Pinypon City Cukiernia z [&hellip;]<\/p>\n","protected":false},"featured_media":4912,"comment_status":"closed","ping_status":"open","template":"","meta":[],"product_cat":[172,49],"product_tag":[839,802,580,780],"class_list":["post-4911","product","type-product","status-publish","has-post-thumbnail","hentry","product_cat-akcesoria-dla-lalek","product_cat-epee","product_tag-bajki-na-dobranoc-do-czytania","product_tag-co-kupic-dziewczynce-na-roczek","product_tag-janusz","product_tag-krecik-bajka"],"_links":{"self":[{"href":"http:\/\/klubmamgdynia.pl\/index.php\/wp-json\/wp\/v2\/product\/4911","targetHints":{"allow":["GET"]}}],"collection":[{"href":"http:\/\/klubmamgdynia.pl\/index.php\/wp-json\/wp\/v2\/product"}],"about":[{"href":"http:\/\/klubmamgdynia.pl\/index.php\/wp-json\/wp\/v2\/types\/product"}],"replies":[{"embeddable":true,"href":"http:\/\/klubmamgdynia.pl\/index.php\/wp-json\/wp\/v2\/comments?post=4911"}],"wp:featuredmedia":[{"embeddable":true,"href":"http:\/\/klubmamgdynia.pl\/index.php\/wp-json\/wp\/v2\/media\/4912"}],"wp:attachment":[{"href":"http:\/\/klubmamgdynia.pl\/index.php\/wp-json\/wp\/v2\/media?parent=4911"}],"wp:term":[{"taxonomy":"product_cat","embeddable":true,"href":"http:\/\/klubmamgdynia.pl\/index.php\/wp-json\/wp\/v2\/product_cat?post=4911"},{"taxonomy":"product_tag","embeddable":true,"href":"http:\/\/klubmamgdynia.pl\/index.php\/wp-json\/wp\/v2\/product_tag?post=4911"}],"curies":[{"name":"wp","href":"https:\/\/api.w.org\/{rel}","templated":true}]}}