{"id":4913,"date":"2025-07-10T16:49:41","date_gmt":"2025-07-10T14:49:41","guid":{"rendered":"http:\/\/klubmamgdynia.pl\/?post_type=product&#038;p=4913"},"modified":"2026-04-06T11:29:22","modified_gmt":"2026-04-06T09:29:22","slug":"eurobaby-zestaw-dinozaurow-ebzsy7606","status":"publish","type":"product","link":"http:\/\/klubmamgdynia.pl\/index.php\/produkt\/eurobaby-zestaw-dinozaurow-ebzsy7606\/","title":{"rendered":"Eurobaby Zestaw Dinozaur\u00f3w EBZSY7606"},"content":{"rendered":"<p>Zabawka zestaw dinozaur\u00f3wZestaw dinozaur\u00f3w dla ka\u017cdego malucha kt\u00f3ry uwielbia prehistorie w tym zestawie znajdzie kilka 14 r\u00f3\u017cnych dinozaur\u00f3w o r\u00f3\u017cnej wielko\u015bci. Zestaw zawiera: &#8211; 8 wi\u0119kszych dinozaur\u00f3w, &#8211; 6 mini dinozaur\u00f3w. Wiek: 3+ Rozmiar zabawek: od 5.5 do 12 cm Rozmiar opakowania: 42 x 24 x 5 cm SY7606<\/p>\n<h2>Eurobaby Zestaw Dinozaur\u00f3w EBZSY7606 Eurobaby<\/h2>\n<p>imiona z bajek, fabian, \u0142\u00f3d\u017a atrakcje dla dzieci, dzieci cytaty, leonardo imi\u0119, cytaty na dzien dziecka, peppa do druku, kalina imi\u0119, quizy za darmo, jesienne zagadki, ahmed, dziecko cytaty, atrakcje dla dzieci warszawa, proste dekoracje bo\u017conarodzeniowe dla dzieci, kundel bury tekst, bardzo trudne zagadki, szablony postacie do szopki do druku<\/p>\n<p>yyyyy<\/p>\n<p>&nbsp;<\/p>\n","protected":false},"excerpt":{"rendered":"<p>Zabawka zestaw dinozaur\u00f3wZestaw dinozaur\u00f3w dla ka\u017cdego malucha kt\u00f3ry uwielbia prehistorie w tym zestawie znajdzie kilka 14 r\u00f3\u017cnych dinozaur\u00f3w o r\u00f3\u017cnej wielko\u015bci. Zestaw zawiera: &#8211; 8 wi\u0119kszych dinozaur\u00f3w, &#8211; 6 mini dinozaur\u00f3w. Wiek: 3+ Rozmiar zabawek: od 5.5 do 12 cm Rozmiar opakowania: 42 x 24 x 5 cm SY7606 Eurobaby Zestaw Dinozaur\u00f3w EBZSY7606 Eurobaby imiona [&hellip;]<\/p>\n","protected":false},"featured_media":4914,"comment_status":"closed","ping_status":"open","template":"","meta":[],"product_cat":[128,95],"product_tag":[797,731,652,798,601,857,634],"class_list":["post-4913","product","type-product","status-publish","has-post-thumbnail","hentry","product_cat-eurobaby","product_cat-figurki-makiety-i-zestawy","product_tag-kiekrz","product_tag-maly-ksiaze-cytaty","product_tag-otto","product_tag-prezenty-dla-nastolatki","product_tag-zagadki-co-to-jest","product_tag-zagadki-dla-dzieci-7-8-lat","product_tag-zagadki-wielkanocne-dla-dzieci"],"_links":{"self":[{"href":"http:\/\/klubmamgdynia.pl\/index.php\/wp-json\/wp\/v2\/product\/4913","targetHints":{"allow":["GET"]}}],"collection":[{"href":"http:\/\/klubmamgdynia.pl\/index.php\/wp-json\/wp\/v2\/product"}],"about":[{"href":"http:\/\/klubmamgdynia.pl\/index.php\/wp-json\/wp\/v2\/types\/product"}],"replies":[{"embeddable":true,"href":"http:\/\/klubmamgdynia.pl\/index.php\/wp-json\/wp\/v2\/comments?post=4913"}],"wp:featuredmedia":[{"embeddable":true,"href":"http:\/\/klubmamgdynia.pl\/index.php\/wp-json\/wp\/v2\/media\/4914"}],"wp:attachment":[{"href":"http:\/\/klubmamgdynia.pl\/index.php\/wp-json\/wp\/v2\/media?parent=4913"}],"wp:term":[{"taxonomy":"product_cat","embeddable":true,"href":"http:\/\/klubmamgdynia.pl\/index.php\/wp-json\/wp\/v2\/product_cat?post=4913"},{"taxonomy":"product_tag","embeddable":true,"href":"http:\/\/klubmamgdynia.pl\/index.php\/wp-json\/wp\/v2\/product_tag?post=4913"}],"curies":[{"name":"wp","href":"https:\/\/api.w.org\/{rel}","templated":true}]}}