{"id":4915,"date":"2018-07-01T10:18:37","date_gmt":"2018-07-01T08:18:37","guid":{"rendered":"http:\/\/klubmamgdynia.pl\/index.php\/produkt\/maileg-myszka-turysta-hiker-mouse-big-brother\/"},"modified":"2026-04-21T01:43:08","modified_gmt":"2026-04-20T23:43:08","slug":"maileg-myszka-turysta-hiker-mouse-big-brother","status":"publish","type":"product","link":"http:\/\/klubmamgdynia.pl\/index.php\/produkt\/maileg-myszka-turysta-hiker-mouse-big-brother\/","title":{"rendered":"Maileg Myszka Turysta Hiker Mouse Big Brother"},"content":{"rendered":"<p>Czas na wycieczk\u0119! Myszka Maileg jest ju\u017c gotowa. Ubrana w pasiasty sweter, wygodne spodnie oraz kapelusz mo\u017ce za chwil\u0119 wyruszy\u0107 w drog\u0119. Na plecach niesie sw\u00f3j \u015bpiw\u00f3r, aby w razie potrzeby drzemka by\u0142a komfortowa i przytulna.Myszka wykonana zosta\u0142a z bawe\u0142ny. Posiada r\u0119cznie dopracowane detale nadaj\u0105ce jej niepowtarzalnego charakteru. Na plecach niesie sw\u00f3j \u015bpiw\u00f3r, aby w razie potrzeby drzemka by\u0142a komfortowa i przytulna.Myszki Maileg to wyj\u0105tkowe zabawki dla dzieci o niepowtarzalnym charakterze. Wykonane s\u0105 z bawe\u0142ny i posiadaj\u0105 r\u0119cznie dopracowane detale. Idealne do kolekcjonowania. Razem mog\u0105 stworzy\u0107 ca\u0142\u0105 mysi\u0105 rodzin\u0119. Istnieje tak\u017ce mo\u017cliwo\u015b\u0107 dokupienia dla myszek dodatkowych akcesori\u00f3w.Wiek: 3 lata +Materia\u0142: Bawe\u0142naPiel\u0119gnacja: Pra\u0107 w 30 stopniachWymiary: ok 12 cm<\/p>\n<h2>Maileg Myszka Turysta Hiker Mouse Big Brother Maileg<\/h2>\n<p>prezenty na 1 roczek, kolorowanka wakacje, kolorowanka ksi\u0119\u017cniczka, menu urodzinowe dla dzieci w wieku 8 10 lat, ma\u0142o nas do pieczenia chleba, rysunki \u0142atwe, kolorowe kanapki kanapki dla dzieci, kolorowanka wakacje, smok wawelski bajka, by\u0142a sobie \u017cabka ma\u0142a tekst, po\u0142\u0105cz kropki do druku, kolorowanka spiderman, znaczenie imiona alan, cytaty o rodzinie, dzien matki cytaty, zagadki zimowe dla dzieci, sentencja rodzina, kiekrz, test z lektury felix net i nika oraz gang niewidzialnych ludzi, kolorowanki do druku konie<\/p>\n<p>yyyyy<\/p>\n<p>&nbsp;<\/p>\n","protected":false},"excerpt":{"rendered":"<p>Czas na wycieczk\u0119! Myszka Maileg jest ju\u017c gotowa. Ubrana w pasiasty sweter, wygodne spodnie oraz kapelusz mo\u017ce za chwil\u0119 wyruszy\u0107 w drog\u0119. Na plecach niesie sw\u00f3j \u015bpiw\u00f3r, aby w razie potrzeby drzemka by\u0142a komfortowa i przytulna.Myszka wykonana zosta\u0142a z bawe\u0142ny. Posiada r\u0119cznie dopracowane detale nadaj\u0105ce jej niepowtarzalnego charakteru. Na plecach niesie sw\u00f3j \u015bpiw\u00f3r, aby w [&hellip;]<\/p>\n","protected":false},"featured_media":4916,"comment_status":"closed","ping_status":"open","template":"","meta":[],"product_cat":[947,42],"product_tag":[683,616,778,633],"class_list":["post-4915","product","type-product","status-publish","has-post-thumbnail","hentry","product_cat-maileg","product_cat-maskotki","product_tag-karaluchy-pod-poduchy","product_tag-test-mikolajek-25-pytan","product_tag-zabawki-na-roczek-dla-chlopca","product_tag-zagadki-z-odpowiedziami"],"_links":{"self":[{"href":"http:\/\/klubmamgdynia.pl\/index.php\/wp-json\/wp\/v2\/product\/4915","targetHints":{"allow":["GET"]}}],"collection":[{"href":"http:\/\/klubmamgdynia.pl\/index.php\/wp-json\/wp\/v2\/product"}],"about":[{"href":"http:\/\/klubmamgdynia.pl\/index.php\/wp-json\/wp\/v2\/types\/product"}],"replies":[{"embeddable":true,"href":"http:\/\/klubmamgdynia.pl\/index.php\/wp-json\/wp\/v2\/comments?post=4915"}],"wp:featuredmedia":[{"embeddable":true,"href":"http:\/\/klubmamgdynia.pl\/index.php\/wp-json\/wp\/v2\/media\/4916"}],"wp:attachment":[{"href":"http:\/\/klubmamgdynia.pl\/index.php\/wp-json\/wp\/v2\/media?parent=4915"}],"wp:term":[{"taxonomy":"product_cat","embeddable":true,"href":"http:\/\/klubmamgdynia.pl\/index.php\/wp-json\/wp\/v2\/product_cat?post=4915"},{"taxonomy":"product_tag","embeddable":true,"href":"http:\/\/klubmamgdynia.pl\/index.php\/wp-json\/wp\/v2\/product_tag?post=4915"}],"curies":[{"name":"wp","href":"https:\/\/api.w.org\/{rel}","templated":true}]}}