{"id":4917,"date":"2020-05-08T04:07:05","date_gmt":"2020-05-08T02:07:05","guid":{"rendered":"http:\/\/klubmamgdynia.pl\/index.php\/produkt\/junama-mirror-satin-v2-02-gleboko-spacerowy-fotelik-baza\/"},"modified":"2026-05-17T22:06:21","modified_gmt":"2026-05-17T20:06:21","slug":"junama-mirror-satin-v2-02-gleboko-spacerowy-fotelik-baza","status":"publish","type":"product","link":"http:\/\/klubmamgdynia.pl\/index.php\/produkt\/junama-mirror-satin-v2-02-gleboko-spacerowy-fotelik-baza\/","title":{"rendered":"Junama Mirror Satin V2 02 G\u0142\u0119boko Spacerowy + Fotelik + + Baza"},"content":{"rendered":"<p>Polski w\u00f3zek z doskona\u0142\u0105 amortyzacj\u0105 \u2013 Junama Mirror Satin 4w1W\u00f3zek Junama Mirror Satin 4w1 to kolejny z przyci\u0105gaj\u0105cych wzrok modeli w\u00f3zk\u00f3w Junama, kt\u00f3re ciesz\u0105 si\u0119 ogromn\u0105 popularno\u015bci\u0105 w\u015br\u00f3d rodzic\u00f3w ceni\u0105cych elegancj\u0119 i szyk. Polski producent po\u0142\u0105czy\u0142 walory estetyczne z wytrzyma\u0142o\u015bci\u0105 i innowacyjnymisystemami, kt\u00f3re zwi\u0119kszaj\u0105 przyjemno\u015b\u0107 z jazdy. Ceniona amortyzacja to najcz\u0119\u015bciej wspominana zaleta w\u00f3zk\u00f3w Junama. Dba ona o komfort ma\u0142ego spacerowicza, zapewniaj\u0105c setki udanych spacer\u00f3w w rodzinnym gronie.Oferowany zestaw zawiera: aluminiowy stela\u017c z ko\u0142ami i koszem na zakupy,gondol\u0119, siedzisko spacerowe z materacykiem,fotelik Avionaut Kite dopasowany do koloru tapicerki w\u00f3zka,baz\u0119 Isofix Dock do fotelik\u00f3w Avionaut Kite, adaptery do fotelika samochodowego,torb\u0119 z przewijakiem i organizerem, os\u0142on\u0119 na n\u00f3\u017cki do wersji gondolowej i spacerowej, foli\u0119 przeciwdeszczow\u0105, moskitier\u0119, uchwyt na kubek,barierk\u0119 ochronn\u0105 do spacer\u00f3wki.Junama V2 \u2013 udoskonalona wersja modelu Mirror Satin 4w1V2 to najnowsza, udoskonalona wersja w\u00f3zk\u00f3w od Junama. Dzi\u0119ki niej model Mirror Satin sta\u0142 si\u0119 jeszcze bardziej funkcjonalny i kompaktowy, nie trac\u0105c przy tym na niezwykle oryginalnym designie. W\u00f3zki dzieci\u0119ce Junama w ods\u0142onie V2 zapewniaj\u0105 nast\u0119puj\u0105ce udogodnienia:ni\u017csz\u0105 wag\u0119 spacer\u00f3wki, dzi\u0119ki zastosowaniu kompaktowego siedziska spacerowego,mo\u017cliwo\u015b\u0107 sk\u0142adania stela\u017ca z wpi\u0119tym siedziskiem spacerowym,intuicyjny system wypinania gondoli,technologiczne udoskonalenie k\u00f3\u0142 obrotowych \u2013 redukcj\u0119 drga\u0144, innowacyjny system pospieszenia oraz zwolnienia obrotu k\u00f3\u0142,nowoczesn\u0105 torb\u0119 do w\u00f3zka z organizerem, funkcj\u0105 rozk\u0142adania i zwi\u0119kszon\u0105 pojemno\u015bci\u0105,modyfikacj\u0119 pokrowca gondoli, umo\u017cliwiaj\u0105c\u0105 szybki dost\u0119p do jej wn\u0119trza,nowe opony z wykorzystaniem bezobs\u0142ugowego systemu k\u00f3\u0142 wiecznych z warstw\u0105 poliuretanow\u0105.Za spraw\u0105 powy\u017cszych rozwi\u0105za\u0144 zar\u00f3wno maluszek, jak i rodzic, zyska jeszcze wi\u0119ksz\u0105 wygod\u0119 podczas ka\u017cdego spaceru!Doskona\u0142e w\u0142a\u015bciwo\u015bci jezdneJunama Mirror Satin 4w1 ma a\u017c 6 amortyzator\u00f3w. Cztery ulokowane przy bezobs\u0142ugowych \u017celowych ko\u0142ach zapewniaj\u0105 wyt\u0142umienie wstrz\u0105s\u00f3w powodowanych przez nier\u00f3wny teren. Wyj\u0105tkowe rozwi\u0105zanie to dwaamortyzatory umieszczone w stela\u017cu w\u00f3zka, kt\u00f3re mo\u017cesz regulowa\u0107. Ustawisz ich twardo\u015b\u0107, a mo\u017cesz ca\u0142kowicie je wy\u0142\u0105czy\u0107, gdy wjedziesz na lepsze pod\u0142o\u017ce. W po\u0142\u0105czeniu z \u017celowymi ko\u0142ami daje to niepowtarzaln\u0105 wygod\u0119 prowadzenia, a siedz\u0105cy w w\u00f3zku maluch ma gwarancj\u0119 spokojnego snu.Solidny stela\u017c i \u0142atwa obs\u0142uga w w\u00f3zkach Junama Mirror Satin 4w1Lekki ale solidny stela\u017c wykonany z aluminium sprawia, \u017ce Mirror Satin 4w1 \u0142\u0105czy w sobie nisk\u0105 wag\u0119 i wysok\u0105 wytrzyma\u0142o\u015b\u0107. System sk\u0142adania gwarantuje oszcz\u0119dno\u015b\u0107 miejsca, co szczeg\u00f3lnie wa\u017cne w przypadku mniejszych metra\u017cy, gdzie liczy si\u0119 ka\u017cda wolna przestrze\u0144. Regulowana r\u0105czka sprawia, \u017ce wygodne prowadzenie w\u00f3zka jest mo\u017cliwe bez wzgl\u0119du na wzrost opiekuna. Junama Mirror Satin 4w1 daje pe\u0142n\u0105 kontrol\u0119 nad tym, gdzie pojedzie w\u00f3zek. Skr\u0119tne ko\u0142a przednie z mo\u017cliwo\u015bci\u0105 blokady i centralny hamulec nadaj\u0105 mu zwinno\u015b\u0107 i mobilno\u015b\u0107, ale te\u017c gwarantuj\u0105 bezpiecze\u0144stwo malucha. W\u00f3zek nie pojedzie sam ani nie stoczy si\u0119 nawet ze stromej powierzchni. To sprawia, \u017ce z Mirror Satin 4w1 naprawd\u0119 zadbasz o bezpiecze\u0144stwo swojego dziecka.Komfort termiczny ma\u0142ego spacerowiczaW\u00f3zek sprawdzi si\u0119 o ka\u017cdej porze roku. Wentylowana budka z daszkiem, kt\u00f3ry ma filtr UV<\/p>\n<h2>Junama Mirror Satin V2 02 G\u0142\u0119boko Spacerowy + Fotelik + + Baza Junama<\/h2>\n<p>pisanie po \u015bladzie do druku pdf, pomysl na prezent na roczek, ci\u0119\u017ckie zagadki, ko\u0142ysanki teksty, kolorowanka pikachu, maski dla dzieci do druku, przedszkole drugi dom, pikachu kolorowanka, melania znaczenie imienia, zagadki o bajkach, bajki na dobranoc, imi\u0119 alan, kolorowanki koty, test z dynastii mizio\u0142k\u00f3w, kolorowanki na dzie\u0144 niepodleg\u0142o\u015bci do wydruku, menu urodzinowe dla dzieci w wieku 8 10 lat, ko\u0142ysanki dla dzieci + tekst, dla nastolatk\u00f3w prezenty, prezent dla jedenastolatka<\/p>\n<p>yyyyy<\/p>\n<p>&nbsp;<\/p>\n","protected":false},"excerpt":{"rendered":"<p>Polski w\u00f3zek z doskona\u0142\u0105 amortyzacj\u0105 \u2013 Junama Mirror Satin 4w1W\u00f3zek Junama Mirror Satin 4w1 to kolejny z przyci\u0105gaj\u0105cych wzrok modeli w\u00f3zk\u00f3w Junama, kt\u00f3re ciesz\u0105 si\u0119 ogromn\u0105 popularno\u015bci\u0105 w\u015br\u00f3d rodzic\u00f3w ceni\u0105cych elegancj\u0119 i szyk. Polski producent po\u0142\u0105czy\u0142 walory estetyczne z wytrzyma\u0142o\u015bci\u0105 i innowacyjnymisystemami, kt\u00f3re zwi\u0119kszaj\u0105 przyjemno\u015b\u0107 z jazdy. Ceniona amortyzacja to najcz\u0119\u015bciej wspominana zaleta w\u00f3zk\u00f3w Junama. [&hellip;]<\/p>\n","protected":false},"featured_media":4918,"comment_status":"closed","ping_status":"open","template":"","meta":[],"product_cat":[1279,110],"product_tag":[795,586,675,628,791],"class_list":["post-4917","product","type-product","status-publish","has-post-thumbnail","hentry","product_cat-junama","product_cat-wozki-wielofunkcyjne","product_tag-mini-zoo-warszawa","product_tag-smieszne-zagadki","product_tag-test-z-lektury-kajko-i-kokosz-szkola-latania","product_tag-zagadka","product_tag-zagadki-na-myslenie"],"_links":{"self":[{"href":"http:\/\/klubmamgdynia.pl\/index.php\/wp-json\/wp\/v2\/product\/4917","targetHints":{"allow":["GET"]}}],"collection":[{"href":"http:\/\/klubmamgdynia.pl\/index.php\/wp-json\/wp\/v2\/product"}],"about":[{"href":"http:\/\/klubmamgdynia.pl\/index.php\/wp-json\/wp\/v2\/types\/product"}],"replies":[{"embeddable":true,"href":"http:\/\/klubmamgdynia.pl\/index.php\/wp-json\/wp\/v2\/comments?post=4917"}],"wp:featuredmedia":[{"embeddable":true,"href":"http:\/\/klubmamgdynia.pl\/index.php\/wp-json\/wp\/v2\/media\/4918"}],"wp:attachment":[{"href":"http:\/\/klubmamgdynia.pl\/index.php\/wp-json\/wp\/v2\/media?parent=4917"}],"wp:term":[{"taxonomy":"product_cat","embeddable":true,"href":"http:\/\/klubmamgdynia.pl\/index.php\/wp-json\/wp\/v2\/product_cat?post=4917"},{"taxonomy":"product_tag","embeddable":true,"href":"http:\/\/klubmamgdynia.pl\/index.php\/wp-json\/wp\/v2\/product_tag?post=4917"}],"curies":[{"name":"wp","href":"https:\/\/api.w.org\/{rel}","templated":true}]}}