{"id":4919,"date":"2014-04-24T10:13:31","date_gmt":"2014-04-24T08:13:31","guid":{"rendered":"http:\/\/klubmamgdynia.pl\/index.php\/produkt\/howa-lozko-pietrowe-rozowe-rozowy-2440\/"},"modified":"2026-05-17T22:06:51","modified_gmt":"2026-05-17T20:06:51","slug":"howa-lozko-pietrowe-rozowe-rozowy-2440","status":"publish","type":"product","link":"http:\/\/klubmamgdynia.pl\/index.php\/produkt\/howa-lozko-pietrowe-rozowe-rozowy-2440\/","title":{"rendered":"Howa \u0141\u00f3\u017cko Pi\u0119trowe R\u00f3\u017cowe R\u00f3\u017cowy 2440"},"content":{"rendered":"<p>Dzi\u0119ki meblom dla lalek z howa \u00ae ma\u0142e dziewczynki staj\u0105 si\u0119 doskona\u0142ymi mamami dla lalek. Ma\u0142a lalka \u015bpi w \u0142\u00f3\u017cku lub w \u0142\u00f3\u017cku pi\u0119trowym. W ko\u0144cu, ma\u0142e lalki musz\u0105 by\u0107 otoczone opiek\u0105 przez swoje mamusie, tak jak prawdziwe dzieci. Szczeg\u00f3\u0142y \u0142\u00f3\u017cka pi\u0119trowego dla lalek z drewna: \u0142\u00f3\u017cko pi\u0119trowe z howa \u00ae jest wyposa\u017cone w drabin\u0119, dzi\u0119ki czemu lalki z \u0142atwo\u015bci\u0105 dostaj\u0105 si\u0119 do \u0142\u00f3\u017cka. \u0141\u00f3\u017cka dla lalek mog\u0105 by\u0107 r\u00f3wnie\u017c indywidualnie regulowane i nadaj\u0105 si\u0119 dla lalek o d\u0142ugo\u015bci do 50 cm. Szczeg\u00f3\u0142y: Wymiary: 53 x 31 x 55 cm. Kolor: r\u00f3\u017cowy W zestawie 2 poduszki i 2 koce. Nadaje si\u0119 dla lalek o d\u0142ugo\u015bci do 50 cm. Wiek: od 3 lat. Uwaga Nie nadaje si\u0119 dla dzieci poni\u017cej trzeciego roku \u017cycia. Niebezpiecze\u0144stwo uduszenia na skutek po\u0142ykania drobnych cz\u0119\u015bci!<\/p>\n<h2>Howa \u0141\u00f3\u017cko Pi\u0119trowe R\u00f3\u017cowe R\u00f3\u017cowy 2440 Howa<\/h2>\n<p>bajki dla niemowl\u0105t do czytania, zagadki dla dzieci 7 lat, wiosenne zagadki, sara, regina, maska iron man, test z dynastii mizio\u0142k\u00f3w, bycie mam\u0105 cytaty, estera, kontynenty do druku, prezent pod choink\u0119 dla 7 letniej dziewczynki<\/p>\n<p>yyyyy<\/p>\n<p>&nbsp;<\/p>\n","protected":false},"excerpt":{"rendered":"<p>Dzi\u0119ki meblom dla lalek z howa \u00ae ma\u0142e dziewczynki staj\u0105 si\u0119 doskona\u0142ymi mamami dla lalek. Ma\u0142a lalka \u015bpi w \u0142\u00f3\u017cku lub w \u0142\u00f3\u017cku pi\u0119trowym. W ko\u0144cu, ma\u0142e lalki musz\u0105 by\u0107 otoczone opiek\u0105 przez swoje mamusie, tak jak prawdziwe dzieci. Szczeg\u00f3\u0142y \u0142\u00f3\u017cka pi\u0119trowego dla lalek z drewna: \u0142\u00f3\u017cko pi\u0119trowe z howa \u00ae jest wyposa\u017cone w drabin\u0119, [&hellip;]<\/p>\n","protected":false},"featured_media":4920,"comment_status":"closed","ping_status":"open","template":"","meta":[],"product_cat":[172,1286],"product_tag":[827,598,735,782],"class_list":["post-4919","product","type-product","status-publish","has-post-thumbnail","hentry","product_cat-akcesoria-dla-lalek","product_cat-howa","product_tag-bajki-dla-niemowlat","product_tag-co-na-roczek-dla-dziewczynki","product_tag-prezent-na-roczek-dziewczynka","product_tag-zagadki-dla-dzieci-z-odpowiedziami"],"_links":{"self":[{"href":"http:\/\/klubmamgdynia.pl\/index.php\/wp-json\/wp\/v2\/product\/4919","targetHints":{"allow":["GET"]}}],"collection":[{"href":"http:\/\/klubmamgdynia.pl\/index.php\/wp-json\/wp\/v2\/product"}],"about":[{"href":"http:\/\/klubmamgdynia.pl\/index.php\/wp-json\/wp\/v2\/types\/product"}],"replies":[{"embeddable":true,"href":"http:\/\/klubmamgdynia.pl\/index.php\/wp-json\/wp\/v2\/comments?post=4919"}],"wp:featuredmedia":[{"embeddable":true,"href":"http:\/\/klubmamgdynia.pl\/index.php\/wp-json\/wp\/v2\/media\/4920"}],"wp:attachment":[{"href":"http:\/\/klubmamgdynia.pl\/index.php\/wp-json\/wp\/v2\/media?parent=4919"}],"wp:term":[{"taxonomy":"product_cat","embeddable":true,"href":"http:\/\/klubmamgdynia.pl\/index.php\/wp-json\/wp\/v2\/product_cat?post=4919"},{"taxonomy":"product_tag","embeddable":true,"href":"http:\/\/klubmamgdynia.pl\/index.php\/wp-json\/wp\/v2\/product_tag?post=4919"}],"curies":[{"name":"wp","href":"https:\/\/api.w.org\/{rel}","templated":true}]}}