{"id":4925,"date":"2016-05-08T00:59:44","date_gmt":"2016-05-07T22:59:44","guid":{"rendered":"http:\/\/klubmamgdynia.pl\/index.php\/produkt\/baby-annabell-torba-do-przewijania-rozowo-niebieska-703151\/"},"modified":"2026-04-30T23:47:39","modified_gmt":"2026-04-30T21:47:39","slug":"baby-annabell-torba-do-przewijania-rozowo-niebieska-703151","status":"publish","type":"product","link":"http:\/\/klubmamgdynia.pl\/index.php\/produkt\/baby-annabell-torba-do-przewijania-rozowo-niebieska-703151\/","title":{"rendered":"Baby Annabell Torba do przewijania r\u00f3\u017cowo niebieska 703151"},"content":{"rendered":"<p>Baby Annabell &#8211; Torba z akcesoriami do przewijania                            <\/p>\n<p>Niezwykle praktyczna i \u015bliczna torba z akcesoriami do przewijania, to niezb\u0119dny dodatek do laleczki. W torebce z bajkowym wzorem znajduje si\u0119 gryzak, przewijak, pieluszka i puderniczka. Podczas gdy Annabell le\u017cy na przewijaku szcz\u0119\u015bliwie ss\u0105c gryzak, mama lub tatu\u015b mog\u0105 szybko zmieni\u0107 jej pieluch\u0119. Ju\u017c zrobione. Czas schowa\u0107 wszystko z powrotem do torby z r\u0105czk\u0105, paskiem do przenoszenia i bocznymi kieszeniami. No to idziemy&#8230; \u00a0Zawarto\u015b\u0107 i cechy zestawu:<\/p>\n<p>modna i praktyczna torba zapinana na zamek<br \/>\nmata do przewijania, pieluszka, puderniczka i gryzak<br \/>\ndla lalki 36 cm (34-38 cm)<br \/>\ndla lalki 43 cm (39-46 cm)<br \/>\nwysokiej jako\u015bci akcesoria do oryginalnych lalek Baby Annabell<br \/>\ndla lepszej, r\u00f3\u017cnorodnej i d\u0142ugotrwa\u0142ej zabawy<br \/>\nzestaw nie zawiera lalki<\/p>\n<p>Zapf Creation AG to niemiecka firma, za\u0142o\u017cona przez Maxa i Ros\u0119 Zapf w 1932 roku w Roedentalu. Zapf Creation jest wiod\u0105cym producentem markowych lalek funkcyjnych i akcesori\u00f3w w Europie. Do najbardziej znanych marek nale\u017c\u0105 Baby born, Baby Annabell oraz Chou Chou. Koncept zabawy w ma\u0142e mamy, znany na ca\u0142ym \u015bwiecie, skierowany jest przede wszystkim do dziewczynek w wieku od 3 do 8 lat.<br \/>\n\u00a0Wszystkie marki producenta \u0142\u0105czy wysoka jako\u015b\u0107, bezpiecze\u0144stwo i nowoczesna stylistyka. W czasie projektowania akcesori\u00f3w oraz ubranek dla lalek, projektanci Zapf Creation \u015bledz\u0105 aktualne trendy w modzie dzieci\u0119cej i produktach codziennego u\u017cytku, co powoduje, \u017ce corocznie wprowadzanych jest oko\u0142o 70% nowych produkt\u00f3w. W lalkach Zapf Creation znajduje zastosowanie najnowocze\u015bniejsza technika. Zabawa lalk\u0105 rozwija u dziewczynek funkcje spo\u0142eczne, takie jak: opieka, odpowiedzilno\u015b\u0107, wczuwanie si\u0119 w potrzeby innych ludzi.<\/p>\n<h2>Baby Annabell Torba do przewijania r\u00f3\u017cowo niebieska 703151 BABY ANNABELL<\/h2>\n<p>\u0142amig\u0142\u00f3wki dla dzieci do druku, kolorowanka wakacje, pawe\u0142, dzie\u0144 mamy sentencje, zaproszenie na urodziny, gdzie strumyk p\u0142ynie z wolna tekst, p\u0142ywalnie warszawa, imie kuba, rado\u015b\u0107 dziecka cytaty, platformy edukacyjne dla dzieci, esmeralda, znaki drogowe do druku, gabriel, bajki do czytania dla ch\u0142opc\u00f3w, prezent dla dwunastolatka, quiz o bo\u017cym narodzeniu, nela imi\u0119, koty rysunki<\/p>\n<p>yyyyy<\/p>\n<p>&nbsp;<\/p>\n","protected":false},"excerpt":{"rendered":"<p>Baby Annabell &#8211; Torba z akcesoriami do przewijania Niezwykle praktyczna i \u015bliczna torba z akcesoriami do przewijania, to niezb\u0119dny dodatek do laleczki. W torebce z bajkowym wzorem znajduje si\u0119 gryzak, przewijak, pieluszka i puderniczka. Podczas gdy Annabell le\u017cy na przewijaku szcz\u0119\u015bliwie ss\u0105c gryzak, mama lub tatu\u015b mog\u0105 szybko zmieni\u0107 jej pieluch\u0119. Ju\u017c zrobione. Czas schowa\u0107 [&hellip;]<\/p>\n","protected":false},"featured_media":4926,"comment_status":"closed","ping_status":"open","template":"","meta":[],"product_cat":[172,1161],"product_tag":[871,638,655,816,651],"class_list":["post-4925","product","type-product","status-publish","has-post-thumbnail","hentry","product_cat-akcesoria-dla-lalek","product_cat-baby-annabell","product_tag-bajka-o-smoku-wawelskim","product_tag-miastodzieci","product_tag-najlepsze-zagadki","product_tag-place-zabaw-warszawa","product_tag-quizy-online"],"_links":{"self":[{"href":"http:\/\/klubmamgdynia.pl\/index.php\/wp-json\/wp\/v2\/product\/4925","targetHints":{"allow":["GET"]}}],"collection":[{"href":"http:\/\/klubmamgdynia.pl\/index.php\/wp-json\/wp\/v2\/product"}],"about":[{"href":"http:\/\/klubmamgdynia.pl\/index.php\/wp-json\/wp\/v2\/types\/product"}],"replies":[{"embeddable":true,"href":"http:\/\/klubmamgdynia.pl\/index.php\/wp-json\/wp\/v2\/comments?post=4925"}],"wp:featuredmedia":[{"embeddable":true,"href":"http:\/\/klubmamgdynia.pl\/index.php\/wp-json\/wp\/v2\/media\/4926"}],"wp:attachment":[{"href":"http:\/\/klubmamgdynia.pl\/index.php\/wp-json\/wp\/v2\/media?parent=4925"}],"wp:term":[{"taxonomy":"product_cat","embeddable":true,"href":"http:\/\/klubmamgdynia.pl\/index.php\/wp-json\/wp\/v2\/product_cat?post=4925"},{"taxonomy":"product_tag","embeddable":true,"href":"http:\/\/klubmamgdynia.pl\/index.php\/wp-json\/wp\/v2\/product_tag?post=4925"}],"curies":[{"name":"wp","href":"https:\/\/api.w.org\/{rel}","templated":true}]}}