{"id":4927,"date":"2010-11-22T08:53:45","date_gmt":"2010-11-22T07:53:45","guid":{"rendered":"http:\/\/klubmamgdynia.pl\/index.php\/produkt\/mga-crate-creatures-surprise-barf-buddies-s1-36szt\/"},"modified":"2026-05-02T12:46:52","modified_gmt":"2026-05-02T10:46:52","slug":"mga-crate-creatures-surprise-barf-buddies-s1-36szt","status":"publish","type":"product","link":"http:\/\/klubmamgdynia.pl\/index.php\/produkt\/mga-crate-creatures-surprise-barf-buddies-s1-36szt\/","title":{"rendered":"MGA Crate Creatures Surprise Barf Buddies S1 36Szt"},"content":{"rendered":"<p>Autor:ISBN: 4+EAN: 00035051555063Wydawnictwo: MGAWydanie: pude\u0142ko,42x32x34,5 cmStrony:Poci\u0105gnij Barf Buddies za ogon, wyda d\u017awi\u0119ki i zwymiotuje. 5 unikalnych postaci, ka\u017cda z w\u0142asnymi akcesoriami i szlamem.<\/p>\n<h2>MGA Crate Creatures Surprise Barf Buddies S1 36Szt MGA<\/h2>\n<p>zagadki dla dzieci 10 12 lat z odpowiedziami, kr\u00f3tkie bajki do czytania na dobranoc, malgorzata znaczenie imienia, szlaczki dla dzieci, quizy dla dzieci 7 lat, dalia imi\u0119, wiosenne zagadki, aurora imi\u0119, zabawy z 7 latkiem, pomys\u0142y na dzie\u0144 dziecka dla nastolatk\u00f3w, tymoteusz znaczenie imienia, prezenty urodzinowe dla nastolatk\u00f3w, trudne zagadki i odpowiedzi<\/p>\n<p>yyyyy<\/p>\n<p>&nbsp;<\/p>\n","protected":false},"excerpt":{"rendered":"<p>Autor:ISBN: 4+EAN: 00035051555063Wydawnictwo: MGAWydanie: pude\u0142ko,42x32x34,5 cmStrony:Poci\u0105gnij Barf Buddies za ogon, wyda d\u017awi\u0119ki i zwymiotuje. 5 unikalnych postaci, ka\u017cda z w\u0142asnymi akcesoriami i szlamem. MGA Crate Creatures Surprise Barf Buddies S1 36Szt MGA zagadki dla dzieci 10 12 lat z odpowiedziami, kr\u00f3tkie bajki do czytania na dobranoc, malgorzata znaczenie imienia, szlaczki dla dzieci, quizy dla dzieci [&hellip;]<\/p>\n","protected":false},"featured_media":4928,"comment_status":"closed","ping_status":"open","template":"","meta":[],"product_cat":[95,301],"product_tag":[660,777,808,775,723,679],"class_list":["post-4927","product","type-product","status-publish","has-post-thumbnail","hentry","product_cat-figurki-makiety-i-zestawy","product_cat-mga","product_tag-bianka","product_tag-co-na-roczek","product_tag-imie-mia","product_tag-kolorowanki-do-druku-pokemon","product_tag-krotkie-bajki-do-czytania-na-dobranoc","product_tag-zabawki-na-roczek-dla-dziewczynki"],"_links":{"self":[{"href":"http:\/\/klubmamgdynia.pl\/index.php\/wp-json\/wp\/v2\/product\/4927","targetHints":{"allow":["GET"]}}],"collection":[{"href":"http:\/\/klubmamgdynia.pl\/index.php\/wp-json\/wp\/v2\/product"}],"about":[{"href":"http:\/\/klubmamgdynia.pl\/index.php\/wp-json\/wp\/v2\/types\/product"}],"replies":[{"embeddable":true,"href":"http:\/\/klubmamgdynia.pl\/index.php\/wp-json\/wp\/v2\/comments?post=4927"}],"wp:featuredmedia":[{"embeddable":true,"href":"http:\/\/klubmamgdynia.pl\/index.php\/wp-json\/wp\/v2\/media\/4928"}],"wp:attachment":[{"href":"http:\/\/klubmamgdynia.pl\/index.php\/wp-json\/wp\/v2\/media?parent=4927"}],"wp:term":[{"taxonomy":"product_cat","embeddable":true,"href":"http:\/\/klubmamgdynia.pl\/index.php\/wp-json\/wp\/v2\/product_cat?post=4927"},{"taxonomy":"product_tag","embeddable":true,"href":"http:\/\/klubmamgdynia.pl\/index.php\/wp-json\/wp\/v2\/product_tag?post=4927"}],"curies":[{"name":"wp","href":"https:\/\/api.w.org\/{rel}","templated":true}]}}