{"id":4929,"date":"2013-04-12T09:13:52","date_gmt":"2013-04-12T07:13:52","guid":{"rendered":"http:\/\/klubmamgdynia.pl\/index.php\/produkt\/junama-individual-04-gleboko-spacerowy-fotelik-avionaut\/"},"modified":"2026-04-08T13:03:20","modified_gmt":"2026-04-08T11:03:20","slug":"junama-individual-04-gleboko-spacerowy-fotelik-avionaut","status":"publish","type":"product","link":"http:\/\/klubmamgdynia.pl\/index.php\/produkt\/junama-individual-04-gleboko-spacerowy-fotelik-avionaut\/","title":{"rendered":"Junama Individual 04 G\u0142\u0119boko Spacerowy + Fotelik Avionaut"},"content":{"rendered":"<p>Ten w\u00f3zek sprawdzi si\u0119 ju\u017c od momentu narodzin. W\u00f3zek Junama Individual z gondol\u0105 przystosowany jest do przewo\u017cenia noworodk\u00f3w i ma\u0142ych niemowl\u0105t. Dla dzieci, kt\u00f3re samodzielnie siedz\u0105, przystosowana jest praktyczna spacer\u00f3wka. Nadaje si\u0119 ona nawet dla trzylatka. Do zestawu mo\u017cesz dokupi\u0107 adapter, kt\u00f3ry umo\u017cliwia wpi\u0119cie w ram\u0119 fotelika.Firma Junama to polski producent w\u00f3zk\u00f3w, kt\u00f3re wyr\u00f3\u017cniaj\u0105 si\u0119 nowoczesnym, niezwykle eleganckim designem. Produkty tego wytw\u00f3rcy zosta\u0142y przygotowane w tak drobiazgowy spos\u00f3b, \u017ce zachwycaj\u0105 ka\u017cdym detalem. Wszystkie oferowane akcesoria Junama id\u0105 w krok za trendami mody, a jednocze\u015bnie pozostaj\u0105 \u0142atwe w obs\u0142udze, wygodne i komfortowe dla dziecka.Przyjemna w dotyku r\u0105czka w\u00f3zka jest wyko\u0144czona sk\u00f3r\u0105 ekologiczn\u0105, co dodatkowo nadaje jej wyj\u0105tkowego charakteruR\u0105czka jest regulowana, co jest wa\u017cne dla rodzic\u00f3w o du\u017cej r\u00f3\u017cnicy wzrostu\u017belowe ko\u0142a s\u0105 bezobs\u0142ugowe &#8211; nie trzeba uzupe\u0142nia\u0107 w nich powietrza, jak w ko\u0142ach pompowanych, maj\u0105 jednak podobn\u0105 wytrzyma\u0142o\u015b\u0107 i przeznaczenie terenoweDzi\u0119ki centralnemu hamulcowi na tylne ko\u0142a w\u00f3zek w ka\u017cdej chwili bardzo szybko mo\u017cna zatrzyma\u0107 i bezpiecznie postawi\u0107, nawet pod g\u00f3rk\u0119Obszerna gondola zapewnia maluchowi odpowiedni\u0105 ilo\u015b\u0107 miejsca, nawet, kiedy jest grubo ubranySystem wentylacji znajduj\u0105cy si\u0119 w wersji g\u0142\u0119bokiej i spacerowej gwarantuje odpowiedni\u0105 cyrkulacj\u0119 powietrza, przez co dziecko odczuwa komfort termicznySiedzisko spacerowe i gondol\u0119 rodzice mog\u0105 zamontowa\u0107 w obu kierunkach jazdy, co jest coraz cz\u0119\u015bciej po\u017c\u0105dan\u0105 cech\u0105Przednie ko\u0142a w\u00f3zka s\u0105 w pe\u0142ni obrotowe, co u\u0142atwia spacery w zat\u0142oczonych miejscachKo\u0142a mo\u017cna zablokowa\u0107 do jazdy na wprost, przez co w\u00f3zek mo\u017cna dopasowa\u0107 do jazdy w ka\u017cdym miejscuRama w\u00f3zka zosta\u0142a wykonana z aluminium, przez co jest lekka i odporna na dzia\u0142anie niekorzystnych warunk\u00f3w pogodowychDobry system amortyzacji zapewni dziecku komfortowy sen i odpoczynek nawet podczas spacer\u00f3w po nier\u00f3wnym terenieWn\u0119trze gondoli jest wykonane z bawe\u0142ny, kt\u00f3ra jest przyjemnym i bezpiecznym dla dziecka materia\u0142emProducent do zestawu do\u0142\u0105cza pokrowiec na n\u00f3\u017cki &#8211; dzi\u0119ki niemu maluch nie b\u0119dzie odczuwa\u0142 zimna w ch\u0142odniejsze dniRegulacja oparcia i podn\u00f3\u017cka w siedzisku spacerowym zapewnia mo\u017cliwo\u015b\u0107 ustawienia najlepszej pozycji, dopasowanej do aktualnych potrzeb dzieckaOchronna barierka uniemo\u017cliwia wypadni\u0119cie malucha z w\u00f3zkaPi\u0119ciopunktowe pasy bezpiecze\u0144stwa zosta\u0142y dodatkowo wyposa\u017cone w mi\u0119kkie otulinki dla jak najwy\u017cszego komfortu dzieckaKosz zakupowy jest zapinany na zamek b\u0142yskawiczny, dzi\u0119ki czemu mamy gwarancj\u0119, \u017ce podczas spacer\u00f3w nie zgubimy \u017cadnego elementuW ZESTAWIEAvionaut Kite+ to fotelik zapewniaj\u0105cy maksymalne bezpiecze\u0144stwo, od pierwszych dni \u017cycia dziecka. Fotelik zosta\u0142 wyposa\u017cony w zaawansowany system ochrony bocznej. Ten innowacyjny system zapewnia w przypadku zderzenia bocznego zmniejszenie przeci\u0105\u017ce\u0144 i optymalne u\u0142o\u017cenie cia\u0142a dziecka. W Avionaut Kite+ zastosowano piank\u0119 z pami\u0119ci\u0105 kszta\u0142tu, pokryt\u0105 mi\u0119kk\u0105, delikatn\u0105 tapicerk\u0105, daj\u0105c\u0105 maksymalny komfort dziecku, a tak\u017ce zapewniaj\u0105c\u0105 bezpieczne, prawid\u0142owe u\u0142o\u017cenie w foteliku. AVIONAUT KITE+ jest uniwersalny, dzi\u0119ki ergonomicznej r\u0105czce mo\u017ce s\u0142u\u017cy\u0107 jako noside\u0142ko, pasuje r\u00f3wnie\u017c do wi\u0119kszo\u015bci ram w\u00f3zk\u00f3w obecnych na rynku.Wysok\u0105 klas\u0119 bezpiecze\u0144stwa Avionaut Kite+ potwierdzi\u0142y liczne niezale\u017cne testy europejskie. Fotelik Avionaut Kite+ mo\u017cna mocowa\u0107 na trzy sposoby poprzez stabilne mocowanie do bazy Dock lub ISOFIX. Mo\u017cna go r\u00f3wnie\u017c przymocowa\u0107 za pomoc\u0105 standardowych trzypunktowych pas\u00f3w bezpiecze\u0144stwa, co u\u0142atwia zastosowany w foteliku system EasyMount.Dlaczego warto wybra\u0107 fotelik KITE+Kite+ to, bezpieczny i komfortowy fotelik,kt\u00f3ry idealnie sprawdzi si\u0119 ju\u017c w pierwszej w \u017cyciu podr\u00f3\u017cy samochodowej.Fotelik wyposa\u017cony w system Easy-in, czyli magnesowa przytwierdzanie pas\u00f3w, kt\u00f3re pozwala na szybkie i wygodne zapi\u0119cie dziecka. Dzi\u0119ki specjalnie zaprojektowanej ergonomicznej r\u0105czce mo\u017ce s\u0142u\u017cy\u0107 jako noside\u0142ko, a tak\u017ce bujaczek. Ponadto Kite+ jest kompatybilny z wi\u0119kszo\u015bci\u0105 ram w\u00f3zk\u00f3w dost\u0119pnych na rynku.Mi\u0119kki,przepuszczaj\u0105cy powietrze materia\u0142 z jakiego wykonano tapicerk\u0119 Kite+ jest dostosowany do wyj\u0105tkowych potrzeb najm\u0142odszych dzieci. Bogata kolorystyka pozwala na dopasowanie fotelika do swoich potrzeb. Ponadto wszystkie tkaniny z kt\u00f3rych wykonano tapicerk\u0119, spe\u0142niaj\u0105 restykcyjne normy testu 0Eko-tex standard100, \u015bwiadcz\u0105cy o tym, \u017ce tkanina ta nie zawiera substancji szkodliwych dla zdrowia i bezpiecze\u0144stwa dziecka.Kite+to fotelik zaprojektowany specjalnie dla potrzeb najmniejszych dzieci. Wyposa\u017cony w unikalny system Easy-In kt\u00f3ry u\u0142atwia wk\u0142adanie dziecka do fotelika. Komfort i bezpiecze\u0144stwo zapewnia wykorzystanie pianki z pami\u0119ci\u0105 kszta\u0142tu w specjalnej wk\u0142adce, o bezpiecze\u0144stwo dba r\u00f3wnie\u017c innowacyjny materia\u0142 EPP poch\u0142aniaj\u0105cy przeci\u0105\u017ceniaEPP Jest to innowacyjny materia\u0142, kt\u00f3ry z wygl\u0105du przypomina styropian, znacz\u0105co r\u00f3\u017cni si\u0119 jednak od niego tym, \u017ce nie jest tak sztywny czy te\u017c kruchy. Ponadto charakteryzuje go wysoka odporno\u015b\u0107 na czynniki fizyczne i chemiczne. Doskona\u0142e parametry wytrzyma\u0142o\u015b\u0107 sprawiaj\u0105, \u017ce materia\u0142 ten idealnie sprawdza si\u0119 w konstrukcji fotelik\u00f3w, poniewa\u017c nie ulega on deformacji nawet przy du\u017cych obci\u0105\u017ceniach powsta\u0142ych w wyniku zderzenia.<\/p>\n<h2>Junama Individual 04 G\u0142\u0119boko Spacerowy + Fotelik Avionaut Junama<\/h2>\n<p>samolot kolorowanka, quiz flagi europy, szopka do druku, maski do druku kolorowe, zagadki \u0142amig\u0142\u00f3wki, dla dzieci warszawa, maska do druku, serce origami, menu urodzinowe dla dzieci w wieku 8 10 lat, quiz opowie\u015bci z narnii lew czarownica i stara szafa, straszne filmy dla dzieci, zagadki i odpowiedzi, marianna imi\u0119, jak narysowa\u0107 kr\u00f3lika, quizy dla dzieci 10 lat<\/p>\n<p>yyyyy<\/p>\n<p>&nbsp;<\/p>\n","protected":false},"excerpt":{"rendered":"<p>Ten w\u00f3zek sprawdzi si\u0119 ju\u017c od momentu narodzin. W\u00f3zek Junama Individual z gondol\u0105 przystosowany jest do przewo\u017cenia noworodk\u00f3w i ma\u0142ych niemowl\u0105t. Dla dzieci, kt\u00f3re samodzielnie siedz\u0105, przystosowana jest praktyczna spacer\u00f3wka. Nadaje si\u0119 ona nawet dla trzylatka. Do zestawu mo\u017cesz dokupi\u0107 adapter, kt\u00f3ry umo\u017cliwia wpi\u0119cie w ram\u0119 fotelika.Firma Junama to polski producent w\u00f3zk\u00f3w, kt\u00f3re wyr\u00f3\u017cniaj\u0105 si\u0119 [&hellip;]<\/p>\n","protected":false},"featured_media":4930,"comment_status":"closed","ping_status":"open","template":"","meta":[],"product_cat":[1279,110],"product_tag":[689,729,605,814,840],"class_list":["post-4929","product","type-product","status-publish","has-post-thumbnail","hentry","product_cat-junama","product_cat-wozki-wielofunkcyjne","product_tag-linda","product_tag-madre-bajki-dla-dzieci-do-czytania","product_tag-milena","product_tag-prezenty-dla-nastolatek","product_tag-stare-bajki"],"_links":{"self":[{"href":"http:\/\/klubmamgdynia.pl\/index.php\/wp-json\/wp\/v2\/product\/4929","targetHints":{"allow":["GET"]}}],"collection":[{"href":"http:\/\/klubmamgdynia.pl\/index.php\/wp-json\/wp\/v2\/product"}],"about":[{"href":"http:\/\/klubmamgdynia.pl\/index.php\/wp-json\/wp\/v2\/types\/product"}],"replies":[{"embeddable":true,"href":"http:\/\/klubmamgdynia.pl\/index.php\/wp-json\/wp\/v2\/comments?post=4929"}],"wp:featuredmedia":[{"embeddable":true,"href":"http:\/\/klubmamgdynia.pl\/index.php\/wp-json\/wp\/v2\/media\/4930"}],"wp:attachment":[{"href":"http:\/\/klubmamgdynia.pl\/index.php\/wp-json\/wp\/v2\/media?parent=4929"}],"wp:term":[{"taxonomy":"product_cat","embeddable":true,"href":"http:\/\/klubmamgdynia.pl\/index.php\/wp-json\/wp\/v2\/product_cat?post=4929"},{"taxonomy":"product_tag","embeddable":true,"href":"http:\/\/klubmamgdynia.pl\/index.php\/wp-json\/wp\/v2\/product_tag?post=4929"}],"curies":[{"name":"wp","href":"https:\/\/api.w.org\/{rel}","templated":true}]}}