{"id":4931,"date":"2020-09-29T10:57:08","date_gmt":"2020-09-29T08:57:08","guid":{"rendered":"http:\/\/klubmamgdynia.pl\/index.php\/produkt\/simba-new-born-baby-kolyska\/"},"modified":"2026-04-08T12:30:16","modified_gmt":"2026-04-08T10:30:16","slug":"simba-new-born-baby-kolyska","status":"publish","type":"product","link":"http:\/\/klubmamgdynia.pl\/index.php\/produkt\/simba-new-born-baby-kolyska\/","title":{"rendered":"Simba New Born Baby Ko\u0142yska"},"content":{"rendered":"<h2>Simba New Born Baby Ko\u0142yska Simba<\/h2>\n<p>prezent dla pi\u0119tnastolatka, cytaty dla dzieci, \u017carty na prima aprilis dla ch\u0142opaka, upominek dla nastolatk\u00f3w, podzi\u0119kowania dla nauczyciela cytaty, trudne zagadki z odpowiedziami, kolorowanka wakacje, test spos\u00f3b na alcybiadesa, zagadki na logik\u0119, sta\u0142a pod \u015bniegiem<\/p>\n<p>yyyyy<\/p>\n<p>&nbsp;<\/p>\n","protected":false},"excerpt":{"rendered":"<p>Simba New Born Baby Ko\u0142yska Simba prezent dla pi\u0119tnastolatka, cytaty dla dzieci, \u017carty na prima aprilis dla ch\u0142opaka, upominek dla nastolatk\u00f3w, podzi\u0119kowania dla nauczyciela cytaty, trudne zagadki z odpowiedziami, kolorowanka wakacje, test spos\u00f3b na alcybiadesa, zagadki na logik\u0119, sta\u0142a pod \u015bniegiem yyyyy &nbsp;<\/p>\n","protected":false},"featured_media":4932,"comment_status":"closed","ping_status":"open","template":"","meta":[],"product_cat":[172,279],"product_tag":[847,850,746,767],"class_list":["post-4931","product","type-product","status-publish","has-post-thumbnail","hentry","product_cat-akcesoria-dla-lalek","product_cat-simba","product_tag-kolorowanki-pokemon","product_tag-wroclaw-atrakcje-dla-dzieci","product_tag-zagadki-typu-co-to-jest","product_tag-zaproszenia-urodzinowe-do-druku"],"_links":{"self":[{"href":"http:\/\/klubmamgdynia.pl\/index.php\/wp-json\/wp\/v2\/product\/4931","targetHints":{"allow":["GET"]}}],"collection":[{"href":"http:\/\/klubmamgdynia.pl\/index.php\/wp-json\/wp\/v2\/product"}],"about":[{"href":"http:\/\/klubmamgdynia.pl\/index.php\/wp-json\/wp\/v2\/types\/product"}],"replies":[{"embeddable":true,"href":"http:\/\/klubmamgdynia.pl\/index.php\/wp-json\/wp\/v2\/comments?post=4931"}],"wp:featuredmedia":[{"embeddable":true,"href":"http:\/\/klubmamgdynia.pl\/index.php\/wp-json\/wp\/v2\/media\/4932"}],"wp:attachment":[{"href":"http:\/\/klubmamgdynia.pl\/index.php\/wp-json\/wp\/v2\/media?parent=4931"}],"wp:term":[{"taxonomy":"product_cat","embeddable":true,"href":"http:\/\/klubmamgdynia.pl\/index.php\/wp-json\/wp\/v2\/product_cat?post=4931"},{"taxonomy":"product_tag","embeddable":true,"href":"http:\/\/klubmamgdynia.pl\/index.php\/wp-json\/wp\/v2\/product_tag?post=4931"}],"curies":[{"name":"wp","href":"https:\/\/api.w.org\/{rel}","templated":true}]}}