{"id":4933,"date":"2023-04-15T04:44:10","date_gmt":"2023-04-15T02:44:10","guid":{"rendered":"http:\/\/klubmamgdynia.pl\/?post_type=product&#038;p=4933"},"modified":"2026-04-28T11:56:31","modified_gmt":"2026-04-28T09:56:31","slug":"maileg-drewniana-laweczka-zielona-11621103","status":"publish","type":"product","link":"http:\/\/klubmamgdynia.pl\/index.php\/produkt\/maileg-drewniana-laweczka-zielona-11621103\/","title":{"rendered":"maileg Drewniana \u0142aweczka zielona (11621103)"},"content":{"rendered":"<p>Pi\u0119kna, stylowa \u0142aweczka skandynawskiej marki Maileg. Drewniana \u0142aweczka idealnie wkomponuje si\u0119 w wystr\u00f3j ka\u017cdego domku k\u00f3liczk\u00f3w, myszek czy kotk\u00f3w. Zielona \u0142aweczka wykonana jest z najwy\u017csz\u0105 staranno\u015bci\u0105 i dok\u0142adno\u015bci\u0105.Wymiary: 20cmWiek: 3+<\/p>\n<h2>maileg Drewniana \u0142aweczka zielona (11621103) Maileg<\/h2>\n<p>leon imi\u0119, atrakcje dla dzieci we wroc\u0142awiu, nauka zegara do druku pdf, przyja\u017a\u0144, ferie zimowe 2022 warszawa, kornelia, \u017cyczenia wielkanocne dla dzieci kr\u00f3tkie, stare wierszyki dla dzieci, swinka peppa do czytania, krecik bajka, aneta, planety uk\u0142ad s\u0142oneczny dla dzieci do druku, co dla rocznego dziecka, \u0142amig\u0142\u00f3wki dla dzieci<\/p>\n<p>yyyyy<\/p>\n<p>&nbsp;<\/p>\n","protected":false},"excerpt":{"rendered":"<p>Pi\u0119kna, stylowa \u0142aweczka skandynawskiej marki Maileg. Drewniana \u0142aweczka idealnie wkomponuje si\u0119 w wystr\u00f3j ka\u017cdego domku k\u00f3liczk\u00f3w, myszek czy kotk\u00f3w. Zielona \u0142aweczka wykonana jest z najwy\u017csz\u0105 staranno\u015bci\u0105 i dok\u0142adno\u015bci\u0105.Wymiary: 20cmWiek: 3+ maileg Drewniana \u0142aweczka zielona (11621103) Maileg leon imi\u0119, atrakcje dla dzieci we wroc\u0142awiu, nauka zegara do druku pdf, przyja\u017a\u0144, ferie zimowe 2022 warszawa, kornelia, \u017cyczenia [&hellip;]<\/p>\n","protected":false},"featured_media":4934,"comment_status":"closed","ping_status":"open","template":"","meta":[],"product_cat":[172,947],"product_tag":[837,792,691,826],"class_list":["post-4933","product","type-product","status-publish","has-post-thumbnail","hentry","product_cat-akcesoria-dla-lalek","product_cat-maileg","product_tag-cicha-noc-po-angielsku","product_tag-cytaty-o-mamie","product_tag-gabriel","product_tag-prezent-dla-15-latka"],"_links":{"self":[{"href":"http:\/\/klubmamgdynia.pl\/index.php\/wp-json\/wp\/v2\/product\/4933","targetHints":{"allow":["GET"]}}],"collection":[{"href":"http:\/\/klubmamgdynia.pl\/index.php\/wp-json\/wp\/v2\/product"}],"about":[{"href":"http:\/\/klubmamgdynia.pl\/index.php\/wp-json\/wp\/v2\/types\/product"}],"replies":[{"embeddable":true,"href":"http:\/\/klubmamgdynia.pl\/index.php\/wp-json\/wp\/v2\/comments?post=4933"}],"wp:featuredmedia":[{"embeddable":true,"href":"http:\/\/klubmamgdynia.pl\/index.php\/wp-json\/wp\/v2\/media\/4934"}],"wp:attachment":[{"href":"http:\/\/klubmamgdynia.pl\/index.php\/wp-json\/wp\/v2\/media?parent=4933"}],"wp:term":[{"taxonomy":"product_cat","embeddable":true,"href":"http:\/\/klubmamgdynia.pl\/index.php\/wp-json\/wp\/v2\/product_cat?post=4933"},{"taxonomy":"product_tag","embeddable":true,"href":"http:\/\/klubmamgdynia.pl\/index.php\/wp-json\/wp\/v2\/product_tag?post=4933"}],"curies":[{"name":"wp","href":"https:\/\/api.w.org\/{rel}","templated":true}]}}