{"id":4935,"date":"2019-05-17T18:46:01","date_gmt":"2019-05-17T16:46:01","guid":{"rendered":"http:\/\/klubmamgdynia.pl\/index.php\/produkt\/jin-jia-tai-mikser-robot-kuchenny-interaktywny-reczny-agd-dom-zabawka\/"},"modified":"2026-04-22T22:18:23","modified_gmt":"2026-04-22T20:18:23","slug":"jin-jia-tai-mikser-robot-kuchenny-interaktywny-reczny-agd-dom-zabawka","status":"publish","type":"product","link":"http:\/\/klubmamgdynia.pl\/index.php\/produkt\/jin-jia-tai-mikser-robot-kuchenny-interaktywny-reczny-agd-dom-zabawka\/","title":{"rendered":"Jin Jia Tai Mikser Robot Kuchenny Interaktywny R\u0119czny Agd Dom &#8211; Zabawka"},"content":{"rendered":"<p>INTERAKTYWNY MIKSER, ROBOT KUCHENNY! Mikser to urz\u0105dzenie, kt\u00f3re musi znale\u017a\u0107 si\u0119 w ka\u017cdej kuchni ma\u0142ego pomocnika, tak\u017ce je\u015bli Twoje dziecko uwielbia zabawy w gotowanie to z naszym mikserem b\u0119dzie to czysta przyjemno\u015b\u0107!Wspania\u0142a zabawa dla maluch\u00f3w, kt\u00f3re podczas zabawy w dom, b\u0119d\u0105 mia\u0142y urz\u0105dzenie AGD, przypominaj\u0105ce te, kt\u00f3re s\u0105 u\u017cytkowane zazwyczaj w naszych domach.Pracy miksera towarzyszy \u017c\u00f3\u0142te \u015bwiat\u0142o, kt\u00f3re oznacza \u017ce urz\u0105dzenie dzia\u0142a, po naduszeniu g\u00f3rnego przycisku mieszade\u0142ka zaczynaj\u0105 si\u0119 kr\u0119ci\u0107, aby by\u0142y w ruchu nale\u017cy trzyma\u0107 guzik, w momencie puszczenia przycisku zatrzymuj\u0105 si\u0119.Mikser mo\u017cna podnosi\u0107 do g\u00f3ry, aby wyci\u0105gni\u0119cie miski by\u0142o jeszcze \u0142atwiejsze. Bez problemu mo\u017cna r\u00f3wnie\u017c wyci\u0105gn\u0105\u0107 mieszade\u0142ka.Aby urozmaici\u0107 dziecku zabaw\u0119, urz\u0105dzenie mo\u017cna odczepi\u0107 od postawy, b\u0119dzie on wtedy pe\u0142ni\u0142 funkcj\u0119 miksera r\u0119cznego.Mikser zasilany bateriami 2x AA, kt\u00f3rych nie do\u0142\u0105czono do zestawu.Zabawka przeznaczona dla dzieci powy\u017cej 3 roku \u017cycia.Funkcje:- po przesuni\u0119ciu guzika w\u0142\u0105czaj\u0105cego zapala si\u0119 \u015bwiate\u0142ko na kolor \u017c\u00f3\u0142ty, oznacza to \u017ce mikser dzia\u0142a- przy w\u0142\u0105czonym guziku mikser,a po naduszeniu g\u00f3rnego przycisku pokr\u0119t\u0142a mieszade\u0142ka zaczynaj\u0105 si\u0119 kr\u0119ci\u0107, \u017ceby si\u0119 kr\u0119ci\u0142y trzeba przytrzymywa\u0107 guzik, jak sie pu\u015bci to ona si\u0119 zatrzymuj\u0105- pokr\u0119t\u0142a mo\u017cna wyci\u0105ga\u0107- wyst\u0119puje mo\u017cliwo\u015b\u0107 podnoszenie miksera do g\u00f3ry \u017ceby wyci\u0105gn\u0105c misk\u0119, za pomoc\u0105 guzika na podstawie- miska do wyci\u0105gni\u0119cia (nie jest na sta\u0142e przytwierdzona do podstawy miksera)W zestawie:miksermiska2 x mieszad\u0142oPARAMETRY:Wymiar opakowania: 21,5 x 12,5 x 21,0 cmWymiar Miksera- d\u0142ugo\u015b\u0107 mieszade\u0142ek: 6,5cm- d\u0142ugo\u015b\u0107 podstawy miksera: 18cm- szeroko\u015b\u0107 podstawy miksera w najbardziej wychylonych miejscach : 11,5cm- wysoko\u015b\u0107 miksera: 18,5cmwymiary miski:- \u015brednica 10,5cmZasilanie: 2 x AA (brak w zestawie)<\/p>\n<h2>Jin Jia Tai Mikser Robot Kuchenny Interaktywny R\u0119czny Agd Dom &#8211; Zabawka <\/h2>\n<p>nadia imie, \u015bmieszne \u0142ama\u0144ce j\u0119zykowe, prezent dla 15 latki 2021, ma\u0142y ksi\u0105\u017c\u0119 cytaty, o mamie, zaproszenie na urodziny do druku pdf, zagadki kr\u00f3tkie, test z lektury opowie\u015bci z narnii lew czarownica i stara szafa z odpowiedziami, stare wierszyki dla dzieci, zagadki dla doros\u0142ych z odpowiedziami, wierszyk o wakacjach, tajemniczy ogr\u00f3d test z odpowiedziami, rymowanki o pisankach<\/p>\n<p>yyyyy<\/p>\n<p>&nbsp;<\/p>\n","protected":false},"excerpt":{"rendered":"<p>INTERAKTYWNY MIKSER, ROBOT KUCHENNY! Mikser to urz\u0105dzenie, kt\u00f3re musi znale\u017a\u0107 si\u0119 w ka\u017cdej kuchni ma\u0142ego pomocnika, tak\u017ce je\u015bli Twoje dziecko uwielbia zabawy w gotowanie to z naszym mikserem b\u0119dzie to czysta przyjemno\u015b\u0107!Wspania\u0142a zabawa dla maluch\u00f3w, kt\u00f3re podczas zabawy w dom, b\u0119d\u0105 mia\u0142y urz\u0105dzenie AGD, przypominaj\u0105ce te, kt\u00f3re s\u0105 u\u017cytkowane zazwyczaj w naszych domach.Pracy miksera towarzyszy [&hellip;]<\/p>\n","protected":false},"featured_media":4936,"comment_status":"closed","ping_status":"open","template":"","meta":[],"product_cat":[53],"product_tag":[761,607,779],"class_list":["post-4935","product","type-product","status-publish","has-post-thumbnail","hentry","product_cat-kaciki-zabaw","product_tag-choinko-piekna-jak-las-tekst","product_tag-zarty-na-prima-aprilis-dla-rodzicow","product_tag-zarty-na-prima-aprilis-w-domu"],"_links":{"self":[{"href":"http:\/\/klubmamgdynia.pl\/index.php\/wp-json\/wp\/v2\/product\/4935","targetHints":{"allow":["GET"]}}],"collection":[{"href":"http:\/\/klubmamgdynia.pl\/index.php\/wp-json\/wp\/v2\/product"}],"about":[{"href":"http:\/\/klubmamgdynia.pl\/index.php\/wp-json\/wp\/v2\/types\/product"}],"replies":[{"embeddable":true,"href":"http:\/\/klubmamgdynia.pl\/index.php\/wp-json\/wp\/v2\/comments?post=4935"}],"wp:featuredmedia":[{"embeddable":true,"href":"http:\/\/klubmamgdynia.pl\/index.php\/wp-json\/wp\/v2\/media\/4936"}],"wp:attachment":[{"href":"http:\/\/klubmamgdynia.pl\/index.php\/wp-json\/wp\/v2\/media?parent=4935"}],"wp:term":[{"taxonomy":"product_cat","embeddable":true,"href":"http:\/\/klubmamgdynia.pl\/index.php\/wp-json\/wp\/v2\/product_cat?post=4935"},{"taxonomy":"product_tag","embeddable":true,"href":"http:\/\/klubmamgdynia.pl\/index.php\/wp-json\/wp\/v2\/product_tag?post=4935"}],"curies":[{"name":"wp","href":"https:\/\/api.w.org\/{rel}","templated":true}]}}