{"id":4941,"date":"2025-05-26T19:57:22","date_gmt":"2025-05-26T17:57:22","guid":{"rendered":"http:\/\/klubmamgdynia.pl\/?post_type=product&#038;p=4941"},"modified":"2026-04-06T03:50:06","modified_gmt":"2026-04-06T01:50:06","slug":"maileg-torebka-papierowa-gift-bag-marle","status":"publish","type":"product","link":"http:\/\/klubmamgdynia.pl\/index.php\/produkt\/maileg-torebka-papierowa-gift-bag-marle\/","title":{"rendered":"Maileg Torebka Papierowa Gift Bag Marle"},"content":{"rendered":"<p>Urocze pude\u0142eczko na z\u0105bek skandynawskiej firmy Maileg.<\/p>\n<h2>Maileg Torebka Papierowa Gift Bag Marle Maileg<\/h2>\n<p>g\u0142upie zagadki, co mo\u017cna zrobi\u0107 z rolek po papierze toaletowym, domki nad morzem z atrakcjami dla dzieci, prezent dla 14 letniej dziewczyny, z\u0142ote my\u015bli o przyja\u017ani, lato, jak zrobi\u0107 du\u017ce jajo wielkanocne<\/p>\n<p>yyyyy<\/p>\n<p>&nbsp;<\/p>\n","protected":false},"excerpt":{"rendered":"<p>Urocze pude\u0142eczko na z\u0105bek skandynawskiej firmy Maileg. Maileg Torebka Papierowa Gift Bag Marle Maileg g\u0142upie zagadki, co mo\u017cna zrobi\u0107 z rolek po papierze toaletowym, domki nad morzem z atrakcjami dla dzieci, prezent dla 14 letniej dziewczyny, z\u0142ote my\u015bli o przyja\u017ani, lato, jak zrobi\u0107 du\u017ce jajo wielkanocne yyyyy &nbsp;<\/p>\n","protected":false},"featured_media":4942,"comment_status":"closed","ping_status":"open","template":"","meta":[],"product_cat":[95,947],"product_tag":[658,859,593,809,701],"class_list":["post-4941","product","type-product","status-publish","has-post-thumbnail","hentry","product_cat-figurki-makiety-i-zestawy","product_cat-maileg","product_tag-alan-znaczenie-imienia","product_tag-dobranoc-pchly-na-noc","product_tag-jak-narysowac-konia","product_tag-zagadki","product_tag-zgadywanki-dla-dzieci"],"_links":{"self":[{"href":"http:\/\/klubmamgdynia.pl\/index.php\/wp-json\/wp\/v2\/product\/4941","targetHints":{"allow":["GET"]}}],"collection":[{"href":"http:\/\/klubmamgdynia.pl\/index.php\/wp-json\/wp\/v2\/product"}],"about":[{"href":"http:\/\/klubmamgdynia.pl\/index.php\/wp-json\/wp\/v2\/types\/product"}],"replies":[{"embeddable":true,"href":"http:\/\/klubmamgdynia.pl\/index.php\/wp-json\/wp\/v2\/comments?post=4941"}],"wp:featuredmedia":[{"embeddable":true,"href":"http:\/\/klubmamgdynia.pl\/index.php\/wp-json\/wp\/v2\/media\/4942"}],"wp:attachment":[{"href":"http:\/\/klubmamgdynia.pl\/index.php\/wp-json\/wp\/v2\/media?parent=4941"}],"wp:term":[{"taxonomy":"product_cat","embeddable":true,"href":"http:\/\/klubmamgdynia.pl\/index.php\/wp-json\/wp\/v2\/product_cat?post=4941"},{"taxonomy":"product_tag","embeddable":true,"href":"http:\/\/klubmamgdynia.pl\/index.php\/wp-json\/wp\/v2\/product_tag?post=4941"}],"curies":[{"name":"wp","href":"https:\/\/api.w.org\/{rel}","templated":true}]}}