{"id":4943,"date":"2020-04-17T22:44:55","date_gmt":"2020-04-17T20:44:55","guid":{"rendered":"http:\/\/klubmamgdynia.pl\/index.php\/produkt\/nuk-nature-sense\/"},"modified":"2026-04-25T11:51:32","modified_gmt":"2026-04-25T09:51:32","slug":"nuk-nature-sense","status":"publish","type":"product","link":"http:\/\/klubmamgdynia.pl\/index.php\/produkt\/nuk-nature-sense\/","title":{"rendered":"NUK Nature Sense"},"content":{"rendered":"<p>Tak elastyczne i wydajne odci\u0105ganie jak nigdy dot\u0105d!                            <\/p>\n<p>Laktator elektryczny NUK Nature Sense:\u00a0mi\u0119kka silikonowa wk\u0142adka i ergonomiczny kapturek ss\u0105cy \u2013 proste i wygodne odci\u0105ganie16 ustawie\u0144 rytmu i si\u0142y ssania (4 ustawienia rytmu x 4 ustawienia si\u0142y ssania)mocny silnik i du\u017ca si\u0142a ssania (max. 330 mbar)zasilanie sieciowe, z wbudowanej baterii wielokrotnego \u0142adowania lub z przeno\u015bnego zasilacza typu powerbank*mo\u017cliwo\u015b\u0107 zapisania ulubionych ustawie\u0144wy\u015bwietlacz LCD dostosowuje si\u0119 do nat\u0119\u017cenia \u015bwiat\u0142a w otoczeniucicha pracaz praktycznym paskiem do przenoszeniaw zestawie: pojemnik na mleko matki Nature Sense 150 ml, smoczek silikonowy 0-6 mies., S, nakr\u0119tka, silikonowa p\u0142ytka zamykaj\u0105ca, os\u0142onka, podstawka, zasilacz, kabel USBkompatybilny z butelkami i smoczkami z serii NUK Nature Sensewyr\u00f3b medyczny                            <\/p>\n<p>Karmienie piersi\u0105 pomaga zapobiega\u0107 alergiom i chorobom, poniewa\u017c mleko matki zawiera wiele przeciwcia\u0142. Wtedy gdy nie mo\u017cesz karmi\u0107 piersi\u0105 np. z powodu pracy lub wizyty u lekarza, Twoje dziecko nie musi by\u0107 pozbawione Twojego cennego pokarmu. Wystarczy, \u017ce odci\u0105gniesz mleko laktatorem, a dziecko b\u0119dzie m\u00f3g\u0142 potem nakarmi\u0107 tata lub babcia.\u00a0\u00a0Laktatory NUK opracowano wsp\u00f3lnie z\u00a0 ekspertami laktacyjnymi na podstawie najnowszej medycznej wiedzy, tak aby odci\u0105ganie by\u0142o tak \u0142atwe, delikatne i efektywne jak to mo\u017cliwe oraz aby mama mog\u0142a dostosowa\u0107 odci\u0105ganie pokarmu do swoich indywidualnych potrzeb oraz swojego wyp\u0142ywu pokarmu.Nowy laktator elektryczny NUK umo\u017cliwia optymalny wyp\u0142yw mleka oraz odci\u0105ganie pokarmu w spos\u00f3b jak najbardziej wydajny oraz dostosowany do indywidualnych potrzeb mamy. Jest tak przede wszystkim dzi\u0119ki 16 mo\u017cliwym ustawieniom rytmu i si\u0142y ssania (4 ustawienia si\u0142y ssania mo\u017cna dowolnie \u0142\u0105czy\u0107 z 4 ustawieniami rytmu ssania), co w po\u0142\u0105czeniu z wyj\u0105tkowo du\u017c\u0105 si\u0142\u0105 ssania zapewnia skuteczne odci\u0105ganie. Ulubione ustawienia mo\u017cna zapisa\u0107 za pomoc\u0105 funkcji pami\u0119ci i potem \u0142atwo odtworzy\u0107. Mi\u0119kka silikonowa wk\u0142adka i ergonomiczny kapturek ss\u0105cy zapewniaj\u0105 optymalne dostosowanie do piersi oraz wygodne i przyjemne odci\u0105ganie. Wyj\u0105tkowo cicha praca (tylko 47dB) i przyjemny d\u017awi\u0119k silnika r\u00f3wnie\u017c przyczyniaj\u0105 si\u0119 do wi\u0119kszego komfortu odci\u0105gania.\u00a0Laktator elektryczny NUK Nature Sense jest wyposa\u017cony w osobny panel sterowania z czytelnym wy\u015bwietlaczem LCD, na kt\u00f3rym mo\u017cna monitorowa\u0107 i ustawia\u0107 funkcje odci\u0105gania. Wy\u015bwietlacz dostosowuje si\u0119 do poziomu nat\u0119\u017cenia \u015bwiat\u0142a w otoczeniu, wi\u0119c mo\u017cna z niego korzysta\u0107 zar\u00f3wno w dzie\u0144, jak i w nocy. Laktator mo\u017ce by\u0107 zasilany sieciowo (w zestawie: kabel USB, zasilacz) lub w wbudowanej baterii wielokrotnego \u0142adowania lub z powerbanku* &#8211; dzi\u0119ki czemu mo\u017ce by\u0107 u\u017cywany tak\u017ce bezprzewodowo.                            <\/p>\n<p>R\u0119czny czy elektryczny?Elektryczny laktator NUK Nature Sense lub elektryczny laktator NUK Luna\u00a0 jest idealny dla matek, kt\u00f3re odci\u0105gaj\u0105 pokarm regularnie. Pozwalaj\u0105 one\u00a0 na odci\u0105gni\u0119cie wi\u0119kszej ilo\u015bci pokarmu w kr\u00f3tszym czasie. Dla matek, kt\u00f3re wol\u0105 odci\u0105gacz r\u0119czny lub planuj\u0105 odci\u0105ga\u0107 pokarm okazjonalnie doskona\u0142ym wyborem jest delikatny i wygodny w obs\u0142udze laktator r\u0119czny NUK Jolie.\u00a0Prosto z laktatora do butelki \u2013 odci\u0105gany pokarm sp\u0142ywa do pojemnika na mleko matki wykonanego z wytrzyma\u0142ego polipropylenu (PP). Pojemnik nadaje si\u0119 do przechowywania, zamra\u017cania i podgrzewania pokarmu jak r\u00f3wnie\u017c karmienia dziecka bez konieczno\u015bci przelewania pokarmu. Do pojemnika na mleko matki NUK mo\u017cna od razu przykr\u0119ci\u0107 znajduj\u0105cy si\u0119 w zestawie smoczek do butelki NUK\u00a0 i nakarmi\u0107 dziecko.                            <\/p>\n<p>Laktator elektryczny NUK Nature Sense wyst\u0119puje w zestawie z butelk\u0105 Nature Sense 150 ml, smoczkiem silikonowym 0-6 mies., S. Jest kompatybilny ze wszystkimi butelkami i smoczkami z serii Nature Sense. Laktator elektryczny NUK Nature Sense jest wyrobem medycznym. Nie zawiera BPA.*powerbank nie jest dost\u0119pny w zestawie.<\/p>\n<h2>NUK Nature Sense NUK<\/h2>\n<p>quizy o koniach, ahmed, szlaczki dla dzieci do druku, melania znaczenie imienia, s\u0142owa do przyjaciela, zagadki \u015bmieszne, test miko\u0142ajek, jagna, warszawa atrakcje dla m\u0142odzie\u017cy, quiz bajki, wielkanocne zagadki, prima aprilis zarty<\/p>\n<p>yyyyy<\/p>\n<p>&nbsp;<\/p>\n","protected":false},"excerpt":{"rendered":"<p>Tak elastyczne i wydajne odci\u0105ganie jak nigdy dot\u0105d! Laktator elektryczny NUK Nature Sense:\u00a0mi\u0119kka silikonowa wk\u0142adka i ergonomiczny kapturek ss\u0105cy \u2013 proste i wygodne odci\u0105ganie16 ustawie\u0144 rytmu i si\u0142y ssania (4 ustawienia rytmu x 4 ustawienia si\u0142y ssania)mocny silnik i du\u017ca si\u0142a ssania (max. 330 mbar)zasilanie sieciowe, z wbudowanej baterii wielokrotnego \u0142adowania lub z przeno\u015bnego zasilacza [&hellip;]<\/p>\n","protected":false},"featured_media":4944,"comment_status":"closed","ping_status":"open","template":"","meta":[],"product_cat":[1016,251],"product_tag":[729,856,805],"class_list":["post-4943","product","type-product","status-publish","has-post-thumbnail","hentry","product_cat-laktatory","product_cat-nuk","product_tag-madre-bajki-dla-dzieci-do-czytania","product_tag-prezent-dla-16-latki","product_tag-znaczenie-imienia-alan"],"_links":{"self":[{"href":"http:\/\/klubmamgdynia.pl\/index.php\/wp-json\/wp\/v2\/product\/4943","targetHints":{"allow":["GET"]}}],"collection":[{"href":"http:\/\/klubmamgdynia.pl\/index.php\/wp-json\/wp\/v2\/product"}],"about":[{"href":"http:\/\/klubmamgdynia.pl\/index.php\/wp-json\/wp\/v2\/types\/product"}],"replies":[{"embeddable":true,"href":"http:\/\/klubmamgdynia.pl\/index.php\/wp-json\/wp\/v2\/comments?post=4943"}],"wp:featuredmedia":[{"embeddable":true,"href":"http:\/\/klubmamgdynia.pl\/index.php\/wp-json\/wp\/v2\/media\/4944"}],"wp:attachment":[{"href":"http:\/\/klubmamgdynia.pl\/index.php\/wp-json\/wp\/v2\/media?parent=4943"}],"wp:term":[{"taxonomy":"product_cat","embeddable":true,"href":"http:\/\/klubmamgdynia.pl\/index.php\/wp-json\/wp\/v2\/product_cat?post=4943"},{"taxonomy":"product_tag","embeddable":true,"href":"http:\/\/klubmamgdynia.pl\/index.php\/wp-json\/wp\/v2\/product_tag?post=4943"}],"curies":[{"name":"wp","href":"https:\/\/api.w.org\/{rel}","templated":true}]}}