{"id":4945,"date":"2024-07-20T12:35:46","date_gmt":"2024-07-20T10:35:46","guid":{"rendered":"http:\/\/klubmamgdynia.pl\/?post_type=product&#038;p=4945"},"modified":"2026-04-09T11:17:07","modified_gmt":"2026-04-09T09:17:07","slug":"magnat-szafa-drewniana-02-90-182-ameko","status":"publish","type":"product","link":"http:\/\/klubmamgdynia.pl\/index.php\/produkt\/magnat-szafa-drewniana-02-90-182-ameko\/","title":{"rendered":"Magnat Szafa drewniana 02 90\/182 Ameko"},"content":{"rendered":"<p>INFORMACJE O PRODUKCIEDANE TECHNICZNE Kolekcja mebli dzieci\u0119cych Ameko zapewnia bezpieczne \u015brodowisko dla najm\u0142odszych u\u017cytkownik\u00f3w. Meble s\u0105 lakierowane w kolorze bia\u0142ym z dost\u0119pnymi kolorami wyko\u0144cze\u0144.Szafa 02 90\/182 dzi\u0119ki wykorzystaniu w procesie produkcyjnym materia\u0142\u00f3w z drewna sosnowego, posiada bardzo wytrzyma\u0142\u0105 i stabiln\u0105 konstrukcj\u0119.Uk\u0142ad wn\u0119trza szafy pozwala utrzyma\u0107 porz\u0105dek podczas przechowywania przedmiot\u00f3w. Tradycyjne wyko\u0144czenie sprawia, \u017ce szafa idealnie wsp\u00f3\u0142gra zar\u00f3wno z klasycznym jak i nowoczesnym wystrojem. Zastosowanienaturalnego surowca pomog\u0142o nam po\u0142\u0105czy\u0107 ze sob\u0105 elegancj\u0119 z funkcjonalno\u015bci\u0105.Mebel wykonany jest poprzez wykorzystanie najlepszego gatunku drewnasosnowego i potr\u00f3jne malowanie lakierami ekologicznymi. Jako nieliczni u\u017cywamy do produkcji lakiery, posiadaj\u0105ce atest Pa\u0144stwowego Zak\u0142adu Higieny. Lakiery u\u017cyte przez nas maj\u0105 mo\u017cliwo\u015b\u0107 stosowania na przedmioty, z kt\u00f3rymi kontakt b\u0119d\u0105 mia\u0142y dzieci (zgodno\u015b\u0107 z norm\u0105 DIN EN 71, cz. 3).Produkt dostarczany jest w paczkach do samodzielnego monta\u017cu.Wymiary:szeroko\u015b\u0107 ca\u0142kowita: 90cmwysoko\u015b\u0107 ca\u0142kowita: 182cmg\u0142\u0119boko\u015b\u0107 ca\u0142kowita: 60cmgrubo\u015b\u0107 deski: 2,6cmCena zawiera:szaf\u0119 drewnian\u0105 02 90\/182zestaw monta\u017cowy + kluczykinstrukcj\u0119 monta\u017cuubezpieczon\u0105 przesy\u0142k\u0119<\/p>\n<h2>Magnat Szafa drewniana 02 90\/182 Ameko <\/h2>\n<p>prezent na urodziny dla nastolatk\u00f3w, eneduerabe, bajki z misiami, w zieleni \u0142\u0105ka majowa tekst, test z lektury felix net i nika oraz gang niewidzialnych ludzi, pomys\u0142 na prima aprilis, \u0142\u0105czenie kropek, najpi\u0119kniejsze cytaty cytaty dla mamy, liwia, bajki do czytania dla ch\u0142opc\u00f3w, znaczenie imiona dawid, adriana imi\u0119, miko\u0142ajek test z lektury, praktyczny prezent dla rocznego dziecka, prezent na dzie\u0144 dziecka dla nastolatk\u00f3w<\/p>\n<p>yyyyy<\/p>\n<p>&nbsp;<\/p>\n","protected":false},"excerpt":{"rendered":"<p>INFORMACJE O PRODUKCIEDANE TECHNICZNE Kolekcja mebli dzieci\u0119cych Ameko zapewnia bezpieczne \u015brodowisko dla najm\u0142odszych u\u017cytkownik\u00f3w. Meble s\u0105 lakierowane w kolorze bia\u0142ym z dost\u0119pnymi kolorami wyko\u0144cze\u0144.Szafa 02 90\/182 dzi\u0119ki wykorzystaniu w procesie produkcyjnym materia\u0142\u00f3w z drewna sosnowego, posiada bardzo wytrzyma\u0142\u0105 i stabiln\u0105 konstrukcj\u0119.Uk\u0142ad wn\u0119trza szafy pozwala utrzyma\u0107 porz\u0105dek podczas przechowywania przedmiot\u00f3w. Tradycyjne wyko\u0144czenie sprawia, \u017ce szafa idealnie [&hellip;]<\/p>\n","protected":false},"featured_media":4946,"comment_status":"closed","ping_status":"open","template":"","meta":[],"product_cat":[1010],"product_tag":[831,702,582,595,577],"class_list":["post-4945","product","type-product","status-publish","has-post-thumbnail","hentry","product_cat-szafy-dzieciece","product_tag-bruno","product_tag-co-kupic-na-roczek-dla-dziewczynki","product_tag-nauka-pisania-literek-do-wydruku-pdf","product_tag-zagadki-dla-6-latka","product_tag-znaki-drogowe-test"],"_links":{"self":[{"href":"http:\/\/klubmamgdynia.pl\/index.php\/wp-json\/wp\/v2\/product\/4945","targetHints":{"allow":["GET"]}}],"collection":[{"href":"http:\/\/klubmamgdynia.pl\/index.php\/wp-json\/wp\/v2\/product"}],"about":[{"href":"http:\/\/klubmamgdynia.pl\/index.php\/wp-json\/wp\/v2\/types\/product"}],"replies":[{"embeddable":true,"href":"http:\/\/klubmamgdynia.pl\/index.php\/wp-json\/wp\/v2\/comments?post=4945"}],"wp:featuredmedia":[{"embeddable":true,"href":"http:\/\/klubmamgdynia.pl\/index.php\/wp-json\/wp\/v2\/media\/4946"}],"wp:attachment":[{"href":"http:\/\/klubmamgdynia.pl\/index.php\/wp-json\/wp\/v2\/media?parent=4945"}],"wp:term":[{"taxonomy":"product_cat","embeddable":true,"href":"http:\/\/klubmamgdynia.pl\/index.php\/wp-json\/wp\/v2\/product_cat?post=4945"},{"taxonomy":"product_tag","embeddable":true,"href":"http:\/\/klubmamgdynia.pl\/index.php\/wp-json\/wp\/v2\/product_tag?post=4945"}],"curies":[{"name":"wp","href":"https:\/\/api.w.org\/{rel}","templated":true}]}}