{"id":4947,"date":"2011-01-16T11:08:04","date_gmt":"2011-01-16T10:08:04","guid":{"rendered":"http:\/\/klubmamgdynia.pl\/index.php\/produkt\/baby-jogger-city-sights-wozek-gleboko-spacerowy-fotelik-baza-4w1-rich-black\/"},"modified":"2026-05-17T22:03:51","modified_gmt":"2026-05-17T20:03:51","slug":"baby-jogger-city-sights-wozek-gleboko-spacerowy-fotelik-baza-4w1-rich-black","status":"publish","type":"product","link":"http:\/\/klubmamgdynia.pl\/index.php\/produkt\/baby-jogger-city-sights-wozek-gleboko-spacerowy-fotelik-baza-4w1-rich-black\/","title":{"rendered":"Baby Jogger City Sights w\u00f3zek g\u0142\u0119boko spacerowy + Fotelik + Baza 4w1 , Rich Black"},"content":{"rendered":"<p>Baby Jogger City Sights w\u00f3zek g\u0142\u0119boko spacerowy 4w1 &#8211; Rich Black W zestaw wchodzi:w\u00f3zekgondolafotelik Maxi Cosi Cabriofixbaza Familifix Isofixpa\u0142\u0105kfolia\/deszczowa BJLubisz du\u017ce miejscowo\u015bci i ich zakamarki? Chcesz pom\u00f3c dziecku w odkrywaniu \u015bwiata, zabieraj\u0105c go do wielu fascynuj\u0105cych miejsc? Baby Jogger City Sights to w\u00f3zek spacerowy, kt\u00f3ry doskonale odnajdzie si\u0119 w miejskim \u015brodowisku, a jednocze\u015bnie przez zastosowany w nim system amortyzacji w ka\u017cdej chwili mo\u017cesz uciec od miasta i zaczerpn\u0105\u0107 \u015bwie\u017cego powietrza. City Sights jest w\u00f3zkiem wielofunkcyjnym, do kt\u00f3rego mo\u017cna dokupi\u0107 dedykowan\u0105 gondol\u0119 &#8211; dzi\u0119ki temu przechodzi szybk\u0105 transformacj\u0119 w w\u00f3zek g\u0142\u0119boki, odpowiedni dla noworodk\u00f3w. Dodatkowo, przy u\u017cyciu adapter\u00f3w na ramie spacer\u00f3wki mo\u017cemy umie\u015bci\u0107 fotelik z grupy 0+, co z pewno\u015bci\u0105 przyda si\u0119, kiedy podr\u00f3\u017c samochodem dobieg\u0142a ko\u0144ca, a w jej trakcie maluszek zd\u0105\u017cy\u0142 zasn\u0105\u0107. W\u00f3zek jest bogato wyposa\u017cony w funkcje zapewniaj\u0105ce maluszkowi idealne warunki do podr\u00f3\u017cy &#8211; zawsze i wsz\u0119dzie. Siedzisko ustawiane w dw\u00f3ch kierunkach, niezale\u017cna regulacja oparcia i podn\u00f3\u017cka, du\u017ca budka przeciws\u0142oneczna z filtrem UV 50+ i okienkiem wentylacyjnym to du\u017ce, ale nie jedyne atuty w\u00f3zka. Rodzic polubi zwrotno\u015b\u0107 w\u00f3zka oraz \u0142atwo\u015b\u0107 podr\u00f3\u017cowania w ka\u017cdym terenie. Siedzisko przodem i ty\u0142em Siedzisko w\u00f3zka mo\u017cemy ustawi\u0107 przodem lub ty\u0142em do kierunku jazdy. Dzi\u0119ki temu wyj\u015bcie na spacer z dzieckiem b\u0119d\u0105cym w gorszym nastroju mo\u017ce by\u0107 o wiele bardziej przyjemne &#8211; wystarczy ustawi\u0107 siedzisko przodem do siebie, aby maluch czu\u0142 obecno\u015b\u0107 Mamy lub Taty. Sprzyja to zacie\u015bnianiu wi\u0119zi. Eleganckie wyko\u0144czenia Elegancja i wygoda nie musz\u0105 si\u0119 nawzajem wyklucza\u0107 &#8211; Baby Jogger City Sights to w\u00f3zek, kt\u00f3ry dzi\u0119ki terenowym ko\u0142om i przedniemu zawieszeniu pokona d\u0142ugie dystanse po wymagaj\u0105cej powierzchni, a mimo to prezentuje si\u0119 niezwykle elegancko. Wyko\u0144czenia z eko-sk\u00f3ry i starannie dobrane materia\u0142y dodaj\u0105 w\u00f3zkowi klasy. Komfort termiczny Zar\u00f3wno nadmierne wych\u0142odzenie, jak i przegrzanie dziecka przynosi z\u0142e skutki, dlatego warto dba\u0107 o komfort termiczny maluszka. City Sights posiada rozk\u0142adan\u0105 budk\u0119 z filtrem UV 50+ i daszkiem przeciws\u0142onecznym, kt\u00f3ra os\u0142oni bobasa przed s\u0142o\u0144cem oraz odizoluje od wiatru. Aby dziecku si\u0119 dobrze oddycha\u0142o, w budk\u0119 wszyto okienko wentylacyjne. Regulacja oparcia i podn\u00f3\u017cka Wygodna regulacja oparcia i podn\u00f3\u017cka daj\u0105 dziecku du\u017co komfortu, zw\u0142aszcza w czasie drzemki. Prawdopodobie\u0144stwo, \u017ce maluch za\u015bnie, jest wysokie &#8211; wystarczy wyregulowa\u0107 oparcie i podn\u00f3\u017cek, a nast\u0119pnie zadba\u0107 o odpowiednie zaciemnienie. Kilka krok\u00f3w i gotowe. Ko\u0142a terenowe Bezobs\u0142ugowe, odporne na przebicia ko\u0142a terenowe w\u00f3zka Baby Jogger City Sights to idealne rozwi\u0105zanie dla tych, kt\u00f3rzy nie lubi\u0105 si\u0119 ogranicza\u0107. W po\u0142\u0105czeniu z przednim zawieszeniem daj\u0105 wiele mo\u017cliwo\u015bci, pozwalaj\u0105c komfortowo spacerowa\u0107 w prawie, \u017ce ka\u017cdej przestrzeni. Podw\u00f3zka dla starszego &#8211; za dop\u0142at\u0105!dziecka Kompatybilno\u015b\u0107 z dostawk\u0105 Glider Board to dobra wiadomo\u015b\u0107 dla starszego rodze\u0144stwa. Montuj\u0105c akcesorium do ramy w\u00f3zka mo\u017cemy utworzy\u0107 je\u017cd\u017c\u0105cy pode\u015bcik dla brata lub siostry. Inowacyjne sk\u0142adanie w\u00f3zkaW\u00f3zki Baby Jogger wyr\u00f3\u017cniaj\u0105 si\u0119 bardzo intuicyjnym i wygodnym systemem sk\u0142adania. Niewielkie rozmiary po z\u0142o\u017ceniu oraz stosunkowo niska waga (11.3 kg) dodatkowo sprzyjaj\u0105 przechowywaniu i transportowaniu oferowanego modelu. Gondola w zestawieOferta dotyczy zestawu 4w1 &#8211; w\u00f3zka spacerowego oraz dedykowanej Gondoli. Przeznaczona dla dzieci do 6. miesi\u0105ca \u017cycia i 9 kg, zosta\u0142a wyposa\u017cona w wygodny materac o odpowiednim stopniu mi\u0119kko\u015bci. Os\u0142ona gondoli posiada magnetyczne zaczepy, dzi\u0119ki kt\u00f3rym szybko i \u0142atwo ochronimy dziecko przed ch\u0142odem. Co wi\u0119cej, posiada du\u017c\u0105 budk\u0119 z filtrem UV 50+. Gondola jest wygodna w obs\u0142udze dla rodzica &#8211; poszycie materaca nadaje si\u0119 do prania w pralce, a ca\u0142a gondola jest sk\u0142adana na p\u0142asko. Modu\u0142owa budowa City Sights mo\u017ce by\u0107 pierwszym i ostatnim w\u00f3zkiem Twojego dziecka &#8211; po wpi\u0119ciu dedykowanej gondoli pos\u0142u\u017cy maluszkom, kt\u00f3re dopiero co przysz\u0142y na \u015bwiat. Dzi\u0119ki adapterom mo\u017cemy r\u00f3wnie\u017c wpi\u0105\u0107 fotelik samochodowy, co mo\u017ce si\u0119 przyda\u0107 w sytuacji, w kt\u00f3rej niekoniecznie chcemy przek\u0142ada\u0107 dziecko z fotelika do gondoli &#8211; na przyk\u0142ad przy okazji wyjazdu na zakupy. Siedzisko spacerowe jest przystosowane dla dzieci do 22 kg. Fotelik samochodowy Cabrio Fix 0-13 kg Maxi-Cosi Bezpieczny, lekki i komfortowy dla maluszka fotelik samochodowy z grupy wagowej 0 &#8211; 13 kg (od narodzin do ok. 1 roku \u017cycia). Model Cabrio Fix znanej i cenionej marki Maxi &#8211; Cosi oferuje rodzicom praktyczne i wygodne rozwi\u0105zanie po\u0142\u0105czenia fotelika samochodowego, noside\u0142ka, oraz le\u017caczka do drzemki z mo\u017cliwo\u015bci\u0105 wpi\u0119cia do wielu w\u00f3zk\u00f3w oferowanych na rynku polskim. Fotelik charakteryzuje si\u0119 wysok\u0105 jako\u015bci\u0105 wykonania przy zastosowaniu najnowocze\u015bniejszej technologi zapewniaj\u0105cej najwy\u017cszy poziom bezpiecze\u0144stwa dziecka podczas podr\u00f3\u017cy samochodem. Fotelik zosta\u0142 wyposa\u017cony w System Ochrony Bocznej (Side Protection System), kt\u00f3ry zapewnia optymaln\u0105 ochron\u0119 g\u0142\u00f3wki oraz bark\u00f3w ma\u0142ego pasa\u017cera. Wyj\u0105tkowo lekka konstrukcja pozwoli na \u0142atwe i szybkie transportowanie dziecka z samochodu do domu lub szybkie wpi\u0119cie na ram\u0119 w\u00f3zka. Przenoszenie i transport bez potrzeby wyci\u0105gania i budzenia dziecka to wyj\u0105tkowy komfort dla rodzic\u00f3w i maluszka. Fotelik wyposa\u017cony jest w specjaln\u0105 wk\u0142adk\u0119 dla niemowl\u0105t, kt\u00f3ra chroni i utrzymuj\u0119 w\u0142a\u015bciw\u0105 pozycj\u0119 cia\u0142a dziecka podczas transportu oraz podr\u00f3\u017cy samochodem. Fotelik mo\u017cna montowa\u0107 w samochodzie za pomoc\u0105 pas\u00f3w bezpiecze\u0144stwa lub przy zastosowaniu systemu &#8222;click-and-go&#8221; na bazie montowanej na systemie IsoFix &#8211; Family Fix lub Easy Fix.. Zalety i cechy fotelika: bezpieczny i komfortowy System Ochrony Bocznej (Side Protection System) lekki &#8211; wygodny i szybki transport maluszka dodatkowa wk\u0142adka dla niemowl\u0105t utrzyma prawid\u0142ow\u0105 pozycj\u0119 cia\u0142a dziecka \u0142atwy monta\u017c i demonta\u017c w samochodzie oraz na stela\u017cu w\u00f3zka ergonomiczna, sk\u0142adana r\u0105czka u\u0142atwia przenoszenie wygodna regulacja zag\u0142\u00f3wka z szelkami zapewnia mo\u017cliwo\u015b\u0107 adaptacji fotelika do rozmiar\u00f3w dzieckamo\u017cliwo\u015b\u0107 monta\u017cu na ramie w\u00f3zk\u00f3w: Maxi-Cosi Mura 3, Mura 4 oraz Mila, Quinny Buzz Xtra, Moodd, Zapp Xtra i Xtra 2 fotelik kompatybilny z wieloma w\u00f3zkami oferowanymi na rynku polskim (szczeg\u00f3\u0142owych informacji o kompatybilno\u015bci z fotelikami samochodowymi nale\u017cy szuka\u0107 w instrukcji lub u producenta w\u00f3zka)mo\u017cliwo\u015b\u0107 szybkiego monta\u017cu na bazie samochodowej w systemie &#8222;click-and-go&#8221;zdejmowana tapicerka z mo\u017cliwo\u015bci\u0105 czyszczenia lub prania r\u0119cznie lub pralcew po\u0142\u0105czeniu z baz\u0105 FamilyFix mo\u017cliwo\u015b\u0107 regulacji pozycji siedziska (5 dodatkowych pozycji po\u0142o\u017cenia zapewniaj\u0105c noworodkowi du\u017co wi\u0119kszy komfort)wyposa\u017cony w wyci\u0105gan\u0105 budk\u0119, chroni\u0105c\u0105 dziecko przed warunkami atmosferycznymitrzy punktowe pasy w foteliku regulacja pas\u00f3w w foteliku os\u0142onki na pasach chroni\u0105ce delikatn\u0105 sk\u00f3r\u0119 dziecka przed otarciami, szczeg\u00f3lnie w okresie letnimmontowany ty\u0142em do kierunku jazdy RWF (Rear Way Facing) &#8211; najbezpieczniejsza pozycja do przewo\u017cenia dziecka w samochodzie mo\u017cliwo\u015b\u0107 po\u0142\u0105czenia fotelika z Baz\u0105 FamilyFix a nast\u0119pnie z fotelikiem Pearl (9-18 kg) stanowi bardzo wygodne rozwi\u0105zanie dla dziecka od urodzenia do oko\u0142o 4 lat (sprzedawane oddzielnie) Mo\u017cliwo\u015b\u0107 dokupienia dedykowanych akcesori\u00f3w zapewnia jeszcze praktyczniejsze rozwi\u0105zania: \u015bpiworek na zim\u0119, letni pokrowiec na fotelik, pelerynka przeciwdeszczowa oraz moskitiera spe\u0142nia surowe normy bezpiecze\u0144stwa zgodnie z normami UE ECE R44 posiada pozytywne wyniki w mi\u0119dzynarodowych testach bezpiecze\u0144stwa ADAC najbezpieczniejsze po\u0142\u0105czenie z baz\u0105 EasyFix niewielka waga: 3,5 kgW zestawie z baz\u0105 Family Fix! Teraz podr\u00f3\u017c z maluszkiem b\u0119dzie jeszcze prostsza i bezpieczniejsza! Jedno klikni\u0119cie i wszyscy gotowi do drogi! Baza FamilyFixjest cz\u0119\u015bci\u0105 zestawu Family Concept: jedna baza FamilyFix, to wszystko co jest potrzebne do zamontowania fotelik\u00f3w Pebble oraz Cabrio Fix, a gdy maluch podro\u015bnie siedziska Pearl.Rozwi\u0105zanie to, dzi\u0119ki systemowi Isofix zapewni ok. 3,5 roku bezpiecze\u0144stwa i wygodnej obs\u0142ugi. Baza montowana jest za systemu IsoFix. Wystarczy raz j\u0105 zamontowa\u0107 w samochodzie i zawsze b\u0119dzie gotowa do u\u017cytku. Nie ma potrzeby monta\u017cu za ka\u017cdym razem, wystarczy wpi\u0105\u0107 fotelik samochodowy do bazy i ruszy\u0107 w drog\u0119. Podr\u00f3\u017c w foteliku zamontowanym na bazie daje jeszcze wi\u0119ksze bezpiecze\u0144stwo dziecka w podr\u00f3\u017cy.Dla prawid\u0142owego monta\u017cu kolorowy wska\u017anik na bazie informuje czy fotelik samochodowy i noga podpieraj\u0105ca zosta\u0142y dobrze zamontowane. Zalety i cechy fotelika: szybki i \u0142atwy monta\u017c i demonta\u017c fotelika na zasadzie &#8222;klik i jed\u017a&#8221; zastosowanie na d\u0142u\u017cej od narodzin do oko\u0142o 4 lat mo\u017cliwo\u015b\u0107 monta\u017cu fotelik\u00f3w z grupy 0 -13kg Pebble, CabrioFix a nast\u0119pnie siedziska Pearl 9-18kg trzy elementy mo\u017cna kupi\u0107 oddzielnie w ka\u017cdym momencie, kiedy jest ju\u017c taka potrzeba monta\u017c z systemem IsoFix wska\u017anik potwierdza prawid\u0142owy monta\u017c dodatkowa pionowa pozycja w foteliku Pebble lub Cabriofix, zapewnia dodatkowe miejsce na nogi, co powoduje, \u017ce dziecko mo\u017ce d\u0142u\u017cej podr\u00f3\u017cowa\u0107 w pozycji ty\u0142em do kierunku jazdy dodatkowa pozycja pionowa w foteliku Pearl regulacja nogi podpieraj\u0105cej powoduje, \u017ce przyjmuje ona natychmiast po\u0142o\u017cenie pionowe idealne rozwi\u0105zanie dla samochod\u00f3w ze zbyt kr\u00f3tkimi pasami bezpiecze\u0144stwa w po\u0142\u0105czeniu z fotelikamiposiada wysokie oceny w mi\u0119dzynarodowych testach zderzeniowych Serwis Maxi Cosi:https:\/\/www.maxi-cosi.pl\/kontakt<\/p>\n<h2>Baby Jogger City Sights w\u00f3zek g\u0142\u0119boko spacerowy + Fotelik + Baza 4w1 , Rich Black Baby Jogger<\/h2>\n<p>narodziny dziecka cytaty, zagadki o zimie, co na prezent dla nastolatk\u00f3w, kolorowe ciasto, nastolatka, quiz o hobbicie, prezent na roczek dla dziewczynki, wzory dyplom\u00f3w dyplomy do druku, pisanie po \u015bladzie do druku pdf, liwia imi\u0119, quiz o psie kt\u00f3ry je\u017adzi\u0142 kolej\u0105, znaczenie imienia milan, test na patologi\u0119 z kubusia puchatka, \u015bmieszne zagadki dla dzieci, po\u0142\u0105cz kropki, izabela imie, jak narysowa\u0107 konia, \u0142amig\u0142\u00f3wki dla dzieci, jaki prezent na roczek<\/p>\n<p>yyyyy<\/p>\n<p>&nbsp;<\/p>\n","protected":false},"excerpt":{"rendered":"<p>Baby Jogger City Sights w\u00f3zek g\u0142\u0119boko spacerowy 4w1 &#8211; Rich Black W zestaw wchodzi:w\u00f3zekgondolafotelik Maxi Cosi Cabriofixbaza Familifix Isofixpa\u0142\u0105kfolia\/deszczowa BJLubisz du\u017ce miejscowo\u015bci i ich zakamarki? Chcesz pom\u00f3c dziecku w odkrywaniu \u015bwiata, zabieraj\u0105c go do wielu fascynuj\u0105cych miejsc? Baby Jogger City Sights to w\u00f3zek spacerowy, kt\u00f3ry doskonale odnajdzie si\u0119 w miejskim \u015brodowisku, a jednocze\u015bnie przez zastosowany [&hellip;]<\/p>\n","protected":false},"featured_media":4948,"comment_status":"closed","ping_status":"open","template":"","meta":[],"product_cat":[1129,110],"product_tag":[871,612,643],"class_list":["post-4947","product","type-product","status-publish","has-post-thumbnail","hentry","product_cat-baby-jogger","product_cat-wozki-wielofunkcyjne","product_tag-bajka-o-smoku-wawelskim","product_tag-kolorowanki-do-druku","product_tag-prezent-dla-17-latki"],"_links":{"self":[{"href":"http:\/\/klubmamgdynia.pl\/index.php\/wp-json\/wp\/v2\/product\/4947","targetHints":{"allow":["GET"]}}],"collection":[{"href":"http:\/\/klubmamgdynia.pl\/index.php\/wp-json\/wp\/v2\/product"}],"about":[{"href":"http:\/\/klubmamgdynia.pl\/index.php\/wp-json\/wp\/v2\/types\/product"}],"replies":[{"embeddable":true,"href":"http:\/\/klubmamgdynia.pl\/index.php\/wp-json\/wp\/v2\/comments?post=4947"}],"wp:featuredmedia":[{"embeddable":true,"href":"http:\/\/klubmamgdynia.pl\/index.php\/wp-json\/wp\/v2\/media\/4948"}],"wp:attachment":[{"href":"http:\/\/klubmamgdynia.pl\/index.php\/wp-json\/wp\/v2\/media?parent=4947"}],"wp:term":[{"taxonomy":"product_cat","embeddable":true,"href":"http:\/\/klubmamgdynia.pl\/index.php\/wp-json\/wp\/v2\/product_cat?post=4947"},{"taxonomy":"product_tag","embeddable":true,"href":"http:\/\/klubmamgdynia.pl\/index.php\/wp-json\/wp\/v2\/product_tag?post=4947"}],"curies":[{"name":"wp","href":"https:\/\/api.w.org\/{rel}","templated":true}]}}