{"id":495,"date":"2012-01-26T03:14:40","date_gmt":"2012-01-26T02:14:40","guid":{"rendered":"http:\/\/klubmamgdynia.pl\/index.php\/produkt\/brio-zestaw-drogi-i-szyny-z-zurawiem-33208\/"},"modified":"2026-04-29T09:54:23","modified_gmt":"2026-04-29T07:54:23","slug":"brio-zestaw-drogi-i-szyny-z-zurawiem-33208","status":"publish","type":"product","link":"http:\/\/klubmamgdynia.pl\/index.php\/produkt\/brio-zestaw-drogi-i-szyny-z-zurawiem-33208\/","title":{"rendered":"Brio Zestaw Drogi I Szyny Z \u017burawiem 33208"},"content":{"rendered":"<p>Kolejka Drewniana BRIO 33208 Zestaw Prze\u0142adunkowy W zestawie znajduje si\u0119 owalny tor drewniany po kt\u00f3rym je\u017adzi lokomotywa wraz z wagonem towarowym. Trasa kolejki w dw\u00f3ch punktach jest przeci\u0119ta drog\u0105 i tworzy dwa przejazdy kolejowe. Mi\u0119dzy przejazdami znajduje si\u0119 wysepka z d\u017awigiem towarowym, zaopatrzonym w magnes. Zestaw zawiera r\u00f3wnie\u017c ci\u0119\u017car\u00f3wk\u0119 oraz autko osobowe. Dziecko mo\u017ce bawi\u0107 si\u0119 w prze\u0142adunek towaru z kolejki na ci\u0119\u017car\u00f3wk\u0119 i na odwr\u00f3t. Wszystkie zestawy firmy BRIO s\u0105 kompatybilne z systemami kolejek drewnianych wi\u0119kszo\u015bci znanych firm (BigJigs, IKEA, MAXIM, Fisher Price, TESCO, Eichhorn, Woodyland, itp.) Ilo\u015b\u0107 element\u00f3w: 26 Producent: BRIO Wiek dziecka: 3+ Nr katalogowy: 33208 Wymiary opakowania: 39 cm x 30 cm x 12 cm BRIO to szwedzka firma zabawkarska istniej\u0105ca na rynku od ponad 130 lat. Produkty firmy wykonywane s\u0105 z najwy\u017cszej jako\u015bci materia\u0142\u00f3w bezpiecznych dla dziecka. Produktem flagowym firmy s\u0105 kolejki drewniane BRIO, kt\u00f3re s\u0105 pierwowzorem dla wszystkich innych producent\u00f3w. Zabawki BRIO opr\u00f3cz wysokiej jako\u015bci cechuje r\u00f3wnie\u017c ciekawe wzornictwo i dba\u0142o\u015b\u0107 o najmniejsze szczeg\u00f3\u0142y. Kolejka Drewniana BRIO poch\u0142onie na wiele godzin ka\u017cde dziecko, a dzi\u0119ki uniwersalnemu systemowi tor\u00f3w, kolejk\u0119 b\u0119dzie mo\u017cna rozbudowywa\u0107 o nowe elementy, czy te\u017c \u0142\u0105czy\u0107 z kolejkami innych firm.<\/p>\n<h2>Brio Zestaw Drogi I Szyny Z \u017burawiem 33208 Brio<\/h2>\n<p>cytat o dziecku, bardzo trudne zagadki, lew czarownica i stara szafa test, kolysanki tekst, europa stolice quiz, kolorowe kanapki kanapki dla dzieci, ko\u0142ysanki dla dzieci tekst, kwiecien plecien, prezent dla nastolatk\u00f3w na \u015bwi\u0119ta<\/p>\n<p>yyyyy<\/p>\n<p>&nbsp;<\/p>\n","protected":false},"excerpt":{"rendered":"<p>Kolejka Drewniana BRIO 33208 Zestaw Prze\u0142adunkowy W zestawie znajduje si\u0119 owalny tor drewniany po kt\u00f3rym je\u017adzi lokomotywa wraz z wagonem towarowym. Trasa kolejki w dw\u00f3ch punktach jest przeci\u0119ta drog\u0105 i tworzy dwa przejazdy kolejowe. Mi\u0119dzy przejazdami znajduje si\u0119 wysepka z d\u017awigiem towarowym, zaopatrzonym w magnes. Zestaw zawiera r\u00f3wnie\u017c ci\u0119\u017car\u00f3wk\u0119 oraz autko osobowe. Dziecko mo\u017ce bawi\u0107 [&hellip;]<\/p>\n","protected":false},"featured_media":496,"comment_status":"closed","ping_status":"open","template":"","meta":[],"product_cat":[78,56],"product_tag":[802,683,649],"class_list":["post-495","product","type-product","status-publish","has-post-thumbnail","hentry","product_cat-brio","product_cat-kolejki","product_tag-co-kupic-dziewczynce-na-roczek","product_tag-karaluchy-pod-poduchy","product_tag-zagadki-dla-nastolatkow"],"_links":{"self":[{"href":"http:\/\/klubmamgdynia.pl\/index.php\/wp-json\/wp\/v2\/product\/495","targetHints":{"allow":["GET"]}}],"collection":[{"href":"http:\/\/klubmamgdynia.pl\/index.php\/wp-json\/wp\/v2\/product"}],"about":[{"href":"http:\/\/klubmamgdynia.pl\/index.php\/wp-json\/wp\/v2\/types\/product"}],"replies":[{"embeddable":true,"href":"http:\/\/klubmamgdynia.pl\/index.php\/wp-json\/wp\/v2\/comments?post=495"}],"wp:featuredmedia":[{"embeddable":true,"href":"http:\/\/klubmamgdynia.pl\/index.php\/wp-json\/wp\/v2\/media\/496"}],"wp:attachment":[{"href":"http:\/\/klubmamgdynia.pl\/index.php\/wp-json\/wp\/v2\/media?parent=495"}],"wp:term":[{"taxonomy":"product_cat","embeddable":true,"href":"http:\/\/klubmamgdynia.pl\/index.php\/wp-json\/wp\/v2\/product_cat?post=495"},{"taxonomy":"product_tag","embeddable":true,"href":"http:\/\/klubmamgdynia.pl\/index.php\/wp-json\/wp\/v2\/product_tag?post=495"}],"curies":[{"name":"wp","href":"https:\/\/api.w.org\/{rel}","templated":true}]}}