{"id":4951,"date":"2023-11-05T00:38:10","date_gmt":"2023-11-04T23:38:10","guid":{"rendered":"http:\/\/klubmamgdynia.pl\/?post_type=product&#038;p=4951"},"modified":"2026-04-29T12:30:22","modified_gmt":"2026-04-29T10:30:22","slug":"icom-poland-kuchanka-dla-lalki-30-cm-akcesoria-7139396","status":"publish","type":"product","link":"http:\/\/klubmamgdynia.pl\/index.php\/produkt\/icom-poland-kuchanka-dla-lalki-30-cm-akcesoria-7139396\/","title":{"rendered":"Icom Poland Kuchanka Dla Lalki 30 Cm. + Akcesoria 7139396"},"content":{"rendered":"<p>Zlew dla lalki 30 cm. Akcesoria: zmywarka, 2 garnki, 3 talerze, 2 kubki, zestaw artyku\u0142ow spo\u017cywczych. Zabawka przeznaczona dla dzieci powy\u017cej 3 roku \u017cycia.<\/p>\n<h2>Icom Poland Kuchanka Dla Lalki 30 Cm. + Akcesoria 7139396 Icom Poland<\/h2>\n<p>kolorowanka wr\u00f3\u017cka, maska karnawa\u0142owa pdf, gabriela imie, kolorowanki dla dziewczynek, maski karnawa\u0142owe do druku, karty pracy dla uczni\u00f3w z ukrainy, co kupi\u0107 dziecku na roczek, najlepsze pranki na prima aprilis, zosia samosia<\/p>\n<p>yyyyy<\/p>\n<p>&nbsp;<\/p>\n","protected":false},"excerpt":{"rendered":"<p>Zlew dla lalki 30 cm. Akcesoria: zmywarka, 2 garnki, 3 talerze, 2 kubki, zestaw artyku\u0142ow spo\u017cywczych. Zabawka przeznaczona dla dzieci powy\u017cej 3 roku \u017cycia. Icom Poland Kuchanka Dla Lalki 30 Cm. + Akcesoria 7139396 Icom Poland kolorowanka wr\u00f3\u017cka, maska karnawa\u0142owa pdf, gabriela imie, kolorowanki dla dziewczynek, maski karnawa\u0142owe do druku, karty pracy dla uczni\u00f3w z [&hellip;]<\/p>\n","protected":false},"featured_media":4952,"comment_status":"closed","ping_status":"open","template":"","meta":[],"product_cat":[172,332],"product_tag":[825,836,856,739,601,623],"class_list":["post-4951","product","type-product","status-publish","has-post-thumbnail","hentry","product_cat-akcesoria-dla-lalek","product_cat-icom-poland","product_tag-bajka-na-dobranoc-do-czytania","product_tag-co-kupic-dziecku-na-roczek","product_tag-prezent-dla-16-latki","product_tag-prima-aprilis-w-szkole","product_tag-zagadki-co-to-jest","product_tag-zagadki-logiczne-smieszne"],"_links":{"self":[{"href":"http:\/\/klubmamgdynia.pl\/index.php\/wp-json\/wp\/v2\/product\/4951","targetHints":{"allow":["GET"]}}],"collection":[{"href":"http:\/\/klubmamgdynia.pl\/index.php\/wp-json\/wp\/v2\/product"}],"about":[{"href":"http:\/\/klubmamgdynia.pl\/index.php\/wp-json\/wp\/v2\/types\/product"}],"replies":[{"embeddable":true,"href":"http:\/\/klubmamgdynia.pl\/index.php\/wp-json\/wp\/v2\/comments?post=4951"}],"wp:featuredmedia":[{"embeddable":true,"href":"http:\/\/klubmamgdynia.pl\/index.php\/wp-json\/wp\/v2\/media\/4952"}],"wp:attachment":[{"href":"http:\/\/klubmamgdynia.pl\/index.php\/wp-json\/wp\/v2\/media?parent=4951"}],"wp:term":[{"taxonomy":"product_cat","embeddable":true,"href":"http:\/\/klubmamgdynia.pl\/index.php\/wp-json\/wp\/v2\/product_cat?post=4951"},{"taxonomy":"product_tag","embeddable":true,"href":"http:\/\/klubmamgdynia.pl\/index.php\/wp-json\/wp\/v2\/product_tag?post=4951"}],"curies":[{"name":"wp","href":"https:\/\/api.w.org\/{rel}","templated":true}]}}