{"id":4953,"date":"2011-07-16T10:24:35","date_gmt":"2011-07-16T08:24:35","guid":{"rendered":"http:\/\/klubmamgdynia.pl\/index.php\/produkt\/little-tikes-springlings-surprise-340696\/"},"modified":"2026-05-01T16:32:05","modified_gmt":"2026-05-01T14:32:05","slug":"little-tikes-springlings-surprise-340696","status":"publish","type":"product","link":"http:\/\/klubmamgdynia.pl\/index.php\/produkt\/little-tikes-springlings-surprise-340696\/","title":{"rendered":"Little Tikes Springlings Surprise 340696"},"content":{"rendered":"<p>Little Tikes Springlings Surprise                            <\/p>\n<p>Springlings Surprise to urocze i weso\u0142e ma\u0142e zwierzaki od Little Tikes! Zwierz\u0105tko wyskakuje ze swojego wyj\u0105tkowego domu i jest natychmiast gotowe do zabawy. Zaskocz nimi swoich przyjaci\u00f3\u0142 i rodzin\u0119.<br \/>\nDo zebrania jest 12 uroczych pluszowych zwierz\u0105t, w tym szczeniak, kr\u00f3lik, jednoro\u017cec, a nawet t\u0119czowy je\u017c. Zbierz je wszystkie.                            <\/p>\n<p>Produkty firmy Little Tikes s\u0105 znane i lubiane na wszystkich kontynentach, w wielu domach w\u015br\u00f3d niezliczonej rzeszy u\u015bmiechni\u0119tych dzieci oraz zadowolonych rodzic\u00f3w. Maj\u0105c na uwadze bezpiecze\u0144stwo dzieci, firma Little Tikes wytwarza produkty, kt\u00f3re gwarantuj\u0105 wszystkie niezb\u0119dne normy bezpiecze\u0144stwa. Maj\u0105c na wzgl\u0119dzie wytrzyma\u0142o\u015b\u0107 produkt\u00f3w, zabawki projektowane i produkowane s\u0105 w najbardziej w\u0142a\u015bciwej technologii jak\u0105 jest &#8222;rotomolding&#8221;, gwarantuj\u0105c wspania\u0142\u0105 zabaw\u0119 przez d\u0142ugie lata. Ostrze\u017cenie. Wy\u0142\u0105cznie do u\u017cytku domowego.<\/p>\n<h2>Little Tikes Springlings Surprise 340696 Little Tikes<\/h2>\n<p>dobre \u017carty na prima aprilis, kornelia, li\u015bcie jesienne szablon, prezent dla 16 latki, prezent dla nastolatk\u00f3w na \u015bwi\u0119ta, samolot z papieru, miriam imie, co dla rocznego dziecka, nietypowe imiona \u017ce\u0144skie, imi\u0119 natan, zgadywanki, quizy \u015bwi\u0105teczne bo\u017ce narodzenie, jagna, kolorowanki na dzie\u0144 mamy<\/p>\n<p>yyyyy<\/p>\n<p>&nbsp;<\/p>\n","protected":false},"excerpt":{"rendered":"<p>Little Tikes Springlings Surprise Springlings Surprise to urocze i weso\u0142e ma\u0142e zwierzaki od Little Tikes! Zwierz\u0105tko wyskakuje ze swojego wyj\u0105tkowego domu i jest natychmiast gotowe do zabawy. Zaskocz nimi swoich przyjaci\u00f3\u0142 i rodzin\u0119. Do zebrania jest 12 uroczych pluszowych zwierz\u0105t, w tym szczeniak, kr\u00f3lik, jednoro\u017cec, a nawet t\u0119czowy je\u017c. Zbierz je wszystkie. Produkty firmy Little [&hellip;]<\/p>\n","protected":false},"featured_media":4954,"comment_status":"closed","ping_status":"open","template":"","meta":[],"product_cat":[95,317],"product_tag":[844,819,722,847,774],"class_list":["post-4953","product","type-product","status-publish","has-post-thumbnail","hentry","product_cat-figurki-makiety-i-zestawy","product_cat-little-tikes","product_tag-co-kupic-na-roczek","product_tag-co-kupic-nastolatce-na-swieta","product_tag-cytaty-o-przyjazni","product_tag-kolorowanki-pokemon","product_tag-prezent-na-roczek-nie-zabawka"],"_links":{"self":[{"href":"http:\/\/klubmamgdynia.pl\/index.php\/wp-json\/wp\/v2\/product\/4953","targetHints":{"allow":["GET"]}}],"collection":[{"href":"http:\/\/klubmamgdynia.pl\/index.php\/wp-json\/wp\/v2\/product"}],"about":[{"href":"http:\/\/klubmamgdynia.pl\/index.php\/wp-json\/wp\/v2\/types\/product"}],"replies":[{"embeddable":true,"href":"http:\/\/klubmamgdynia.pl\/index.php\/wp-json\/wp\/v2\/comments?post=4953"}],"wp:featuredmedia":[{"embeddable":true,"href":"http:\/\/klubmamgdynia.pl\/index.php\/wp-json\/wp\/v2\/media\/4954"}],"wp:attachment":[{"href":"http:\/\/klubmamgdynia.pl\/index.php\/wp-json\/wp\/v2\/media?parent=4953"}],"wp:term":[{"taxonomy":"product_cat","embeddable":true,"href":"http:\/\/klubmamgdynia.pl\/index.php\/wp-json\/wp\/v2\/product_cat?post=4953"},{"taxonomy":"product_tag","embeddable":true,"href":"http:\/\/klubmamgdynia.pl\/index.php\/wp-json\/wp\/v2\/product_tag?post=4953"}],"curies":[{"name":"wp","href":"https:\/\/api.w.org\/{rel}","templated":true}]}}