{"id":4955,"date":"2018-03-29T05:24:35","date_gmt":"2018-03-29T03:24:35","guid":{"rendered":"http:\/\/klubmamgdynia.pl\/index.php\/produkt\/mga-dream-ella-majestic-castle-578123\/"},"modified":"2026-04-30T13:41:52","modified_gmt":"2026-04-30T11:41:52","slug":"mga-dream-ella-majestic-castle-578123","status":"publish","type":"product","link":"http:\/\/klubmamgdynia.pl\/index.php\/produkt\/mga-dream-ella-majestic-castle-578123\/","title":{"rendered":"MGA Dream Ella Majestic Castle 578123"},"content":{"rendered":"<p>Prze\u017cyj nieko\u0144cz\u0105ce si\u0119 magiczne historie w pi\u0119knym, du\u017cym zamku! Poznaj laki, dzi\u0119ki kt\u00f3rym marzenia si\u0119 spe\u0142niaj\u0105. W zamku zmie\u015bcisz swoje ulubione lalki wr\u00f3\u017cki Dream Ella. Odkryj wszystkie pomieszczenia tego ogromnego zamku!Wymiary zamku: ok. 47.0 cm (szer.) x ok. 90.0 cm (wys.)<\/p>\n<h2>MGA Dream Ella Majestic Castle 578123 MGA<\/h2>\n<p>domowe syropy na zim\u0119, opisy do zdj\u0119\u0107 z dzieckiem, radiowe nuty niech zyja wakacje, quizy miko\u0142ajek, r\u00f3\u017ca imie, zagadki o bajkach, co kupi\u0107 na roczek, kolorowanka sky, co oznacza jordan, test dynastia mizio\u0142k\u00f3w, znaczenia imienia alicja<\/p>\n<p>yyyyy<\/p>\n<p>&nbsp;<\/p>\n","protected":false},"excerpt":{"rendered":"<p>Prze\u017cyj nieko\u0144cz\u0105ce si\u0119 magiczne historie w pi\u0119knym, du\u017cym zamku! Poznaj laki, dzi\u0119ki kt\u00f3rym marzenia si\u0119 spe\u0142niaj\u0105. W zamku zmie\u015bcisz swoje ulubione lalki wr\u00f3\u017cki Dream Ella. Odkryj wszystkie pomieszczenia tego ogromnego zamku!Wymiary zamku: ok. 47.0 cm (szer.) x ok. 90.0 cm (wys.) MGA Dream Ella Majestic Castle 578123 MGA domowe syropy na zim\u0119, opisy do zdj\u0119\u0107 [&hellip;]<\/p>\n","protected":false},"featured_media":4956,"comment_status":"closed","ping_status":"open","template":"","meta":[],"product_cat":[65,301],"product_tag":[603,669,748,711,872,788],"class_list":["post-4955","product","type-product","status-publish","has-post-thumbnail","hentry","product_cat-lalki","product_cat-mga","product_tag-bajki-do-czytania","product_tag-kolorowanki","product_tag-okolice-wroclawia-atrakcje","product_tag-prezenty-dla-nastolatkow","product_tag-zagadki-dla-dzieci-6-lat","product_tag-zagadki-krotkie"],"_links":{"self":[{"href":"http:\/\/klubmamgdynia.pl\/index.php\/wp-json\/wp\/v2\/product\/4955","targetHints":{"allow":["GET"]}}],"collection":[{"href":"http:\/\/klubmamgdynia.pl\/index.php\/wp-json\/wp\/v2\/product"}],"about":[{"href":"http:\/\/klubmamgdynia.pl\/index.php\/wp-json\/wp\/v2\/types\/product"}],"replies":[{"embeddable":true,"href":"http:\/\/klubmamgdynia.pl\/index.php\/wp-json\/wp\/v2\/comments?post=4955"}],"wp:featuredmedia":[{"embeddable":true,"href":"http:\/\/klubmamgdynia.pl\/index.php\/wp-json\/wp\/v2\/media\/4956"}],"wp:attachment":[{"href":"http:\/\/klubmamgdynia.pl\/index.php\/wp-json\/wp\/v2\/media?parent=4955"}],"wp:term":[{"taxonomy":"product_cat","embeddable":true,"href":"http:\/\/klubmamgdynia.pl\/index.php\/wp-json\/wp\/v2\/product_cat?post=4955"},{"taxonomy":"product_tag","embeddable":true,"href":"http:\/\/klubmamgdynia.pl\/index.php\/wp-json\/wp\/v2\/product_tag?post=4955"}],"curies":[{"name":"wp","href":"https:\/\/api.w.org\/{rel}","templated":true}]}}