{"id":4957,"date":"2021-12-18T21:13:18","date_gmt":"2021-12-18T20:13:18","guid":{"rendered":"http:\/\/klubmamgdynia.pl\/index.php\/produkt\/midi-wyprawka-niemowleca-z-wozkiem-diamond-s-line-3w1-junama\/"},"modified":"2026-04-06T13:18:50","modified_gmt":"2026-04-06T11:18:50","slug":"midi-wyprawka-niemowleca-z-wozkiem-diamond-s-line-3w1-junama","status":"publish","type":"product","link":"http:\/\/klubmamgdynia.pl\/index.php\/produkt\/midi-wyprawka-niemowleca-z-wozkiem-diamond-s-line-3w1-junama\/","title":{"rendered":"MIDI WYPRAWKA NIEMOWL\u0118CA Z W\u00d3ZKIEM DIAMOND S-LINE 3w1 JUNAMA"},"content":{"rendered":"<p>Prezentujemy MIDI Wyprawk\u0119 niemowl\u0119ca sk\u0142adaj\u0105ca si\u0119 z wszystkich potrzebnych produkt\u00f3wdla Twojego dziecka w super cenie, z mo\u017cliwo\u015bci\u0105 wyboru najbardziej odpowiedniej opcji dla Ciebie.W przypadku jakichkolwiek pyta\u0144,prosimy o kontakt tel (58) 3220325 lub kontakt na messenger Bobo-Raj  Co zawiera WYPRAWKA MIDI ?W\u00f3zek dzieci\u0119cy 2w1 gondola i spacer\u00f3wka DIAMOND S-LINE marki JUNAMA (kolor do wyboru )Fotelik samochodowy w standardzie fotelik w kolorze w\u00f3zka ( opcja wymiany na inny)Adaptery, umo\u017cliwiaj\u0105ce wpi\u0119cie fotelika w stela\u017c w\u00f3zka\u0141\u00f3\u017ceczko drewniane 120&#215;60 cm bia\u0142e (opcja wymiany na inne)Materac piankowy 6cm do \u0142\u00f3\u017ceczka (opcja wymiany na inny)Ko\u0142dra 120&#215;90 bia\u0142aPoduszka 60&#215;40 bia\u0142aPoszewka na ko\u0142dr\u0119 (wz\u00f3r po\u015bcieli do wyboru )Poszewka na poduszk\u0105 (wz\u00f3r po\u015bcieli do wyboru)Ochraniacz na szczebelki (wz\u00f3r do wyboru)Prze\u015bcierad\u0142o jersey na gumce (dopasowane kolorystycznie do po\u015bcieli)Ceratka na materac 90&#215;120 cmRo\u017cek bawe\u0142niany 80&#215;80 cm (dopasowany kolorystycznie do po\u015bcieli )Przewijak na \u0142\u00f3\u017cko 70&#215;50 cm Pokrowiec na przewijak (dopasowany kolorystycznie do po\u015bcieli)Okrycie k\u0105pielowe 80&#215;80 cm (dopasowany kolorystycznie do p\u0142ci)Zestaw Kosmetyczny (no\u017cyczki, obcinaczki, pilniczek)Zestaw do w\u0142os\u00f3w (grzebyk, szczoteczka)Pielucha tetrowa bia\u0142a -2 sztPielucha tetrowa z nadrukiem -2 sztPielucha flanelowa -2 sztMajtki Poporodowe jednorazowe 7 szt (rozmiar do wyboru S-XXL)Podk\u0142ady Poporodowe Bella -10 sztWk\u0142adki laktacyjne -24 sztButelka Medical Lovi 150 mlSmoczek uspokajaj\u0105cy 0-3 m -2 szt (GRATIS UBRANKA DZIECI\u0118CE O WARTO\u015aCI 50 z\u0142Junama Diamond 2.0 S-line w pi\u0119knym kolorze czerni, w po\u0142\u0105czeniu z ekskluzywn\u0105 ram\u0105 i niebanaln\u0105 mis\u0105 gondoli daje niepowtarzalny efekt. Elegancka torba do\u0142\u0105czona do zestawu dodaje uroku i zapewnia, \u017ce spakujesz wszystkie potrzebne akcesoria dzieci\u0119ce. Pi\u0119kny z\u0142oty stela\u017c w\u00f3zka nadaje ca\u0142emu w\u00f3zkowi wyrafinowanego stylu. Inspiracj\u0105 dla tego w\u00f3zka s\u0105 diamenty, kt\u00f3rych delikatny kszta\u0142t zosta\u0142 odwzorowany na gondoli w\u00f3zka. &#8211; Redukcja wagi spacer\u00f3wki poprzez zastosowanie kompaktowego siedziska spacerowego, poprawa komfortu podr\u00f3\u017cowania maluszk\u00f3w- udoskonalenie konstrukcji w\u00f3zka \u2013 mo\u017cliwo\u015b\u0107 sk\u0142adania siedziska spacerowego z konstrukcj\u0105!- zastosowanie intuicyjnego systemu wypinania gondoli- technologiczne udoskonalenie k\u00f3\u0142 obrotowych- redukcja drga\u0144, innowacyjny system pospieszenia oraz zwolnienia obrotu k\u00f3\u0142- Zaprojektowana przez najlepszych projektant\u00f3w TORBA DLA MAMY z organizerem, funkcj\u0105 rozk\u0142adania, zwi\u0119kszon\u0105 pojemno\u015bci\u0105 oraz MEGA NOWOCZESNYM DESIGNEM!- technologiczna modyfikacja pokrowca gondoli umo\u017cliwiaj\u0105ca szybki dost\u0119p do wn\u0119trza gondoli!- zmiana opony \u2013 wykorzystanie bezobs\u0142ugowego systemu k\u00f3\u0142 wiecznych z warstw\u0105 POLIURETANOW\u0104! NOWO\u015a\u0106! Wychodz\u0105c naprzeciw tym oczekiwaniom marka Junama stworzy\u0142a niepowtarzalny w\u00f3zek Junama Diamond S Line.Projektuj\u0105c go autor projektu zainspirowa\u0142 si\u0119 tym najszlachetniejszym kamieniem.Obok tego modelu nikt nie b\u0119dzie m\u00f3g\u0142 przej\u015b\u0107 oboj\u0119tnie, a ka\u017cdy rodzic b\u0119dzie czu\u0142 \u017ce jego dziecko podr\u00f3\u017cuje w i\u015bcie kr\u00f3lewskim w\u00f3zku.Podw\u00f3jna amortyzacja, szybkie i \u0142atwe sk\u0142adanie do kompaktowych rozmiar\u00f3w oraz diamentowa struktura gondoli w wersji 3D zadowol\u0105 nawet najbardziej wymagaj\u0105cych rodzic\u00f3w. Junama Diamond S Line to wyj\u0105tkowe rozwi\u0105zanie dla wyj\u0105tkowych rodzic\u00f3w.Junama zadba\u0142a o ka\u017cdy szczeg\u00f3\u0142 ,aby w\u0142a\u015bciciele tego modelu oraz ich dzieci mogli czu\u0107 si\u0119 naprawd\u0119 dopieszczeni.W \u0142atwy spos\u00f3b podr\u00f3\u017c naszego dziecka zamienimy w kr\u00f3lewsk\u0105 wypraw\u0119.Ka\u017cdy rodzic pragnie dla swojego dziecka wszystkiego co najlepsze.Proponujemy wi\u0119c diamentowy w\u00f3zek w eleganckim stylu komfort podr\u00f3\u017cy dla dziecka i presti\u017c dla rodzicaCharakterystyka Fotelika samochodowegoW zestawie Fotelik Kite w kolorze w\u00f3zka (za dop\u0142at\u0105 mo\u017cesz zam\u00f3wi\u0107 inny, klikaj\u0105c na zdj\u0119cie fotelika mo\u017cesz przeczyta\u0107 opis produktu )Charakterystyka Fotelika samochodowegoW zestawie Fotelik Kite w kolorze w\u00f3zka (za dop\u0142at\u0105 mo\u017cesz zam\u00f3wi\u0107 inny, klikaj\u0105c na zdj\u0119cie fotelika mo\u017cesz przeczyta\u0107 opis produktu )Avionaut Kite+ Babysafe YorkBabysafe York Avionaut CosmoAvionaut PixelDo ka\u017cdego z fotelik\u00f3w mo\u017cesz zam\u00f3wi\u0107 baz\u0119 isofix Baza isofix wymaga jednokrotnego zainstalowania w samochodzie bezpo\u015brednio do systemu Isofix samochodu. Taki system monta\u017cu u\u0142atwia p\u00f3\u017aniejsze korzystanie z fotelika, poniewa\u017c wystarczy umie\u015bci\u0107 go na bazie, nie trzeba za ka\u017cdym razem przek\u0142ada\u0107 pasa. Takie rozwi\u0105zanie zwi\u0119ksza bezpiecze\u0144stwo dziecka w przypadku zderzenia, oraz minimalizuje ryzyko niepoprawnego zapi\u0119cia fotelika.Adaptery pozwalaj\u0105 zainstalowa\u0107 na stela\u017cu w\u00f3zka fotelik samochodowyCharakterystyka \u0142\u00f3\u017ceczka drewnianegoWymiary wewn\u0119trzne 120x60cmDno z 3 stopniowym poziomem regulacjiWyjmowane szczebelki. Funkcja niezb\u0119dna dla starszych dzieci samodzielnie opuszczaj\u0105cych \u0142\u00f3\u017ceczko.Wykonane z litego drewna sosnowego\u0141\u00f3\u017ceczko wykonane z wysokiej jako\u015bci drewna sosnowego.Szczebelkowe dno zapewniaj\u0105ce odpowiedni dop\u0142yw powietrza i wentylacje. Dno regulowane w trzech poziomach co sprawia, \u017ce jest ono idealnie przystosowane zar\u00f3wno dla noworodka, jak i starszego dziecka. Staranno\u015b\u0107 wykonania i funkcjonalno\u015b\u0107 zapewni\u0105 wygod\u0119 waszemu dziecku. Spos\u00f3b monta\u017cu, zastosowane po\u0142\u0105czenia i \u015bruby zapewniaj\u0105 mo\u017cliwo\u015b\u0107 \u0142atwego, wielokrotnego monta\u017cu i demonta\u017cu \u0142\u00f3\u017ceczka dlatego mo\u017ce ono pos\u0142u\u017cy\u0107 wi\u0119cej ni\u017c jednemu dziecku. Produkt polskiego producenta.Mo\u017cliwa zamiana na inny model (za dop\u0142at\u0105)Mo\u017cliwo\u015b\u0107 wymiany na inny model , (klikaj\u0105c na zdj\u0119cie, przeczytasz pe\u0142ne informacje o produkcieW zestawie materac piankowy 6 cm w kolorowym pokrowcu (za dop\u0142at\u0105 mo\u017cesz wymieni\u0107 na inny materac)Mo\u017cesz wymieni\u0107 na materac:Gryczano- kokosowy -10 cmKokos-pianka-kokos 12 cmKokos- pianka -10 cmCharakterystyka po\u015bcieliW zestawie pe\u0142ne wyposa\u017cenie do \u0142\u00f3\u017ceczka, kolor do wyboru poni\u017cejPoszewka na poduszk\u0119 60\/40 cmPoszewka na ko\u0142dr\u0119 120\/90 cmOchraniacz 180 cmRo\u017cek bawe\u0142niany w kolorze po\u015bcieliKo\u0142dra 120\/90 cm w bia\u0142ym kolorzePoduszka 60\/40 cm w bia\u0142ym kolorzeBalonyGwiazdkiJelonekLe\u015bne zwierz\u0105tkaLiskiSafariSarenkiS\u00f3wkiOkrycie 80&#215;80 cmIdealny r\u0119cznik po k\u0105pieli, zdobione wysokiej jako\u015bci haftem na kapturku.Kapturek pozwala na okrycie wilgotnej g\u0142\u00f3wki dziecka i chroni przed wych\u0142odzeniem po k\u0105pieli.Wykonane z bardzo mi\u0119kkiej i przyjemnej frotty,kt\u00f3ra \u015bwietnie ch\u0142onie wod\u0119 i nadaje si\u0119 dla delikatnej sk\u00f3ry ka\u017cdego dziecka,nie powoduje podra\u017cnie\u0144.W zestawie prze\u015bcierad\u0142o jersey z gumk\u0105, wykonane z bawe\u0142ny , odpowiednie na ka\u017cdy materac,W komplecie potrzebne akcesoria niemowl\u0119ce, zestaw do piel\u0119gnacji g\u0142\u00f3wki szczoteczka i grzebykZestaw kosmetyczny : bezpieczne no\u017cyczki, obcinaczki , pilniczekButelka Medical Lovi 150 mlSmoczek uspokajaj\u0105cy 0-3 m -2 szt (kolor dopasowany do preferencji)2szt tetra kolor, 2szt tetra bia\u0142a, 2szt flanelka:Bawe\u0142niana pieluszki s\u0142u\u017c\u0105 nie tylko do przewijania, ale tak\u017ce do wycierania buzi oraz cia\u0142ka dziecka, s\u0105 niezb\u0119dne przy k\u0105pieli.Jednorazowe majtki poporodowe 7 sztWk\u0142adki laktacyjne 24 szt. niezb\u0119dne podczas karmienia piersi\u0105.Ceratka na materac, zabezpieczaj\u0105ca przed przemoczeniem materaca.<\/p>\n<h2>MIDI WYPRAWKA NIEMOWL\u0118CA Z W\u00d3ZKIEM DIAMOND S-LINE 3w1 JUNAMA Junama<\/h2>\n<p>zagadki matematyczne dla przedszkolak\u00f3w, lody kolorowanka, zagadki matematyczne z odpowiedziami, jagna, quiz o bajkach, karnawa\u0142 maska karnawa\u0142owa szablon, niech \u017cyj\u0105 wakacje tekst, kajko i kokosz szko\u0142a latania test z odpowiedziami, weso\u0142e pisanki tekst piosenki, kolorowanka ninjago, m\u0105dre prezenty dla 7 latki, zagadki o zwierz\u0119tach le\u015bnych dla dzieci, \u015bmigus dyngus wiersz dla dzieci, szablony do wyklejania plastelin\u0105, ko\u0142ysanki dla dzieci tekst, cytaty dzie\u0144 nauczyciela, opis do zdj\u0119cia dziecka, ma\u0142y ksi\u0105\u017c\u0119 &#8211; test z odpowiedziami, 45 pa\u0144stw europy i ich stolice quiz, cytaty o mi\u0142o\u015bci do dziecka, pa\u0144stwa europy i ich stolice quiz<\/p>\n<p>yyyyy<\/p>\n<p>&nbsp;<\/p>\n","protected":false},"excerpt":{"rendered":"<p>Prezentujemy MIDI Wyprawk\u0119 niemowl\u0119ca sk\u0142adaj\u0105ca si\u0119 z wszystkich potrzebnych produkt\u00f3wdla Twojego dziecka w super cenie, z mo\u017cliwo\u015bci\u0105 wyboru najbardziej odpowiedniej opcji dla Ciebie.W przypadku jakichkolwiek pyta\u0144,prosimy o kontakt tel (58) 3220325 lub kontakt na messenger Bobo-Raj Co zawiera WYPRAWKA MIDI ?W\u00f3zek dzieci\u0119cy 2w1 gondola i spacer\u00f3wka DIAMOND S-LINE marki JUNAMA (kolor do wyboru )Fotelik samochodowy [&hellip;]<\/p>\n","protected":false},"featured_media":4958,"comment_status":"closed","ping_status":"open","template":"","meta":[],"product_cat":[1279,110],"product_tag":[584,729,678,711],"class_list":["post-4957","product","type-product","status-publish","has-post-thumbnail","hentry","product_cat-junama","product_cat-wozki-wielofunkcyjne","product_tag-liwia","product_tag-madre-bajki-dla-dzieci-do-czytania","product_tag-prezent-na-roczek-dla-dziewczynki","product_tag-prezenty-dla-nastolatkow"],"_links":{"self":[{"href":"http:\/\/klubmamgdynia.pl\/index.php\/wp-json\/wp\/v2\/product\/4957","targetHints":{"allow":["GET"]}}],"collection":[{"href":"http:\/\/klubmamgdynia.pl\/index.php\/wp-json\/wp\/v2\/product"}],"about":[{"href":"http:\/\/klubmamgdynia.pl\/index.php\/wp-json\/wp\/v2\/types\/product"}],"replies":[{"embeddable":true,"href":"http:\/\/klubmamgdynia.pl\/index.php\/wp-json\/wp\/v2\/comments?post=4957"}],"wp:featuredmedia":[{"embeddable":true,"href":"http:\/\/klubmamgdynia.pl\/index.php\/wp-json\/wp\/v2\/media\/4958"}],"wp:attachment":[{"href":"http:\/\/klubmamgdynia.pl\/index.php\/wp-json\/wp\/v2\/media?parent=4957"}],"wp:term":[{"taxonomy":"product_cat","embeddable":true,"href":"http:\/\/klubmamgdynia.pl\/index.php\/wp-json\/wp\/v2\/product_cat?post=4957"},{"taxonomy":"product_tag","embeddable":true,"href":"http:\/\/klubmamgdynia.pl\/index.php\/wp-json\/wp\/v2\/product_tag?post=4957"}],"curies":[{"name":"wp","href":"https:\/\/api.w.org\/{rel}","templated":true}]}}