{"id":4959,"date":"2020-09-15T03:56:57","date_gmt":"2020-09-15T01:56:57","guid":{"rendered":"http:\/\/klubmamgdynia.pl\/index.php\/produkt\/elior-rozowa-szafa-domek-camino-3x-brzoskwiniowy\/"},"modified":"2026-04-06T04:54:54","modified_gmt":"2026-04-06T02:54:54","slug":"elior-rozowa-szafa-domek-camino-3x-brzoskwiniowy","status":"publish","type":"product","link":"http:\/\/klubmamgdynia.pl\/index.php\/produkt\/elior-rozowa-szafa-domek-camino-3x-brzoskwiniowy\/","title":{"rendered":"Elior R\u00f3\u017cowa Szafa Domek Camino 3X Brzoskwiniowy"},"content":{"rendered":"<p>Kupowanie szafy to nudne zaj\u0119cie. Zw\u0142aszcza je\u015bli jej przysz\u0142y w\u0142a\u015bciciel w\u0142a\u015bnie konstruuje najnowocze\u015bniejszy kosmiczny pojazd z klock\u00f3w lub organizuje bardzo wa\u017cny pokaz mody dla lalek i pluszak\u00f3w. No c\u00f3\u017c, techniczne parametry, ilo\u015b\u0107 p\u00f3\u0142ek, czy wymiary to nie s\u0105 sprawy istotne dla m\u0142odego u\u017cytkownika szafy na ubrania. Ale je\u015bli mebel ma wszystko, czego od niego oczekuje rodzic, a w dodatku wygl\u0105da jak spe\u0142nione marzenie dziecka, to ju\u017c zupe\u0142nie inna bajka! I taki w\u0142a\u015bnie projekt z przyjemno\u015bci\u0105 prezentujemy! Oto szafa Camino 3X marki Elior \u2013 praktyczna, tak jak lubi mama, bezpieczna, tak jak wymaga tata i bajeczna jak dzieci\u0119ce marzenia. Bajeczny design Czasy kiedy meble dzieci\u0119ce w zasadzie nie r\u00f3\u017cni\u0142y si\u0119 od mebli przeznaczonych dla doros\u0142ych, min\u0119\u0142y bezpowrotnie. Fima Elior projektuj\u0105c meble przeznaczone do pokoi dzieci\u0119cych szczeg\u00f3ln\u0105 wag\u0119 przywi\u0105zuje zar\u00f3wno do ich jako\u015bci, jak i wygl\u0105du. Wybieramy wy\u0142\u0105cznie certyfikowane surowce i komponenty najwy\u017cszej jako\u015bci. Dbamy tak\u017ce o design przyjazny dzieci\u0119cej wyobra\u017ani i kszta\u0142tuj\u0105cy jego poczucie estetyki. Dlaczego? Bo dzieci s\u0105 wa\u017cne! Z tego powodu szafa Camino 3X marki Elior to unikatowy mebel, kt\u00f3ra pe\u0142ni nie tylko funkcj\u0119 u\u017cytkow\u0105, zapewniaj\u0105c komfortowe miejsce na ubrania lub zabawki Twojej pociechy. Szafa Camino 3X wyr\u00f3\u017cnia si\u0119 unikatowym designem, kt\u00f3ry fenomenalnie zaaran\u017cuje przestrze\u0144 pokoju dziecka, zamieniaj\u0105c go w bajkowe miasteczko, zaczarowan\u0105 krain\u0119 lub kr\u00f3lewski zamek. Klasyczna forma szafy Camino 3X zapewnia wystarczaj\u0105co du\u017co miejsca na dzieci\u0119ce ubrania lub zabawki, a pastelowy front w kszta\u0142cie kamieniczki z uroczym daszkiem i okienkami nada wn\u0119trzu wyj\u0105tkowego bajkowego charakteru. Szafa Camino 3X to mebel, kt\u00f3ry fantastycznie urz\u0105dzi wn\u0119trze, pobudzi wyobra\u017ani\u0119 dziecka i zach\u0119ci je do samodzielnego utrzymywania porz\u0105dku w swoim kr\u00f3lestwie. Szafa Camino 3X oczaruje Ciebie i Twoje dziecko. Praktycznie i bez wad Marka Elior priorytetowo traktuje bezpieczny i zdrowy rozw\u00f3j dziecka, dlatego nasze produkty dedykowane najm\u0142odszym u\u017cytkownikom spe\u0142niaj\u0105 wszelkie, najbardziej restrykcyjne normy jako\u015bci. Szafa domek Camino 3X to wyj\u0105tkowy mebel precyzyjnie zaprojektowany i starannie wykonany z nowoczesnych komponent\u00f3w o najwy\u017cszym stopniu bezpiecze\u0144stwa i jako\u015bci. Konstrukcja posta\u0142a z naturalnej, wysokogatunkowej p\u0142yty meblowej laminowanej o klasie higieny E1, podwy\u017cszonej trwa\u0142o\u015bci i g\u0119sto\u015bci 684,8 kg\/m3 wg badania normy EN 323. Fronty dodatkowo zosta\u0142y zabezpieczone antyalergicznym lakierem z certyfikatem bezpiecze\u0144stwa Pro Kids, potwierdzaj\u0105cym jego nieszkodliwo\u015b\u0107 podczas kontaktu z dzieckiem. Drzwi szafy zosta\u0142y wyposa\u017cone w trwa\u0142e zawiasy Blum Pro z systemem cichego domyku oraz doskonalej jako\u015bci uchwyty w kszta\u0142cie bia\u0142ych ga\u0142ek lub mechaniczne wspomaganie otwierania TipOn. System otwierania TipOn to nowoczesna i absolutnie bezpieczna funkcja pozwalaj\u0105ca \u0142atwo otworzy\u0107 drzwi poprzez delikatne naci\u015bni\u0119cie frontu. Mechanizm TipOn pozostaje zawsze sprawny, nawet je\u015bli drzwi szafy zostan\u0105 otworzone w tradycyjny spos\u00f3b, czyli przez poci\u0105gniecie. Tak przemy\u015blany projekt szafy Camino 3X eliminuje ryzyko zbyt gwa\u0142townego, czy szerokiego otworzenia drzwi, dzi\u0119ki czemu mebel jest wyj\u0105tkowo bezpieczny dla dzieci. Zapomnij o nietrwa\u0142ych meblach i stresie zwi\u0105zanym z ich u\u017cytkowaniem. Wybierz bezpieczn\u0105 i solidn\u0105 szaf\u0119 domek Camino 3X, bo Twoje dziecko zas\u0142uguje na wszystko co najlepsze. Do wyboru, do koloru Meble przeznaczone do pokoju dzieci\u0119cego powinny by\u0107 bezpieczne, trwa\u0142e i estetyczne. Powinny tak\u017ce by\u0107 dostosowane do indywidualnych potrzeb Twojego dziecka. Zastanawiasz si\u0119, czy w sklepie meblowym mo\u017cna kupi\u0107 szaf\u0119 zaprojektowan\u0105 zgodnie z Twoimi wytycznymi? Z zwyk\u0142ym sklepie z meblami \u2013 raczej nie, ale w sklepie Edinos.pl \u2013 jak najbardziej! Szukasz dla Twojej pociechy estetycznej szafy na ubrania wisz\u0105ce? Wolisz by szafa by\u0142a wyposa\u017cona tylko w p\u00f3\u0142ki? A mo\u017ce raczej powinna posiada\u0107 i dr\u0105\u017cek i p\u00f3\u0142ki? Szafa Camino 3X to unikatowy mebel, kt\u00f3rego ostateczny wygl\u0105d i wyposa\u017cenie zale\u017cy od Ciebie! Do wyboru masz a\u017c 6 pastelowych odcieni oraz 6 kombinacji wyposa\u017cenia. Wybierz jedn\u0105 z opcji i poinformuj nas o swoim wyborze w komentarzu do zam\u00f3wienia lub drog\u0105 mailow\u0105. Pomys\u0142 na wyposa\u017cenie szafy Camino 3X ju\u017c gotowy? Czas na wyb\u00f3r koloru! Poni\u017cej znajduje si\u0119 wzornik kolor\u00f3w front\u00f3w szafy Camino 3X. Kliknij okienko z wybranym kolorem i dodaj szaf\u0119 do koszyka albo poinformuj nas o swoim wyborze w komentarzu do zam\u00f3wienia lub drog\u0105 mailow\u0105. Praktycznie i z fantazj\u0105! Trwa\u0142a konstrukcja z p\u0142yty laminowanej MDF zabezpieczonej certyfikowanym lakierem Pro Kids. Zawiasy Blum Pro z systemem cichego domyku. 6 opcji wyposa\u017cenia wn\u0119trza szafy do wyboru. 6 wersji kolorystycznych frontu do wyboru. Bezpieczne otwieranie drzwi za pomoc\u0105 bia\u0142ej ga\u0142ki lub systemu TipOn do wyboru. Unikatowy design doskonale dopasowany pokoi dzieci\u0119cych w stylu skandynawskim, klasycznym, bajkowym, marynistycznym. Szukasz innego wzoru szafy? W naszej ofercie posiadamy a\u017c 4 r\u00f3\u017cne wzory front\u00f3w szaf z serii Camino. Kliknij link i sprawd\u017a pe\u0142n\u0105 ofert\u0119 szaf &#8211; domk\u00f3w Camino marki Elior. Stw\u00f3rz w\u0142asny bajkowy komplet mebli dzieci\u0119cych. Najwa\u017cniejsze informacje: Wymiary: szeroko\u015b\u0107: 50 cm, wysoko\u015b\u0107: 180 cm, g\u0142\u0119boko\u015b\u0107: 60 cm. Gwarancja: 10 lat (inni producenci oferuj\u0105 maksymalnie 24 miesi\u0105ce gwarancji. Tylko u nas otrzymujesz pe\u0142n\u0105 jako\u015b\u0107 potwierdzon\u0105 a\u017c 10-letni\u0105 gwarancj\u0105). Materia\u0142: wysokiej jako\u015bci laminowana p\u0142yta meblowa o klasie higieny E1 uszlachetniona cienkimi filmami melaminowymi odporna na zarysowania i uszkodzenia mechaniczne. 6 modnych kolor\u00f3w front\u00f3w do wyboru: brzoskwiniowy, jasny popiel, be\u017cowy, pudrowy r\u00f3\u017c, b\u0142\u0119kitny, pistacjowy. 6 wariant\u00f3w wyposa\u017cenia do wyboru. Wybierz model najlepiej odpowiadaj\u0105cy potrzebom Twojego dziecka i poinformuj nas o swoim wyborze w komentarzu do zam\u00f3wienia lub drog\u0105 mailow\u0105. 2 warianty otwierania: uchwyt &#8211; bia\u0142a ga\u0142ka lub mechanizm TipOn. Wybierz najwygodniejszy wariant i poinformuj nas o swoim wyborze w komentarzu do zam\u00f3wienia lub drog\u0105 mailow\u0105. W naszej ofercie posiadamy tak\u017ce inne wzory szaf domk\u00f3w z serii Camino. Kliknij link i wybierz model najlepiej dopasowany do aran\u017cacji pokoju Twojej pociechy. Kliknij w link i sprawd\u017a tak\u017ce inne szafy dzieci\u0119ce w sklepie Edinos.pl. Stw\u00f3rz sw\u00f3j praktyczny zestaw mebli. Produkt posiada certyfikat jako\u015bci &#8222;Edinos Standards DSI 804&#8221;, kt\u00f3ry potwierdza najwy\u017csz\u0105 jako\u015b\u0107 wykonania mebla oraz pe\u0142ny stopie\u0144 zgodno\u015bci poszczeg\u00f3lnych jednostek wytworzonego wyrobu z przyj\u0119tym wzorcem. Poni\u017cej znajduje si\u0119 kr\u00f3tki 3-minutowy film producenta mebli Elior o polityce jako\u015bci firmy, gwarancji oraz odpowiedzialno\u015bci spo\u0142ecznej marki. Zapraszamy: Je\u015bli frazy: zdrowie, bezpiecze\u0144stwo czy higiena maj\u0105 dla Ciebie znaczenie, nie eksperymentuj z tanimi, niemarkowymi meblami. Produkty Elior wytwarzane s\u0105 z naturalnego drewna oraz p\u0142yty laminowanej posiadaj\u0105cej \u015bwiadectwa i atesty higieniczne Nr 176\/779\/194\/2009 oraz \u015awiadectwo Jako\u015bci Zdrowotnej H\u017b\/C\/02127\/08 wydane przez Pa\u0144stwowy Zak\u0142ad Higieny. Ponadto g\u0142\u00f3wne elementy mebli Elior oznaczone zosta\u0142y stopniem &#8222;D \u2013 s2, d0&#8221; w klasyfikacji ogniowej wydanej przez ITB w Warszawie, co jeszcze raz potwierdza ich ponadprzeci\u0119tne bezpiecze\u0144stwo u\u017cytkowania. Klasa higieny E1 wydana dla wszystkich mebli marki Elior potwierdza, \u017ce nawet podczas spalania, konkretne elementy mebli nie wydzielaj\u0105 \u017cadnych toksycznych gaz\u00f3w i s\u0105 materia\u0142em wolnym od wydzielania formaldehydu. Warto o tym pami\u0119ta\u0107, inwestuj\u0105c w przysz\u0142o\u015b\u0107 i zdrowie Twoich najbli\u017cszych. Urz\u0105dzasz pok\u00f3j swojej ksi\u0119\u017cniczki i szukasz \u0142adnej i praktycznej szafy na ksi\u0105\u017c\u0119ce stroje? A mo\u017ce Tw\u00f3j ma\u0142y rycerz potrzebuje przestronnego i bezpiecznego miejsca na swoje skarby? Nie kupuj zwyk\u0142ej szafy je\u015bli nie chcesz ujrze\u0107 wyrazu rozczarowania w oczach swojej pociechy. Podaruj swojemu dziecku fantastyczne dzieci\u0144stwo i pi\u0119knie urz\u0105dzony pok\u00f3j. Zam\u00f3w bajeczn\u0105 szaf\u0119 Camino 3X marki Elior w wyj\u0105tkowo atrakcyjnej cenie, jedynie 1728 z\u0142 ju\u017c teraz! Camino 3X &#8211; spe\u0142nia dzieci\u0119ce marzenia!<\/p>\n<h2>Elior R\u00f3\u017cowa Szafa Domek Camino 3X Brzoskwiniowy Elior<\/h2>\n<p>maski superbohater\u00f3w do wydrukowania, prezenty dla m\u0142odzie\u017cy, film rodzinny o \u015bwi\u0119tach, atrakcje dla dzieci wroc\u0142aw 2021, ozdoby choinkowe dla dzieci, cookie dough przepis, test dynastia mizio\u0142k\u00f3w<\/p>\n<p>yyyyy<\/p>\n<p>&nbsp;<\/p>\n","protected":false},"excerpt":{"rendered":"<p>Kupowanie szafy to nudne zaj\u0119cie. Zw\u0142aszcza je\u015bli jej przysz\u0142y w\u0142a\u015bciciel w\u0142a\u015bnie konstruuje najnowocze\u015bniejszy kosmiczny pojazd z klock\u00f3w lub organizuje bardzo wa\u017cny pokaz mody dla lalek i pluszak\u00f3w. No c\u00f3\u017c, techniczne parametry, ilo\u015b\u0107 p\u00f3\u0142ek, czy wymiary to nie s\u0105 sprawy istotne dla m\u0142odego u\u017cytkownika szafy na ubrania. Ale je\u015bli mebel ma wszystko, czego od niego oczekuje [&hellip;]<\/p>\n","protected":false},"featured_media":4960,"comment_status":"closed","ping_status":"open","template":"","meta":[],"product_cat":[965,1010],"product_tag":[790,669,605,615],"class_list":["post-4959","product","type-product","status-publish","has-post-thumbnail","hentry","product_cat-elior","product_cat-szafy-dzieciece","product_tag-gry-planszowe-dla-nastolatkow","product_tag-kolorowanki","product_tag-milena","product_tag-znane-misie-z-filmow-animowanych"],"_links":{"self":[{"href":"http:\/\/klubmamgdynia.pl\/index.php\/wp-json\/wp\/v2\/product\/4959","targetHints":{"allow":["GET"]}}],"collection":[{"href":"http:\/\/klubmamgdynia.pl\/index.php\/wp-json\/wp\/v2\/product"}],"about":[{"href":"http:\/\/klubmamgdynia.pl\/index.php\/wp-json\/wp\/v2\/types\/product"}],"replies":[{"embeddable":true,"href":"http:\/\/klubmamgdynia.pl\/index.php\/wp-json\/wp\/v2\/comments?post=4959"}],"wp:featuredmedia":[{"embeddable":true,"href":"http:\/\/klubmamgdynia.pl\/index.php\/wp-json\/wp\/v2\/media\/4960"}],"wp:attachment":[{"href":"http:\/\/klubmamgdynia.pl\/index.php\/wp-json\/wp\/v2\/media?parent=4959"}],"wp:term":[{"taxonomy":"product_cat","embeddable":true,"href":"http:\/\/klubmamgdynia.pl\/index.php\/wp-json\/wp\/v2\/product_cat?post=4959"},{"taxonomy":"product_tag","embeddable":true,"href":"http:\/\/klubmamgdynia.pl\/index.php\/wp-json\/wp\/v2\/product_tag?post=4959"}],"curies":[{"name":"wp","href":"https:\/\/api.w.org\/{rel}","templated":true}]}}