{"id":4961,"date":"2018-09-24T17:38:28","date_gmt":"2018-09-24T15:38:28","guid":{"rendered":"http:\/\/klubmamgdynia.pl\/index.php\/produkt\/schardt-szafa-scandic-3-drzwiowa\/"},"modified":"2026-05-02T17:25:57","modified_gmt":"2026-05-02T15:25:57","slug":"schardt-szafa-scandic-3-drzwiowa","status":"publish","type":"product","link":"http:\/\/klubmamgdynia.pl\/index.php\/produkt\/schardt-szafa-scandic-3-drzwiowa\/","title":{"rendered":"Schardt Szafa Scandic 3 Drzwiowa"},"content":{"rendered":"<p>Szczeg\u00f3\u0142y produktu: Kolor: bia\u0142y \/ natura Materia\u0142: MDF, pokryty melamin\u0105 Wymiary: szeroko\u015b\u0107 x g\u0142\u0119boko\u015b\u0107 x wysoko\u015b\u0107 154 x 53 x 189 cm 2 drzwi z systemem cichego zamykania 1 dr\u0105\u017cek na ubrania 2 d\u0142ugie p\u00f3\u0142ki 4 p\u00f3\u0142ki Made in Germany Schardt jako zwyci\u0119zca testu zr\u00f3wnowa\u017cone zaanga\u017cowanie Nagroda Schardt najwy\u017csza rekomendacja od klient\u00f3w<\/p>\n<h2>Schardt Szafa Scandic 3 Drzwiowa Schardt<\/h2>\n<p>prima aprilis pomys\u0142y, mi\u0142osz imie, dobranoc pch\u0142y na noc, andrea, dzie\u0144 nauczyciela teksty, quiz samochodowy<\/p>\n<p>yyyyy<\/p>\n<p>&nbsp;<\/p>\n","protected":false},"excerpt":{"rendered":"<p>Szczeg\u00f3\u0142y produktu: Kolor: bia\u0142y \/ natura Materia\u0142: MDF, pokryty melamin\u0105 Wymiary: szeroko\u015b\u0107 x g\u0142\u0119boko\u015b\u0107 x wysoko\u015b\u0107 154 x 53 x 189 cm 2 drzwi z systemem cichego zamykania 1 dr\u0105\u017cek na ubrania 2 d\u0142ugie p\u00f3\u0142ki 4 p\u00f3\u0142ki Made in Germany Schardt jako zwyci\u0119zca testu zr\u00f3wnowa\u017cone zaanga\u017cowanie Nagroda Schardt najwy\u017csza rekomendacja od klient\u00f3w Schardt Szafa Scandic [&hellip;]<\/p>\n","protected":false},"featured_media":4962,"comment_status":"closed","ping_status":"open","template":"","meta":[],"product_cat":[1071,1010],"product_tag":[722,594,640,822],"class_list":["post-4961","product","type-product","status-publish","has-post-thumbnail","hentry","product_cat-schardt","product_cat-szafy-dzieciece","product_tag-cytaty-o-przyjazni","product_tag-podchwytliwe-zagadki-dla-dzieci","product_tag-prezent-dla-rocznej-dziewczynki","product_tag-wierszyki-o-wakacjach-krotkie"],"_links":{"self":[{"href":"http:\/\/klubmamgdynia.pl\/index.php\/wp-json\/wp\/v2\/product\/4961","targetHints":{"allow":["GET"]}}],"collection":[{"href":"http:\/\/klubmamgdynia.pl\/index.php\/wp-json\/wp\/v2\/product"}],"about":[{"href":"http:\/\/klubmamgdynia.pl\/index.php\/wp-json\/wp\/v2\/types\/product"}],"replies":[{"embeddable":true,"href":"http:\/\/klubmamgdynia.pl\/index.php\/wp-json\/wp\/v2\/comments?post=4961"}],"wp:featuredmedia":[{"embeddable":true,"href":"http:\/\/klubmamgdynia.pl\/index.php\/wp-json\/wp\/v2\/media\/4962"}],"wp:attachment":[{"href":"http:\/\/klubmamgdynia.pl\/index.php\/wp-json\/wp\/v2\/media?parent=4961"}],"wp:term":[{"taxonomy":"product_cat","embeddable":true,"href":"http:\/\/klubmamgdynia.pl\/index.php\/wp-json\/wp\/v2\/product_cat?post=4961"},{"taxonomy":"product_tag","embeddable":true,"href":"http:\/\/klubmamgdynia.pl\/index.php\/wp-json\/wp\/v2\/product_tag?post=4961"}],"curies":[{"name":"wp","href":"https:\/\/api.w.org\/{rel}","templated":true}]}}