{"id":4965,"date":"2025-06-04T17:17:00","date_gmt":"2025-06-04T15:17:00","guid":{"rendered":"http:\/\/klubmamgdynia.pl\/?post_type=product&#038;p=4965"},"modified":"2026-04-06T02:29:04","modified_gmt":"2026-04-06T00:29:04","slug":"mga-ready2robot-bot-blasters-style-1-553946","status":"publish","type":"product","link":"http:\/\/klubmamgdynia.pl\/index.php\/produkt\/mga-ready2robot-bot-blasters-style-1-553946\/","title":{"rendered":"MGA Ready2Robot Bot Blasters Style 1 553946"},"content":{"rendered":"<p>Ready2Robot &#8211; Bot Blaster Miotacze Style 1                            <\/p>\n<p>Kolekcjonerska linia Ready2Robot w kapsu\u0142ach z warstwami, kt\u00f3ra pozwala budowa\u0107, miesza\u0107, \u0142\u0105czy\u0107 i dopasowywa\u0107 w\u0142asne niestandardowe &#8222;roboty&#8221; i walczy\u0107 z przyjaci\u00f3\u0142mi w b\u00f3jce robot\u00f3w na terenie Fightanium Arena. Dodaj swoj\u0105 bro\u0144 aby Twoje bitwy osi\u0105gn\u0119\u0142y kolejny poziom! Odblokuj wi\u0119cej bot\u00f3w, stw\u00f3rz swoj\u0105 ostateczn\u0105 awantur\u0119 i rozwal swoj\u0105 drog\u0119 do tytu\u0142u mistrza! Ostatnia pozycja bota dostaje chwa\u0142\u0119 i prawa do chwalenia si\u0119!<\/p>\n<p>Ready2Robot &#8211; Bot Blaster Miotacze Style 1 553946 zabawa zaczyna si\u0119 ju\u017c podczas rozpakowywania! Kt\u00f3ry Bot dostaniesz? Ka\u017cda warstwa i element kapsu\u0142y skrywa w sobie niespodziank\u0119. Rozpakuj swoje cz\u0119\u015bci, zbuduj Mechbota i w\u0142\u00f3\u017c Pilota do bitwy. W zestawie znajduj\u0105 si\u0119: 2 ramiona, 2 sztuki broni, 4 nogi, 1 kokpit, 1 tors, \u017cel, Pilot, 2 pociski, strzelec. A\u017c tysi\u0105ce mo\u017cliwych kombinacji. Mieszaj i dopasowuj wszystkie elementy swoich Bot\u00f3w, aby budowa\u0107 jeszcze wi\u0119ksze bitwy. Ready2Robot s\u0105 gotowe do dzia\u0142ania, walcz\u0105 ze sob\u0105 i \u015bluzuj\u0105. Ka\u017cdy zestaw Bot Blaster zawiera dodatkowe bronie i akcesoria do budowania oraz dostosowywania swoich robot\u00f3w i pilot\u00f3w do bitwy. Za\u0142aduj bro\u0144 i strzelaj. W sprzeda\u017cy 4 r\u00f3\u017cne style z akcesoriami (sprzedawane oddzielnie). Baw si\u0119 w odkrywanie i kolekcjonowanie!                            <\/p>\n<p>Zawarto\u015b\u0107 i cechy zestawu:<\/p>\n<p>4-elementowa kapsu\u0142a<br \/>\ncz\u0119\u015bci do zbudowania Robota niespodzianki<br \/>\nfigurka Pilota<br \/>\n\u017cel\/slime 8.5 g (niebieski, zielony, pomara\u0144czowy, \u017c\u00f3\u0142ty lub magenta &#8211; w zale\u017cno\u015bci od zestawu)<br \/>\npojemnik do przechowania \u017celu\/slimu &#8211; w nim ukryty jest Pilot<br \/>\n2 pociski<br \/>\n1 strzelec<br \/>\nprzewodnik kolekcjonera<br \/>\ninstrukcja<br \/>\nzestaw jest niespodziank\u0105, dlatego nie wiadomo na jakiego Bota trafisz<br \/>\nbuduj, mieszaj i wymieniaj<br \/>\nzabawa w odkrywanie i kolekcjonowanie<br \/>\nponad 1000 sposob\u00f3w na \u0142\u0105czenie i dopasowywanie<\/p>\n<h2>MGA Ready2Robot Bot Blasters Style 1 553946 MGA<\/h2>\n<p>prezenty dla nastolatek, zabawki na roczek dla ch\u0142opca, kolorowanka pikachu, zabawki na roczek dla ch\u0142opca, lego ninjago kolorowanki, ko\u0142ysanki dla dzieci tekst, julian imie, zrobi\u0107 laurk\u0119 laurka dla babci, opowie\u015bci z narnii lew czarownica i stara szafa test do wydruku, pomys\u0142 na prezent dla nastolatk\u00f3w<\/p>\n<p>yyyyy<\/p>\n<p>&nbsp;<\/p>\n","protected":false},"excerpt":{"rendered":"<p>Ready2Robot &#8211; Bot Blaster Miotacze Style 1 Kolekcjonerska linia Ready2Robot w kapsu\u0142ach z warstwami, kt\u00f3ra pozwala budowa\u0107, miesza\u0107, \u0142\u0105czy\u0107 i dopasowywa\u0107 w\u0142asne niestandardowe &#8222;roboty&#8221; i walczy\u0107 z przyjaci\u00f3\u0142mi w b\u00f3jce robot\u00f3w na terenie Fightanium Arena. Dodaj swoj\u0105 bro\u0144 aby Twoje bitwy osi\u0105gn\u0119\u0142y kolejny poziom! Odblokuj wi\u0119cej bot\u00f3w, stw\u00f3rz swoj\u0105 ostateczn\u0105 awantur\u0119 i rozwal swoj\u0105 drog\u0119 [&hellip;]<\/p>\n","protected":false},"featured_media":4966,"comment_status":"closed","ping_status":"open","template":"","meta":[],"product_cat":[95,301],"product_tag":[792,842,757,733],"class_list":["post-4965","product","type-product","status-publish","has-post-thumbnail","hentry","product_cat-figurki-makiety-i-zestawy","product_cat-mga","product_tag-cytaty-o-mamie","product_tag-plac-zabaw-poznan","product_tag-test-z-lektury-ania-z-zielonego-wzgorza-klasa-6-z-odpowiedziami","product_tag-zarty-na-prima-aprilis"],"_links":{"self":[{"href":"http:\/\/klubmamgdynia.pl\/index.php\/wp-json\/wp\/v2\/product\/4965","targetHints":{"allow":["GET"]}}],"collection":[{"href":"http:\/\/klubmamgdynia.pl\/index.php\/wp-json\/wp\/v2\/product"}],"about":[{"href":"http:\/\/klubmamgdynia.pl\/index.php\/wp-json\/wp\/v2\/types\/product"}],"replies":[{"embeddable":true,"href":"http:\/\/klubmamgdynia.pl\/index.php\/wp-json\/wp\/v2\/comments?post=4965"}],"wp:featuredmedia":[{"embeddable":true,"href":"http:\/\/klubmamgdynia.pl\/index.php\/wp-json\/wp\/v2\/media\/4966"}],"wp:attachment":[{"href":"http:\/\/klubmamgdynia.pl\/index.php\/wp-json\/wp\/v2\/media?parent=4965"}],"wp:term":[{"taxonomy":"product_cat","embeddable":true,"href":"http:\/\/klubmamgdynia.pl\/index.php\/wp-json\/wp\/v2\/product_cat?post=4965"},{"taxonomy":"product_tag","embeddable":true,"href":"http:\/\/klubmamgdynia.pl\/index.php\/wp-json\/wp\/v2\/product_tag?post=4965"}],"curies":[{"name":"wp","href":"https:\/\/api.w.org\/{rel}","templated":true}]}}