{"id":4969,"date":"2013-06-24T22:00:49","date_gmt":"2013-06-24T20:00:49","guid":{"rendered":"http:\/\/klubmamgdynia.pl\/index.php\/produkt\/meble-magnat-szafa-sosnowa-01-80-182-ameko-bialy-i-blekitny\/"},"modified":"2026-04-04T01:31:07","modified_gmt":"2026-04-03T23:31:07","slug":"meble-magnat-szafa-sosnowa-01-80-182-ameko-bialy-i-blekitny","status":"publish","type":"product","link":"http:\/\/klubmamgdynia.pl\/index.php\/produkt\/meble-magnat-szafa-sosnowa-01-80-182-ameko-bialy-i-blekitny\/","title":{"rendered":"Meble Magnat Szafa sosnowa 01 80\/182 Ameko (Bia\u0142y i b\u0142\u0119kitny)"},"content":{"rendered":"<p>Kolekcja mebli dzieci\u0119cych Ameko zapewnia bezpieczne \u015brodowisko dla najm\u0142odszych u\u017cytkownik\u00f3w. Meble s\u0105 lakierowane w kolorze bia\u0142ym z dost\u0119pnymi kolorami wyko\u0144cze\u0144.Szafa 01 80\/182 dzi\u0119ki wykorzystaniu w procesie produkcyjnym materia\u0142\u00f3w z drewna sosnowego, posiada bardzo wytrzyma\u0142\u0105 i stabiln\u0105 konstrukcj\u0119. Uk\u0142ad wn\u0119trza szafy pozwala utrzyma\u0107 porz\u0105dek podczas przechowywania przedmiot\u00f3w. Tradycyjne wyko\u0144czenie sprawia, \u017ce szafa idealnie wsp\u00f3\u0142gra zar\u00f3wno z klasycznym jak i nowoczesnym wystrojem. Zastosowanie naturalnego surowca pomog\u0142o nam po\u0142\u0105czy\u0107 ze sob\u0105 elegancj\u0119 z funkcjonalno\u015bci\u0105.Mebel wykonany jest poprzez wykorzystanie najlepszego gatunku drewna sosnowego i potr\u00f3jne malowanie lakierami ekologicznymi. Jako nieliczni u\u017cywamy do produkcji lakiery, posiadaj\u0105ce atest Pa\u0144stwowego Zak\u0142adu Higieny. Lakiery u\u017cyte przez nas maj\u0105 mo\u017cliwo\u015b\u0107 stosowania na przedmioty, z kt\u00f3rymi kontakt b\u0119d\u0105 mia\u0142y dzieci (zgodno\u015b\u0107 z norm\u0105 DIN EN 71, cz. 3).Produkt dostarczany jest w paczkach do samodzielnego monta\u017cu.<\/p>\n<h2>Meble Magnat Szafa sosnowa 01 80\/182 Ameko (Bia\u0142y i b\u0142\u0119kitny) <\/h2>\n<p>upominek dla nastolatk\u00f3w, kolorowanki do druku super zings, dymitr, cicha noc po angielsku tekst, piesek kolorowanka, zagadki o zawodach, kolorowanki dla dziewczyn, karty pracy dla dzieci z ukrainy, wierszyki na smigus dyngus<\/p>\n<p>yyyyy<\/p>\n<p>&nbsp;<\/p>\n","protected":false},"excerpt":{"rendered":"<p>Kolekcja mebli dzieci\u0119cych Ameko zapewnia bezpieczne \u015brodowisko dla najm\u0142odszych u\u017cytkownik\u00f3w. Meble s\u0105 lakierowane w kolorze bia\u0142ym z dost\u0119pnymi kolorami wyko\u0144cze\u0144.Szafa 01 80\/182 dzi\u0119ki wykorzystaniu w procesie produkcyjnym materia\u0142\u00f3w z drewna sosnowego, posiada bardzo wytrzyma\u0142\u0105 i stabiln\u0105 konstrukcj\u0119. Uk\u0142ad wn\u0119trza szafy pozwala utrzyma\u0107 porz\u0105dek podczas przechowywania przedmiot\u00f3w. Tradycyjne wyko\u0144czenie sprawia, \u017ce szafa idealnie wsp\u00f3\u0142gra zar\u00f3wno z [&hellip;]<\/p>\n","protected":false},"featured_media":4970,"comment_status":"closed","ping_status":"open","template":"","meta":[],"product_cat":[1010],"product_tag":[839,667,726,782],"class_list":["post-4969","product","type-product","status-publish","has-post-thumbnail","hentry","product_cat-szafy-dzieciece","product_tag-bajki-na-dobranoc-do-czytania","product_tag-kolorowanka-lol","product_tag-quiz-zemsta","product_tag-zagadki-dla-dzieci-z-odpowiedziami"],"_links":{"self":[{"href":"http:\/\/klubmamgdynia.pl\/index.php\/wp-json\/wp\/v2\/product\/4969","targetHints":{"allow":["GET"]}}],"collection":[{"href":"http:\/\/klubmamgdynia.pl\/index.php\/wp-json\/wp\/v2\/product"}],"about":[{"href":"http:\/\/klubmamgdynia.pl\/index.php\/wp-json\/wp\/v2\/types\/product"}],"replies":[{"embeddable":true,"href":"http:\/\/klubmamgdynia.pl\/index.php\/wp-json\/wp\/v2\/comments?post=4969"}],"wp:featuredmedia":[{"embeddable":true,"href":"http:\/\/klubmamgdynia.pl\/index.php\/wp-json\/wp\/v2\/media\/4970"}],"wp:attachment":[{"href":"http:\/\/klubmamgdynia.pl\/index.php\/wp-json\/wp\/v2\/media?parent=4969"}],"wp:term":[{"taxonomy":"product_cat","embeddable":true,"href":"http:\/\/klubmamgdynia.pl\/index.php\/wp-json\/wp\/v2\/product_cat?post=4969"},{"taxonomy":"product_tag","embeddable":true,"href":"http:\/\/klubmamgdynia.pl\/index.php\/wp-json\/wp\/v2\/product_tag?post=4969"}],"curies":[{"name":"wp","href":"https:\/\/api.w.org\/{rel}","templated":true}]}}