{"id":4971,"date":"2011-11-29T05:41:43","date_gmt":"2011-11-29T04:41:43","guid":{"rendered":"http:\/\/klubmamgdynia.pl\/index.php\/produkt\/maileg-metalowe-wiaderko-z-mopem\/"},"modified":"2026-04-08T22:05:09","modified_gmt":"2026-04-08T20:05:09","slug":"maileg-metalowe-wiaderko-z-mopem","status":"publish","type":"product","link":"http:\/\/klubmamgdynia.pl\/index.php\/produkt\/maileg-metalowe-wiaderko-z-mopem\/","title":{"rendered":"Maileg Metalowe Wiaderko Z Mopem"},"content":{"rendered":"<p>MAILEG Mi\u0119towe, metalowe wiaderko z mopem<\/p>\n<h2>Maileg Metalowe Wiaderko Z Mopem Maileg<\/h2>\n<p>quiz flagi, markowa, karty pracy dla dzieci z ukrainy, milan znaczenie imienia, quiz flagi europy, cytat dziecko, kolorowanki harry potter, kolorowanka ze zdj\u0119cia, li\u015bcie jesienne szablon, imie lilianna, sta\u0142a pod \u015bniegiem, zabawki na roczek, miko\u0142ajek quiz, mia, piosenka dla taty przedszkole, alan imie<\/p>\n<p>yyyyy<\/p>\n<p>&nbsp;<\/p>\n","protected":false},"excerpt":{"rendered":"<p>MAILEG Mi\u0119towe, metalowe wiaderko z mopem Maileg Metalowe Wiaderko Z Mopem Maileg quiz flagi, markowa, karty pracy dla dzieci z ukrainy, milan znaczenie imienia, quiz flagi europy, cytat dziecko, kolorowanki harry potter, kolorowanka ze zdj\u0119cia, li\u015bcie jesienne szablon, imie lilianna, sta\u0142a pod \u015bniegiem, zabawki na roczek, miko\u0142ajek quiz, mia, piosenka dla taty przedszkole, alan imie [&hellip;]<\/p>\n","protected":false},"featured_media":4972,"comment_status":"closed","ping_status":"open","template":"","meta":[],"product_cat":[172,947],"product_tag":[658,680,630,725],"class_list":["post-4971","product","type-product","status-publish","has-post-thumbnail","hentry","product_cat-akcesoria-dla-lalek","product_cat-maileg","product_tag-alan-znaczenie-imienia","product_tag-cytaty-z-malego-ksiecia","product_tag-podchwytliwe-zagadki-z-odpowiedziami","product_tag-zgadywanki"],"_links":{"self":[{"href":"http:\/\/klubmamgdynia.pl\/index.php\/wp-json\/wp\/v2\/product\/4971","targetHints":{"allow":["GET"]}}],"collection":[{"href":"http:\/\/klubmamgdynia.pl\/index.php\/wp-json\/wp\/v2\/product"}],"about":[{"href":"http:\/\/klubmamgdynia.pl\/index.php\/wp-json\/wp\/v2\/types\/product"}],"replies":[{"embeddable":true,"href":"http:\/\/klubmamgdynia.pl\/index.php\/wp-json\/wp\/v2\/comments?post=4971"}],"wp:featuredmedia":[{"embeddable":true,"href":"http:\/\/klubmamgdynia.pl\/index.php\/wp-json\/wp\/v2\/media\/4972"}],"wp:attachment":[{"href":"http:\/\/klubmamgdynia.pl\/index.php\/wp-json\/wp\/v2\/media?parent=4971"}],"wp:term":[{"taxonomy":"product_cat","embeddable":true,"href":"http:\/\/klubmamgdynia.pl\/index.php\/wp-json\/wp\/v2\/product_cat?post=4971"},{"taxonomy":"product_tag","embeddable":true,"href":"http:\/\/klubmamgdynia.pl\/index.php\/wp-json\/wp\/v2\/product_tag?post=4971"}],"curies":[{"name":"wp","href":"https:\/\/api.w.org\/{rel}","templated":true}]}}