{"id":4973,"date":"2019-09-18T03:47:32","date_gmt":"2019-09-18T01:47:32","guid":{"rendered":"http:\/\/klubmamgdynia.pl\/index.php\/produkt\/media-rodzina-pixi-ja-wiem-kolej-53994\/"},"modified":"2026-04-28T20:24:00","modified_gmt":"2026-04-28T18:24:00","slug":"media-rodzina-pixi-ja-wiem-kolej-53994","status":"publish","type":"product","link":"http:\/\/klubmamgdynia.pl\/index.php\/produkt\/media-rodzina-pixi-ja-wiem-kolej-53994\/","title":{"rendered":"Media Rodzina Pixi Ja wiem! &#8211; Kolej (53994)"},"content":{"rendered":"<p>Kolej spowodowa\u0142a wielkie zmiany wpodr\u00f3\u017cowaniu ludzi &#8211; umo\u017cliwi\u0142a szybkie przemieszczanie si\u0119 na du\u017ce odleg\u0142o\u015bci. Je\u015bli chcesz si\u0119 dowiedzie\u0107, czym jest parow\u00f3z oraz jak to si\u0119 dzieje, \u017ce maszynista wybiera zawsze w\u0142a\u015bciwy tor, koniecznie zajrzyj do tej ksi\u0105\u017cki!Pixi Ja wiem! to seria skierowana do dzieci nieco starszych, kt\u00f3re rozpoczynaj\u0105 poznawanie \u015bwiata, wszystko je ciekawi, dociekliwie zadaj\u0105 pytania ichc\u0105 wiedzie\u0107 wi\u0119cej. To pierwsze \u017ar\u00f3d\u0142o wiedzy podanej w bardzo ciekawy iprzyst\u0119pny spos\u00f3b. Wystarczy spojrze\u0107 na przyk\u0142adowe tematy: dinozaury, pogoda, planety igwiazdy, samoloty, morze, kolej, psy iwilki, pi\u0142ka no\u017cna.Ka\u017cda ksi\u0105\u017cka przynosi kr\u00f3tkie informacje, podzielone na r\u00f3\u017cne zagadnienia. Jest quiz is\u0105 zadawane przez Pixi zagadki dotycz\u0105ce wiedzy zdobytej w trakcie lektury. A wszystko to bogato inowocze\u015bnie ilustrowane. Ksi\u0105\u017ceczki ztej serii, sprawdzone przez fachowc\u00f3w zdanej dziedziny ipedagog\u00f3w, s\u0105 te\u017c zach\u0119t\u0105 do pog\u0142\u0119biania wiedzyEAN: 9788372784704<\/p>\n<h2>Media Rodzina Pixi Ja wiem! &#8211; Kolej (53994) Media Rodzina<\/h2>\n<p>psi patrol kolorowanka, pierwszy obudzi\u0142 si\u0119 pierwiosnek tekst, \u0142\u00f3d\u017a atrakcje dla dzieci, cytaty motywacyjne dla dzieci, przyja\u017a\u0144 cytaty, prezenty dla nastolatka, labirynt dla dzieci, opisy o rodzinie, bajka dla niemowlaka, jak narysowa\u0107 anio\u0142ka, zagadki o wiosnie, quiz bo\u017ce narodzenie, maska kota, zagadki co to jest, prezent dla roczniaka, quiz o miko\u0142ajku, kr\u00f3tkie cytaty o mamie, prezent na urodziny dla nastolatk\u00f3w<\/p>\n<p>yyyyy<\/p>\n<p>&nbsp;<\/p>\n","protected":false},"excerpt":{"rendered":"<p>Kolej spowodowa\u0142a wielkie zmiany wpodr\u00f3\u017cowaniu ludzi &#8211; umo\u017cliwi\u0142a szybkie przemieszczanie si\u0119 na du\u017ce odleg\u0142o\u015bci. Je\u015bli chcesz si\u0119 dowiedzie\u0107, czym jest parow\u00f3z oraz jak to si\u0119 dzieje, \u017ce maszynista wybiera zawsze w\u0142a\u015bciwy tor, koniecznie zajrzyj do tej ksi\u0105\u017cki!Pixi Ja wiem! to seria skierowana do dzieci nieco starszych, kt\u00f3re rozpoczynaj\u0105 poznawanie \u015bwiata, wszystko je ciekawi, dociekliwie zadaj\u0105 [&hellip;]<\/p>\n","protected":false},"featured_media":4974,"comment_status":"closed","ping_status":"open","template":"","meta":[],"product_cat":[1285,325],"product_tag":[817,833,859,876,586],"class_list":["post-4973","product","type-product","status-publish","has-post-thumbnail","hentry","product_cat-media-rodzina","product_cat-szkolne-artykuly-papiernicze","product_tag-bajka-terapeutyczna-o-emocjach","product_tag-bajki-dla-dzieci-do-czytania","product_tag-dobranoc-pchly-na-noc","product_tag-przyjazn","product_tag-smieszne-zagadki"],"_links":{"self":[{"href":"http:\/\/klubmamgdynia.pl\/index.php\/wp-json\/wp\/v2\/product\/4973","targetHints":{"allow":["GET"]}}],"collection":[{"href":"http:\/\/klubmamgdynia.pl\/index.php\/wp-json\/wp\/v2\/product"}],"about":[{"href":"http:\/\/klubmamgdynia.pl\/index.php\/wp-json\/wp\/v2\/types\/product"}],"replies":[{"embeddable":true,"href":"http:\/\/klubmamgdynia.pl\/index.php\/wp-json\/wp\/v2\/comments?post=4973"}],"wp:featuredmedia":[{"embeddable":true,"href":"http:\/\/klubmamgdynia.pl\/index.php\/wp-json\/wp\/v2\/media\/4974"}],"wp:attachment":[{"href":"http:\/\/klubmamgdynia.pl\/index.php\/wp-json\/wp\/v2\/media?parent=4973"}],"wp:term":[{"taxonomy":"product_cat","embeddable":true,"href":"http:\/\/klubmamgdynia.pl\/index.php\/wp-json\/wp\/v2\/product_cat?post=4973"},{"taxonomy":"product_tag","embeddable":true,"href":"http:\/\/klubmamgdynia.pl\/index.php\/wp-json\/wp\/v2\/product_tag?post=4973"}],"curies":[{"name":"wp","href":"https:\/\/api.w.org\/{rel}","templated":true}]}}