{"id":4977,"date":"2022-08-25T21:15:50","date_gmt":"2022-08-25T19:15:50","guid":{"rendered":"http:\/\/klubmamgdynia.pl\/index.php\/produkt\/maileg-wozek-wagon-micro-dusty-red\/"},"modified":"2026-05-17T22:33:45","modified_gmt":"2026-05-17T20:33:45","slug":"maileg-wozek-wagon-micro-dusty-red","status":"publish","type":"product","link":"http:\/\/klubmamgdynia.pl\/index.php\/produkt\/maileg-wozek-wagon-micro-dusty-red\/","title":{"rendered":"Maileg W\u00f3zek Wagon Micro Dusty Red"},"content":{"rendered":"<p>W\u00f3zek &#8211; Wagon, Micro &#8211; Dusty redMa\u0142y drewniany w\u00f3zek Maileg przyda si\u0119 zawsze.Mo\u017ce s\u0142u\u017cy\u0107 do przewo\u017cenia ma\u0142ych kr\u00f3liczk\u00f3w i myszek, do przewo\u017cenia ubranek, czy zakup\u00f3w ze sklepu.W\u00f3zek jest w kolorze czerwonym.Wymiary: d\u0142 11cm x wys 7 cm x szer 8,5cm<\/p>\n<h2>Maileg W\u00f3zek Wagon Micro Dusty Red Maileg<\/h2>\n<p>filmy animowane o \u015bwi\u0119tach, prezenty na 1 roczek, kawa\u0142y na prima aprilis dla rodzic\u00f3w, szybkie zagadki matematyczne, piosenka kiedy babcia by\u0142a ma\u0142a tekst, quiz o bajkach, film rodzinny o \u015bwi\u0119tach, \u017carty na prima aprilis w domu, hymn g\u00f3rniczy, atrakcje dla dzieci warszawa<\/p>\n<p>yyyyy<\/p>\n<p>&nbsp;<\/p>\n","protected":false},"excerpt":{"rendered":"<p>W\u00f3zek &#8211; Wagon, Micro &#8211; Dusty redMa\u0142y drewniany w\u00f3zek Maileg przyda si\u0119 zawsze.Mo\u017ce s\u0142u\u017cy\u0107 do przewo\u017cenia ma\u0142ych kr\u00f3liczk\u00f3w i myszek, do przewo\u017cenia ubranek, czy zakup\u00f3w ze sklepu.W\u00f3zek jest w kolorze czerwonym.Wymiary: d\u0142 11cm x wys 7 cm x szer 8,5cm Maileg W\u00f3zek Wagon Micro Dusty Red Maileg filmy animowane o \u015bwi\u0119tach, prezenty na 1 roczek, [&hellip;]<\/p>\n","protected":false},"featured_media":4978,"comment_status":"closed","ping_status":"open","template":"","meta":[],"product_cat":[947,1098],"product_tag":[819,861,724,873],"class_list":["post-4977","product","type-product","status-publish","has-post-thumbnail","hentry","product_cat-maileg","product_cat-wozki-dla-lalek","product_tag-co-kupic-nastolatce-na-swieta","product_tag-jak-narysowac-psa","product_tag-zagadki-podchwytliwe","product_tag-zagadki-z-odpowiedziami-dla-dzieci"],"_links":{"self":[{"href":"http:\/\/klubmamgdynia.pl\/index.php\/wp-json\/wp\/v2\/product\/4977","targetHints":{"allow":["GET"]}}],"collection":[{"href":"http:\/\/klubmamgdynia.pl\/index.php\/wp-json\/wp\/v2\/product"}],"about":[{"href":"http:\/\/klubmamgdynia.pl\/index.php\/wp-json\/wp\/v2\/types\/product"}],"replies":[{"embeddable":true,"href":"http:\/\/klubmamgdynia.pl\/index.php\/wp-json\/wp\/v2\/comments?post=4977"}],"wp:featuredmedia":[{"embeddable":true,"href":"http:\/\/klubmamgdynia.pl\/index.php\/wp-json\/wp\/v2\/media\/4978"}],"wp:attachment":[{"href":"http:\/\/klubmamgdynia.pl\/index.php\/wp-json\/wp\/v2\/media?parent=4977"}],"wp:term":[{"taxonomy":"product_cat","embeddable":true,"href":"http:\/\/klubmamgdynia.pl\/index.php\/wp-json\/wp\/v2\/product_cat?post=4977"},{"taxonomy":"product_tag","embeddable":true,"href":"http:\/\/klubmamgdynia.pl\/index.php\/wp-json\/wp\/v2\/product_tag?post=4977"}],"curies":[{"name":"wp","href":"https:\/\/api.w.org\/{rel}","templated":true}]}}