{"id":4979,"date":"2020-10-07T21:30:24","date_gmt":"2020-10-07T19:30:24","guid":{"rendered":"http:\/\/klubmamgdynia.pl\/index.php\/produkt\/sluban-klocki-policja-poscig-106el\/"},"modified":"2026-04-05T00:08:15","modified_gmt":"2026-04-04T22:08:15","slug":"sluban-klocki-policja-poscig-106el","status":"publish","type":"product","link":"http:\/\/klubmamgdynia.pl\/index.php\/produkt\/sluban-klocki-policja-poscig-106el\/","title":{"rendered":"Sluban Klocki Policja Po\u015bcig 106El."},"content":{"rendered":"<p>KLOCKI KONSTRUKCYJNE POLICJA \u015aLUBAN M38-B0650 &#8211; Gazelo<\/p>\n<h2>Sluban Klocki Policja Po\u015bcig 106El. Sluban<\/h2>\n<p>narodziny dziecka cytat, estera, kiedy dzieci chodz\u0105 na halloween, cytat o przyja\u017ani, wiersz o g\u00f3rniku, sentencja rodzina, park so\u0142acki, sky kolorowanka, kolorowanka peppa, \u0142amig\u0142\u00f3wki dla dzieci do druku, bajka na dobranoc do czytania, jak narysowa\u0107 kr\u00f3lika, ko\u0142ysanki dla dzieci tekst<\/p>\n<p>yyyyy<\/p>\n<p>&nbsp;<\/p>\n","protected":false},"excerpt":{"rendered":"<p>KLOCKI KONSTRUKCYJNE POLICJA \u015aLUBAN M38-B0650 &#8211; Gazelo Sluban Klocki Policja Po\u015bcig 106El. Sluban narodziny dziecka cytat, estera, kiedy dzieci chodz\u0105 na halloween, cytat o przyja\u017ani, wiersz o g\u00f3rniku, sentencja rodzina, park so\u0142acki, sky kolorowanka, kolorowanka peppa, \u0142amig\u0142\u00f3wki dla dzieci do druku, bajka na dobranoc do czytania, jak narysowa\u0107 kr\u00f3lika, ko\u0142ysanki dla dzieci tekst yyyyy &nbsp;<\/p>\n","protected":false},"featured_media":4980,"comment_status":"closed","ping_status":"open","template":"","meta":[],"product_cat":[113,513],"product_tag":[863,624,841,799,608],"class_list":["post-4979","product","type-product","status-publish","has-post-thumbnail","hentry","product_cat-klocki","product_cat-sluban","product_tag-bajki-dla-dziewczynek","product_tag-krotkie-zagadki","product_tag-quiz-o-flagach","product_tag-zagadka-logiczna","product_tag-zagadki-i-odpowiedzi"],"_links":{"self":[{"href":"http:\/\/klubmamgdynia.pl\/index.php\/wp-json\/wp\/v2\/product\/4979","targetHints":{"allow":["GET"]}}],"collection":[{"href":"http:\/\/klubmamgdynia.pl\/index.php\/wp-json\/wp\/v2\/product"}],"about":[{"href":"http:\/\/klubmamgdynia.pl\/index.php\/wp-json\/wp\/v2\/types\/product"}],"replies":[{"embeddable":true,"href":"http:\/\/klubmamgdynia.pl\/index.php\/wp-json\/wp\/v2\/comments?post=4979"}],"wp:featuredmedia":[{"embeddable":true,"href":"http:\/\/klubmamgdynia.pl\/index.php\/wp-json\/wp\/v2\/media\/4980"}],"wp:attachment":[{"href":"http:\/\/klubmamgdynia.pl\/index.php\/wp-json\/wp\/v2\/media?parent=4979"}],"wp:term":[{"taxonomy":"product_cat","embeddable":true,"href":"http:\/\/klubmamgdynia.pl\/index.php\/wp-json\/wp\/v2\/product_cat?post=4979"},{"taxonomy":"product_tag","embeddable":true,"href":"http:\/\/klubmamgdynia.pl\/index.php\/wp-json\/wp\/v2\/product_tag?post=4979"}],"curies":[{"name":"wp","href":"https:\/\/api.w.org\/{rel}","templated":true}]}}