{"id":4983,"date":"2022-07-29T16:13:01","date_gmt":"2022-07-29T14:13:01","guid":{"rendered":"http:\/\/klubmamgdynia.pl\/index.php\/produkt\/pisaki-kidea-trojkatne-jumbo-12-kolorow\/"},"modified":"2026-05-17T22:06:00","modified_gmt":"2026-05-17T20:06:00","slug":"pisaki-kidea-trojkatne-jumbo-12-kolorow","status":"publish","type":"product","link":"http:\/\/klubmamgdynia.pl\/index.php\/produkt\/pisaki-kidea-trojkatne-jumbo-12-kolorow\/","title":{"rendered":"Pisaki Kidea Tr\u00f3jk\u0105tne Jumbo 12 Kolor\u00f3w"},"content":{"rendered":"<p>Pisaki jumbo o tr\u00f3jk\u0105tnym kszta\u0142cie idealnie pasuj\u0105 do r\u0105czki ma\u0142ego artysty. Intensywne kolory i dobre krycie gwarantuj\u0105 efektowny wygl\u0105d rysunku. Wyst\u0119puj\u0105 w wygodnym etui zapinanym na klips.Autor: Data premiery: 2019-07-24Strony: Rodzaj: Artyku\u0142y papierniczeOk\u0142adka: Format: 152x160x12&#8230;<\/p>\n<h2>Pisaki Kidea Tr\u00f3jk\u0105tne Jumbo 12 Kolor\u00f3w <\/h2>\n<p>zagadki o zwierz\u0119tach, \u015bmieszne \u0142ama\u0144ce j\u0119zykowe, cytat z kubusia puchatka o mi\u0142o\u015bci, jacek, kartka walentynkowa zrobiona przez dzieci, miko\u0142ajki dla dzieci warszawa 2021, m\u0105dre \u017cyczenia \u015bwi\u0105teczne, podchwytliwe zagadki dla doros\u0142ych, kolorowanki pokemon do druku, prezent dla 7 letniej dziewczynki, bajki do czytania dla ch\u0142opc\u00f3w, traktory do druku, rymowanki o pisankach, urodziny dziecka pomys\u0142y, lektura asiunia &#8211; test, kr\u00f3tkie zagadki dla dzieci, pa\u0144stwa europy i ich stolice quiz, prezenty dla rocznego dziecka<\/p>\n<p>yyyyy<\/p>\n<p>&nbsp;<\/p>\n","protected":false},"excerpt":{"rendered":"<p>Pisaki jumbo o tr\u00f3jk\u0105tnym kszta\u0142cie idealnie pasuj\u0105 do r\u0105czki ma\u0142ego artysty. Intensywne kolory i dobre krycie gwarantuj\u0105 efektowny wygl\u0105d rysunku. Wyst\u0119puj\u0105 w wygodnym etui zapinanym na klips.Autor: Data premiery: 2019-07-24Strony: Rodzaj: Artyku\u0142y papierniczeOk\u0142adka: Format: 152x160x12&#8230; Pisaki Kidea Tr\u00f3jk\u0105tne Jumbo 12 Kolor\u00f3w zagadki o zwierz\u0119tach, \u015bmieszne \u0142ama\u0144ce j\u0119zykowe, cytat z kubusia puchatka o mi\u0142o\u015bci, jacek, kartka [&hellip;]<\/p>\n","protected":false},"featured_media":4984,"comment_status":"closed","ping_status":"open","template":"","meta":[],"product_cat":[297],"product_tag":[761,808,646,710],"class_list":["post-4983","product","type-product","status-publish","has-post-thumbnail","hentry","product_cat-szkolne-artykuly-plastyczne","product_tag-choinko-piekna-jak-las-tekst","product_tag-imie-mia","product_tag-prezent-na-pierwsze-urodziny","product_tag-zagadki-dla-dzieci-10-12-lat"],"_links":{"self":[{"href":"http:\/\/klubmamgdynia.pl\/index.php\/wp-json\/wp\/v2\/product\/4983","targetHints":{"allow":["GET"]}}],"collection":[{"href":"http:\/\/klubmamgdynia.pl\/index.php\/wp-json\/wp\/v2\/product"}],"about":[{"href":"http:\/\/klubmamgdynia.pl\/index.php\/wp-json\/wp\/v2\/types\/product"}],"replies":[{"embeddable":true,"href":"http:\/\/klubmamgdynia.pl\/index.php\/wp-json\/wp\/v2\/comments?post=4983"}],"wp:featuredmedia":[{"embeddable":true,"href":"http:\/\/klubmamgdynia.pl\/index.php\/wp-json\/wp\/v2\/media\/4984"}],"wp:attachment":[{"href":"http:\/\/klubmamgdynia.pl\/index.php\/wp-json\/wp\/v2\/media?parent=4983"}],"wp:term":[{"taxonomy":"product_cat","embeddable":true,"href":"http:\/\/klubmamgdynia.pl\/index.php\/wp-json\/wp\/v2\/product_cat?post=4983"},{"taxonomy":"product_tag","embeddable":true,"href":"http:\/\/klubmamgdynia.pl\/index.php\/wp-json\/wp\/v2\/product_tag?post=4983"}],"curies":[{"name":"wp","href":"https:\/\/api.w.org\/{rel}","templated":true}]}}